{"id":9645,"date":"2020-08-05T20:45:20","date_gmt":"2020-08-05T20:45:20","guid":{"rendered":"http:\/\/www.umorlagurahumorului.ro\/?page_id=9645"},"modified":"2020-08-09T15:42:05","modified_gmt":"2020-08-09T15:42:05","slug":"editia-30-2020","status":"publish","type":"page","link":"https:\/\/www.umorlagurahumorului.ro\/en\/editii\/editia-30-2020\/","title":{"rendered":"Editia 30 &#8211; 2020"},"content":{"rendered":"<div class=\"su-tabs su-tabs-style-default su-tabs-mobile-scroll\" data-active=\"1\" data-scroll-offset=\"0\" data-anchor-in-url=\"no\"><div class=\"su-tabs-nav\"><span class=\"\" data-url=\"\" data-target=\"blank\" tabindex=\"0\" role=\"button\">Prezentare<\/span><span class=\"\" data-url=\"\" data-target=\"blank\" tabindex=\"0\" role=\"button\">Organizatori<\/span><span class=\"\" data-url=\"\" data-target=\"blank\" tabindex=\"0\" role=\"button\">Retrospectiva Umor 30<\/span><span class=\"\" data-url=\"\" data-target=\"blank\" tabindex=\"0\" role=\"button\">Spot TV<\/span><span class=\"\" data-url=\"\" data-target=\"blank\" tabindex=\"0\" role=\"button\">Galerie foto<\/span><\/div><div class=\"su-tabs-panes\"><div class=\"su-tabs-pane su-u-clearfix su-u-trim\" data-title=\"Prezentare\">\n<div class=\"su-spacer\" style=\"height:20px\"><\/div>\n<div data-post-id=\"9648\" class=\"insert-page insert-page-9648 \"><p>Avem pl\u0103cerea \u0219i bucuria de a v\u0103 anun\u021ba lansarea celei de-a 30-a edi\u021bii a <strong>Festivalului Interna\u021bional de Grafic\u01ce Satiric\u01ce \u0219i Literatur\u01ce Umoristic\u01ce &#8220;Umor la\u2026 Gura Humorului&#8221;<\/strong>, ce va avea loc \u00een perioada <strong>27 iulie \u2013 02 august 2020<\/strong>.<\/p>\n<p>3\u263a de edi\u021bii ce ne-au f\u0103cut s\u0103 fim unul dintre cele mai longevive festivaluri de umor din Rom\u00e2nia, este un record, o reu\u0219it\u0103 cu care ne m\u00e2ndrim prin organizarea unei edi\u021bii aparte.<\/p>\n<p>O edi\u021bie in care nu vom avea un festival-concurs, \u00eens\u0103 vom scoate \u00een eviden\u021b\u0103 toat\u0103 aceast\u0103 istorie a noastr\u0103 prin expunerea tuturor lucr\u0103rilor c\u00e2\u0219tig\u0103toare din cele 29 de edi\u021bii. Totodat\u0103, ne vom bucura de expozi\u021bii \u0219i diverse activit\u0103\u021bi \u00een aer liber care vor aduce acest festival mai aproape de oameni.<\/p>\n<h4>Afisele Festivalului:<\/h4>\n\n\t\t<style type=\"text\/css\">\n\t\t\t#gallery-2 {\n\t\t\t\tmargin: auto;\n\t\t\t}\n\t\t\t#gallery-2 .gallery-item {\n\t\t\t\tfloat: left;\n\t\t\t\tmargin-top: 10px;\n\t\t\t\ttext-align: center;\n\t\t\t\twidth: 50%;\n\t\t\t}\n\t\t\t#gallery-2 img {\n\t\t\t\tborder: 2px solid #cfcfcf;\n\t\t\t}\n\t\t\t#gallery-2 .gallery-caption {\n\t\t\t\tmargin-left: 0;\n\t\t\t}\n\t\t\t\/* see gallery_shortcode() in wp-includes\/media.php *\/\n\t\t<\/style>\n\t\t<div id='gallery-2' class='gallery galleryid-9645 gallery-columns-2 gallery-size-medium'><dl class='gallery-item'>\n\t\t\t<dt class='gallery-icon portrait'>\n\t\t\t\t<a href='https:\/\/www.umorlagurahumorului.ro\/wp-content\/uploads\/2020\/08\/afis_umor_30.jpeg'><img loading=\"lazy\" decoding=\"async\" width=\"212\" height=\"300\" src=\"https:\/\/www.umorlagurahumorului.ro\/wp-content\/uploads\/2020\/08\/afis_umor_30-212x300.jpeg\" class=\"attachment-medium size-medium\" alt=\"\" srcset=\"https:\/\/www.umorlagurahumorului.ro\/wp-content\/uploads\/2020\/08\/afis_umor_30-212x300.jpeg 212w, https:\/\/www.umorlagurahumorului.ro\/wp-content\/uploads\/2020\/08\/afis_umor_30-724x1024.jpeg 724w, https:\/\/www.umorlagurahumorului.ro\/wp-content\/uploads\/2020\/08\/afis_umor_30-768x1086.jpeg 768w, https:\/\/www.umorlagurahumorului.ro\/wp-content\/uploads\/2020\/08\/afis_umor_30-1086x1536.jpeg 1086w, https:\/\/www.umorlagurahumorului.ro\/wp-content\/uploads\/2020\/08\/afis_umor_30-400x566.jpeg 400w, https:\/\/www.umorlagurahumorului.ro\/wp-content\/uploads\/2020\/08\/afis_umor_30.jpeg 1131w\" sizes=\"auto, (max-width: 212px) 100vw, 212px\" \/><\/a>\n\t\t\t<\/dt><\/dl><dl class='gallery-item'>\n\t\t\t<dt class='gallery-icon portrait'>\n\t\t\t\t<a href='https:\/\/www.umorlagurahumorului.ro\/wp-content\/uploads\/2020\/08\/afis_umor_30_bufnita.jpeg'><img loading=\"lazy\" decoding=\"async\" width=\"206\" height=\"300\" src=\"https:\/\/www.umorlagurahumorului.ro\/wp-content\/uploads\/2020\/08\/afis_umor_30_bufnita-206x300.jpeg\" class=\"attachment-medium size-medium\" alt=\"\" srcset=\"https:\/\/www.umorlagurahumorului.ro\/wp-content\/uploads\/2020\/08\/afis_umor_30_bufnita-206x300.jpeg 206w, https:\/\/www.umorlagurahumorului.ro\/wp-content\/uploads\/2020\/08\/afis_umor_30_bufnita-400x581.jpeg 400w, https:\/\/www.umorlagurahumorului.ro\/wp-content\/uploads\/2020\/08\/afis_umor_30_bufnita.jpeg 688w\" sizes=\"auto, (max-width: 206px) 100vw, 206px\" \/><\/a>\n\t\t\t<\/dt><\/dl><br style=\"clear: both\" \/><dl class='gallery-item'>\n\t\t\t<dt class='gallery-icon portrait'>\n\t\t\t\t<a href='https:\/\/www.umorlagurahumorului.ro\/wp-content\/uploads\/2020\/08\/afis_umor_30_gavrilean.jpeg'><img loading=\"lazy\" decoding=\"async\" width=\"206\" height=\"300\" src=\"https:\/\/www.umorlagurahumorului.ro\/wp-content\/uploads\/2020\/08\/afis_umor_30_gavrilean-206x300.jpeg\" class=\"attachment-medium size-medium\" alt=\"\" srcset=\"https:\/\/www.umorlagurahumorului.ro\/wp-content\/uploads\/2020\/08\/afis_umor_30_gavrilean-206x300.jpeg 206w, https:\/\/www.umorlagurahumorului.ro\/wp-content\/uploads\/2020\/08\/afis_umor_30_gavrilean-400x581.jpeg 400w, https:\/\/www.umorlagurahumorului.ro\/wp-content\/uploads\/2020\/08\/afis_umor_30_gavrilean.jpeg 688w\" sizes=\"auto, (max-width: 206px) 100vw, 206px\" \/><\/a>\n\t\t\t<\/dt><\/dl><dl class='gallery-item'>\n\t\t\t<dt class='gallery-icon portrait'>\n\t\t\t\t<a href='https:\/\/www.umorlagurahumorului.ro\/wp-content\/uploads\/2020\/08\/afis_umor_30_pandemie.jpeg'><img loading=\"lazy\" decoding=\"async\" width=\"206\" height=\"300\" src=\"https:\/\/www.umorlagurahumorului.ro\/wp-content\/uploads\/2020\/08\/afis_umor_30_pandemie-206x300.jpeg\" class=\"attachment-medium size-medium\" alt=\"\" srcset=\"https:\/\/www.umorlagurahumorului.ro\/wp-content\/uploads\/2020\/08\/afis_umor_30_pandemie-206x300.jpeg 206w, https:\/\/www.umorlagurahumorului.ro\/wp-content\/uploads\/2020\/08\/afis_umor_30_pandemie-400x581.jpeg 400w, https:\/\/www.umorlagurahumorului.ro\/wp-content\/uploads\/2020\/08\/afis_umor_30_pandemie.jpeg 688w\" sizes=\"auto, (max-width: 206px) 100vw, 206px\" \/><\/a>\n\t\t\t<\/dt><\/dl><br style=\"clear: both\" \/>\n\t\t<\/div>\n\n<\/div>\n<\/div>\n<div class=\"su-tabs-pane su-u-clearfix su-u-trim\" data-title=\"Organizatori\">\n<a href=\"http:\/\/www.umorlagurahumorului.ro\/wp-content\/uploads\/2020\/08\/Editia-30-Organizatori.jpg\"><img loading=\"lazy\" decoding=\"async\" class=\"aligncenter size-full wp-image-9713\" src=\"http:\/\/www.umorlagurahumorului.ro\/wp-content\/uploads\/2020\/08\/Editia-30-Organizatori.jpg\" alt=\"\" width=\"1020\" height=\"1277\" srcset=\"https:\/\/www.umorlagurahumorului.ro\/wp-content\/uploads\/2020\/08\/Editia-30-Organizatori.jpg 1020w, https:\/\/www.umorlagurahumorului.ro\/wp-content\/uploads\/2020\/08\/Editia-30-Organizatori-240x300.jpg 240w, https:\/\/www.umorlagurahumorului.ro\/wp-content\/uploads\/2020\/08\/Editia-30-Organizatori-818x1024.jpg 818w, https:\/\/www.umorlagurahumorului.ro\/wp-content\/uploads\/2020\/08\/Editia-30-Organizatori-768x962.jpg 768w, https:\/\/www.umorlagurahumorului.ro\/wp-content\/uploads\/2020\/08\/Editia-30-Organizatori-400x501.jpg 400w\" sizes=\"auto, (max-width: 1020px) 100vw, 1020px\" \/><\/a><br \/>\n<\/div>\n<div class=\"su-tabs-pane su-u-clearfix su-u-trim\" data-title=\"Retrospectiva Umor 30\">\nngg_shortcode_2_placeholder\n<\/div>\n<div class=\"su-tabs-pane su-u-clearfix su-u-trim\" data-title=\"Spot TV\">\n<iframe loading=\"lazy\" width=\"900\" height=\"530\" src=\"https:\/\/www.youtube.com\/embed\/7EIZHsAPQu4\" frameborder=\"0\" allow=\"accelerometer; autoplay; encrypted-media; gyroscope; picture-in-picture\" allowfullscreen><\/iframe><br \/>\n<\/div>\n<div class=\"su-tabs-pane su-u-clearfix su-u-trim\" data-title=\"Galerie foto\">\nngg_shortcode_3_placeholder\n<\/div><\/div><\/div>","protected":false},"excerpt":{"rendered":"","protected":false},"author":1,"featured_media":0,"parent":8062,"menu_order":0,"comment_status":"closed","ping_status":"closed","template":"","meta":{"ngg_post_thumbnail":0,"footnotes":""},"class_list":["post-9645","page","type-page","status-publish","hentry"],"yoast_head":"<!-- This site is optimized with the Yoast SEO plugin v25.9 - https:\/\/yoast.com\/wordpress\/plugins\/seo\/ -->\n<title>Editia 30 - 2020 - Humour at .... Gura Humorului<\/title>\n<meta name=\"robots\" content=\"index, follow, max-snippet:-1, max-image-preview:large, max-video-preview:-1\" \/>\n<link rel=\"canonical\" href=\"https:\/\/www.umorlagurahumorului.ro\/editii\/editia-30-2020\/\" \/>\n<meta property=\"og:locale\" content=\"en_US\" \/>\n<meta property=\"og:type\" content=\"article\" \/>\n<meta property=\"og:title\" content=\"Umor la Gura humorului - Editia 30 - 2020\" \/>\n<meta property=\"og:description\" content=\"3\u263a de edi\u021bii ce ne-au f\u0103cut s\u0103 fim unul dintre cele mai longevive festivaluri de umor din Rom\u00e2nia, este un record, o reu\u0219it\u0103 cu care ne m\u00e2ndrim prin organizarea unei edi\u021bii aparte.\" \/>\n<meta property=\"og:url\" content=\"https:\/\/www.umorlagurahumorului.ro\/editii\/editia-30-2020\/\" \/>\n<meta property=\"og:site_name\" content=\"Humour at .... Gura Humorului\" \/>\n<meta property=\"article:publisher\" content=\"https:\/\/www.facebook.com\/Umor-la-Gura-Humorului-Humour-at-Gura-Humorului-105184057924606\/\" \/>\n<meta property=\"article:modified_time\" content=\"2020-08-09T15:42:05+00:00\" \/>\n<meta property=\"og:image\" content=\"https:\/\/www.umorlagurahumorului.ro\/wp-content\/uploads\/2020\/08\/afis_umor_30.jpeg\" \/>\n\t<meta property=\"og:image:width\" content=\"1131\" \/>\n\t<meta property=\"og:image:height\" content=\"1600\" \/>\n\t<meta property=\"og:image:type\" content=\"image\/jpeg\" \/>\n<meta name=\"twitter:card\" content=\"summary_large_image\" \/>\n<meta name=\"twitter:label1\" content=\"Est. reading time\" \/>\n\t<meta name=\"twitter:data1\" content=\"1 minute\" \/>\n<script type=\"application\/ld+json\" class=\"yoast-schema-graph\">{\"@context\":\"https:\/\/schema.org\",\"@graph\":[{\"@type\":\"WebPage\",\"@id\":\"https:\/\/www.umorlagurahumorului.ro\/editii\/editia-30-2020\/\",\"url\":\"https:\/\/www.umorlagurahumorului.ro\/editii\/editia-30-2020\/\",\"name\":\"Editia 30 - 2020 - Humour at .... Gura Humorului\",\"isPartOf\":{\"@id\":\"https:\/\/www.umorlagurahumorului.ro\/#website\"},\"primaryImageOfPage\":{\"@id\":\"https:\/\/www.umorlagurahumorului.ro\/editii\/editia-30-2020\/#primaryimage\"},\"image\":{\"@id\":\"https:\/\/www.umorlagurahumorului.ro\/editii\/editia-30-2020\/#primaryimage\"},\"thumbnailUrl\":\"http:\/\/www.umorlagurahumorului.ro\/wp-content\/uploads\/2020\/08\/Editia-30-Organizatori.jpg\",\"datePublished\":\"2020-08-05T20:45:20+00:00\",\"dateModified\":\"2020-08-09T15:42:05+00:00\",\"breadcrumb\":{\"@id\":\"https:\/\/www.umorlagurahumorului.ro\/editii\/editia-30-2020\/#breadcrumb\"},\"inLanguage\":\"en-US\",\"potentialAction\":[{\"@type\":\"ReadAction\",\"target\":[\"https:\/\/www.umorlagurahumorului.ro\/editii\/editia-30-2020\/\"]}]},{\"@type\":\"ImageObject\",\"inLanguage\":\"en-US\",\"@id\":\"https:\/\/www.umorlagurahumorului.ro\/editii\/editia-30-2020\/#primaryimage\",\"url\":\"http:\/\/www.umorlagurahumorului.ro\/wp-content\/uploads\/2020\/08\/Editia-30-Organizatori.jpg\",\"contentUrl\":\"http:\/\/www.umorlagurahumorului.ro\/wp-content\/uploads\/2020\/08\/Editia-30-Organizatori.jpg\"},{\"@type\":\"BreadcrumbList\",\"@id\":\"https:\/\/www.umorlagurahumorului.ro\/editii\/editia-30-2020\/#breadcrumb\",\"itemListElement\":[{\"@type\":\"ListItem\",\"position\":1,\"name\":\"Prima pagin\u0103\",\"item\":\"https:\/\/www.umorlagurahumorului.ro\/\"},{\"@type\":\"ListItem\",\"position\":2,\"name\":\"Editii\",\"item\":\"https:\/\/www.umorlagurahumorului.ro\/editii\/\"},{\"@type\":\"ListItem\",\"position\":3,\"name\":\"Editia 30 &#8211; 2020\"}]},{\"@type\":\"WebSite\",\"@id\":\"https:\/\/www.umorlagurahumorului.ro\/#website\",\"url\":\"https:\/\/www.umorlagurahumorului.ro\/\",\"name\":\"Umor la Gura Humorului\",\"description\":\"The International Festival of Cartoon and Humorous Literature\",\"publisher\":{\"@id\":\"https:\/\/www.umorlagurahumorului.ro\/#organization\"},\"potentialAction\":[{\"@type\":\"SearchAction\",\"target\":{\"@type\":\"EntryPoint\",\"urlTemplate\":\"https:\/\/www.umorlagurahumorului.ro\/?s={search_term_string}\"},\"query-input\":{\"@type\":\"PropertyValueSpecification\",\"valueRequired\":true,\"valueName\":\"search_term_string\"}}],\"inLanguage\":\"en-US\"},{\"@type\":\"Organization\",\"@id\":\"https:\/\/www.umorlagurahumorului.ro\/#organization\",\"name\":\"Festivalul Interna\u021bional de Grafic\u0103 Satiric\u0103 \u0219i Literatur\u0103 Umoristic\u0103 Umor la Gura Humorului\",\"url\":\"https:\/\/www.umorlagurahumorului.ro\/\",\"logo\":{\"@type\":\"ImageObject\",\"inLanguage\":\"en-US\",\"@id\":\"https:\/\/www.umorlagurahumorului.ro\/#\/schema\/logo\/image\/\",\"url\":\"https:\/\/www.umorlagurahumorului.ro\/wp-content\/uploads\/2020\/07\/umor-la-gura-humorului.jpg\",\"contentUrl\":\"https:\/\/www.umorlagurahumorului.ro\/wp-content\/uploads\/2020\/07\/umor-la-gura-humorului.jpg\",\"width\":618,\"height\":315,\"caption\":\"Festivalul Interna\u021bional de Grafic\u0103 Satiric\u0103 \u0219i Literatur\u0103 Umoristic\u0103 Umor la Gura Humorului\"},\"image\":{\"@id\":\"https:\/\/www.umorlagurahumorului.ro\/#\/schema\/logo\/image\/\"},\"sameAs\":[\"https:\/\/www.facebook.com\/Umor-la-Gura-Humorului-Humour-at-Gura-Humorului-105184057924606\/\"]}]}<\/script>\n<!-- \/ Yoast SEO plugin. -->","yoast_head_json":{"title":"Editia 30 - 2020 - Humour at .... Gura Humorului","robots":{"index":"index","follow":"follow","max-snippet":"max-snippet:-1","max-image-preview":"max-image-preview:large","max-video-preview":"max-video-preview:-1"},"canonical":"https:\/\/www.umorlagurahumorului.ro\/editii\/editia-30-2020\/","og_locale":"en_US","og_type":"article","og_title":"Umor la Gura humorului - Editia 30 - 2020","og_description":"3\u263a de edi\u021bii ce ne-au f\u0103cut s\u0103 fim unul dintre cele mai longevive festivaluri de umor din Rom\u00e2nia, este un record, o reu\u0219it\u0103 cu care ne m\u00e2ndrim prin organizarea unei edi\u021bii aparte.","og_url":"https:\/\/www.umorlagurahumorului.ro\/editii\/editia-30-2020\/","og_site_name":"Humour at .... Gura Humorului","article_publisher":"https:\/\/www.facebook.com\/Umor-la-Gura-Humorului-Humour-at-Gura-Humorului-105184057924606\/","article_modified_time":"2020-08-09T15:42:05+00:00","og_image":[{"width":1131,"height":1600,"url":"https:\/\/www.umorlagurahumorului.ro\/wp-content\/uploads\/2020\/08\/afis_umor_30.jpeg","type":"image\/jpeg"}],"twitter_card":"summary_large_image","twitter_misc":{"Est. reading time":"1 minute"},"schema":{"@context":"https:\/\/schema.org","@graph":[{"@type":"WebPage","@id":"https:\/\/www.umorlagurahumorului.ro\/editii\/editia-30-2020\/","url":"https:\/\/www.umorlagurahumorului.ro\/editii\/editia-30-2020\/","name":"Editia 30 - 2020 - Humour at .... Gura Humorului","isPartOf":{"@id":"https:\/\/www.umorlagurahumorului.ro\/#website"},"primaryImageOfPage":{"@id":"https:\/\/www.umorlagurahumorului.ro\/editii\/editia-30-2020\/#primaryimage"},"image":{"@id":"https:\/\/www.umorlagurahumorului.ro\/editii\/editia-30-2020\/#primaryimage"},"thumbnailUrl":"http:\/\/www.umorlagurahumorului.ro\/wp-content\/uploads\/2020\/08\/Editia-30-Organizatori.jpg","datePublished":"2020-08-05T20:45:20+00:00","dateModified":"2020-08-09T15:42:05+00:00","breadcrumb":{"@id":"https:\/\/www.umorlagurahumorului.ro\/editii\/editia-30-2020\/#breadcrumb"},"inLanguage":"en-US","potentialAction":[{"@type":"ReadAction","target":["https:\/\/www.umorlagurahumorului.ro\/editii\/editia-30-2020\/"]}]},{"@type":"ImageObject","inLanguage":"en-US","@id":"https:\/\/www.umorlagurahumorului.ro\/editii\/editia-30-2020\/#primaryimage","url":"http:\/\/www.umorlagurahumorului.ro\/wp-content\/uploads\/2020\/08\/Editia-30-Organizatori.jpg","contentUrl":"http:\/\/www.umorlagurahumorului.ro\/wp-content\/uploads\/2020\/08\/Editia-30-Organizatori.jpg"},{"@type":"BreadcrumbList","@id":"https:\/\/www.umorlagurahumorului.ro\/editii\/editia-30-2020\/#breadcrumb","itemListElement":[{"@type":"ListItem","position":1,"name":"Prima pagin\u0103","item":"https:\/\/www.umorlagurahumorului.ro\/"},{"@type":"ListItem","position":2,"name":"Editii","item":"https:\/\/www.umorlagurahumorului.ro\/editii\/"},{"@type":"ListItem","position":3,"name":"Editia 30 &#8211; 2020"}]},{"@type":"WebSite","@id":"https:\/\/www.umorlagurahumorului.ro\/#website","url":"https:\/\/www.umorlagurahumorului.ro\/","name":"Umor la Gura Humorului","description":"The International Festival of Cartoon and Humorous Literature","publisher":{"@id":"https:\/\/www.umorlagurahumorului.ro\/#organization"},"potentialAction":[{"@type":"SearchAction","target":{"@type":"EntryPoint","urlTemplate":"https:\/\/www.umorlagurahumorului.ro\/?s={search_term_string}"},"query-input":{"@type":"PropertyValueSpecification","valueRequired":true,"valueName":"search_term_string"}}],"inLanguage":"en-US"},{"@type":"Organization","@id":"https:\/\/www.umorlagurahumorului.ro\/#organization","name":"Festivalul Interna\u021bional de Grafic\u0103 Satiric\u0103 \u0219i Literatur\u0103 Umoristic\u0103 Umor la Gura Humorului","url":"https:\/\/www.umorlagurahumorului.ro\/","logo":{"@type":"ImageObject","inLanguage":"en-US","@id":"https:\/\/www.umorlagurahumorului.ro\/#\/schema\/logo\/image\/","url":"https:\/\/www.umorlagurahumorului.ro\/wp-content\/uploads\/2020\/07\/umor-la-gura-humorului.jpg","contentUrl":"https:\/\/www.umorlagurahumorului.ro\/wp-content\/uploads\/2020\/07\/umor-la-gura-humorului.jpg","width":618,"height":315,"caption":"Festivalul Interna\u021bional de Grafic\u0103 Satiric\u0103 \u0219i Literatur\u0103 Umoristic\u0103 Umor la Gura Humorului"},"image":{"@id":"https:\/\/www.umorlagurahumorului.ro\/#\/schema\/logo\/image\/"},"sameAs":["https:\/\/www.facebook.com\/Umor-la-Gura-Humorului-Humour-at-Gura-Humorului-105184057924606\/"]}]}},"_links":{"self":[{"href":"https:\/\/www.umorlagurahumorului.ro\/en\/wp-json\/wp\/v2\/pages\/9645","targetHints":{"allow":["GET"]}}],"collection":[{"href":"https:\/\/www.umorlagurahumorului.ro\/en\/wp-json\/wp\/v2\/pages"}],"about":[{"href":"https:\/\/www.umorlagurahumorului.ro\/en\/wp-json\/wp\/v2\/types\/page"}],"author":[{"embeddable":true,"href":"https:\/\/www.umorlagurahumorului.ro\/en\/wp-json\/wp\/v2\/users\/1"}],"replies":[{"embeddable":true,"href":"https:\/\/www.umorlagurahumorului.ro\/en\/wp-json\/wp\/v2\/comments?post=9645"}],"version-history":[{"count":15,"href":"https:\/\/www.umorlagurahumorului.ro\/en\/wp-json\/wp\/v2\/pages\/9645\/revisions"}],"predecessor-version":[{"id":9720,"href":"https:\/\/www.umorlagurahumorului.ro\/en\/wp-json\/wp\/v2\/pages\/9645\/revisions\/9720"}],"up":[{"embeddable":true,"href":"https:\/\/www.umorlagurahumorului.ro\/en\/wp-json\/wp\/v2\/pages\/8062"}],"wp:attachment":[{"href":"https:\/\/www.umorlagurahumorului.ro\/en\/wp-json\/wp\/v2\/media?parent=9645"}],"curies":[{"name":"wp","href":"https:\/\/api.w.org\/{rel}","templated":true}]}}