{"id":8864,"date":"2020-06-27T22:03:22","date_gmt":"2020-06-27T22:03:22","guid":{"rendered":"http:\/\/www.umorlagurahumorului.ro\/?page_id=8864"},"modified":"2020-07-23T21:05:04","modified_gmt":"2020-07-23T21:05:04","slug":"premianti-epigrama-1993","status":"publish","type":"page","link":"https:\/\/www.umorlagurahumorului.ro\/en\/editii\/editia-03-1993\/premianti-epigrama-1993\/","title":{"rendered":"Epigram winners1993"},"content":{"rendered":"<hr>\n<h4>1st Prize &#8211; Virgiliu \u0218chiopescu<\/h4>\n<div class=\"su-row\"><div class=\"su-column su-column-size-1-2\"><div class=\"su-column-inner su-u-clearfix su-u-trim\">\n<strong>Unor zidari<\/strong><br \/>\nMai s\u00e2nt zidari \u0219i din acei<br \/>\nCe nu \u0219tiu graba-n lumea asta<br \/>\nManole de muncea ca ei<br \/>\n\u0218i azi \u00eei mai tr\u0103ia nevasta!<\/p>\n<p><strong>Dialog<\/strong><br \/>\n-Mai \u2013 nainte, tu\u0219e Tina,<br \/>\nCe-a fost, oul sau g\u0103ina?<br \/>\n-Ce s\u0103-\u021bi spun eu, m\u0103i nepoate,<br \/>\nMai \u2013 nainte au fost de toate!<\/p>\n<p><strong>Perspective economice<\/strong><br \/>\nCu V\u0103c\u0103roiu \u0219i V\u0103caru,<br \/>\nMircea Ciobanu \u0219i Untaru,<br \/>\nVom face lapte, evident,<br \/>\nPentru \u00eentregul continent!<\/p>\n<p><strong>Regrete la 70 de ani<\/strong><br \/>\nC\u0103 numai fac \u021b\u0103rii copii,<br \/>\nLa v\u00e2rsta mea e lucru logic!<br \/>\nRegret \u0219i faptul c\u0103 n-am fii<br \/>\nDar &#8230; \u0219i procesul tehnologic!<\/p>\n<p><strong>Unei studente recent m\u0103ritat\u0103<\/strong><br \/>\nO \u2013 ntrebai pe-a m\u0103ritat\u0103,<br \/>\nDe-i mai bine \u2013 acum ori fat\u0103?<br \/>\nEa \u2013 mi r\u0103spunse cu \u2013 n\u021beles<br \/>\nC\u0103-i la fel, da-i mult mai des!<\/p>\n<\/div><\/div>\n<div class=\"su-column su-column-size-1-2\"><div class=\"su-column-inner su-u-clearfix su-u-trim\">\n<strong>Unui actor gripat<\/strong><br \/>\nA fost gripat \u201cnevoe mare\u201d<br \/>\n\u0218i spre-a veni urgent la teatru,<br \/>\n\u201cS-a pus cu romul pe piciare\u201d<br \/>\nDar &#8230; nu pe dou\u0103, ci pe patru.<\/p>\n<p><strong>Epitaf blajinului meu prieten B. E.<\/strong><br \/>\nCine-a vrut, l-a criticat,<br \/>\n\u0218efii l-au retrogradat,<br \/>\nSoacra l-a admonestat,<br \/>\nNumai &#8230; Domnul l-a iertat.<\/p>\n<p><strong>So\u021biei mele, de Cr\u0103ciun<\/strong><br \/>\nTu ai cerut lui \u201cMo\u0219 Cr\u0103ciun\u201d<br \/>\nCa s\u0103-\u021bi aduc\u0103 ceva bun.<br \/>\nDar ce consideri tu c\u0103-i bun,<br \/>\nNu am nici eu, nici \u201cMo\u0219 Cr\u0103ciun\u201d.<\/p>\n<p><strong>Examenul unui student slab<\/strong><br \/>\nE o \u201cslujb\u0103\u201d, ce-ntr-un fel<br \/>\nConverte\u0219te \u0219i-un ateu!<br \/>\nC\u00e2nd l-\u00eentreb, se \u2013 nchin\u0103 el,<br \/>\nC\u00e2nd r\u0103spunde, m\u0103 \u2013 nchin eu!<\/p>\n<p><strong>Autocritic\u0103 pentru st\u00e2ng\u0103cia catrenelor mele<\/strong><br \/>\nN-au rime la capete,<br \/>\nCa la Eminescu<br \/>\n\u0218i-i normal s\u0103 \u0219chioapete,<br \/>\nC\u0103 le-a scris \u0218chiopescu!<\/p>\n<\/div><\/div><\/div>\n<hr>\n<h4>2st Prize &#8211; George Petrone<\/h4>\n<div class=\"su-row\"><div class=\"su-column su-column-size-1-2\"><div class=\"su-column-inner su-u-clearfix su-u-trim\">\n<strong>\u0218coala vie\u021bii<\/strong><br \/>\nLa \u0219coala asta f\u0103r\u0103 de pere\u021bi<br \/>\nGre\u0219elile-s material didactic:<br \/>\nDin cele ale altora \u00eenve\u021bi,<br \/>\nCu ale tale dai examen practic.<\/p>\n<p><strong>Inspec\u021bie<\/strong><br \/>\nPun la r\u0103citor<br \/>\nIntreprinz\u0103torii<br \/>\nVin superior<br \/>\n(Vin superiorii!)<\/p>\n<p><strong>Vaca (defini\u021bie)<\/strong><br \/>\nVie\u021buie\u0219te \u00een cirezi,<br \/>\nTrage-n jug din zori \u00een noapte<br \/>\n\u0218i exist\u0103 chiar dovezi<br \/>\nC\u0103-n trecut d\u0103dea \u0219i lapte!<\/p>\n<p><strong>\u0218ansa discipolului<\/strong><br \/>\nPe cel cu care te m\u00e2ndre\u0219ti<br \/>\nC\u0103 pa\u0219ii \u021bi-ac\u0103l\u0103uzit<br \/>\nOri lup\u021bi din greu s\u0103-l dep\u0103\u0219e\u0219ti,<br \/>\nOri spui la to\u021bi c\u0103-i dep\u0103\u0219it.<\/p>\n<p><strong>Stan P\u0103\u021bitul \u0219i noul n\u0103scut<\/strong><br \/>\nVerific\u00e2ndu-\u0219i pruncul pe c\u00e2ntar<br \/>\n(Trei \u2013 \u0219apte sute, f\u0103r\u0103 &#8230; ambalaj)<br \/>\nExclam\u0103 fericit: \u201caici m\u0103car<br \/>\nNu te ciupe\u0219te nimeni la gramaj &#8230;\u201d<\/p>\n<p><strong>Rug\u0103<\/strong><br \/>\nSloboade \u2018Naltule Preasf\u00e2nt<br \/>\nBl\u00e2nde\u021be, mil\u0103 \u0219i-ndurare<br \/>\n\u00cen cer la Tine, pe p\u0103m\u00e2nt,<br \/>\n\u0218i-n cronicile literare!<\/p>\n<p><strong>Precept fotbalistic<\/strong><br \/>\nC\u00e2nd e\u0219ti ditai juc\u0103tor<br \/>\n\u0218i \u2013 adversaru \u2013 i de valoare<br \/>\nNu-l lua peste picior<br \/>\nC\u0103 o iei peste picioare!<\/p>\n<p><strong>Motiv de temere<\/strong><br \/>\nMi-a spus amicul meu, pe \u0219leau:<br \/>\n&#8211; \u201cEu numai binele \u021bi-l vreau\u201d<br \/>\nDar tocmai asta nu-mi convine<br \/>\nC\u0103 el c\u00e2nd vrea ceva, ob\u021bine!<\/p>\n<p><strong>Invazia tranzistoarelor<\/strong><br \/>\n\u00cen parcul din vechea cetate<br \/>\nCu tihna retras\u0103-n unghere,<br \/>\nS-au str\u00e2ns mult pre multe \u2013 aparate<br \/>\nPe metru p\u0103trat de t\u0103cere.<\/p>\n<p><strong>T\u0103ticu\u2019 \u0219i mijloacele educative<\/strong><br \/>\nC\u00e2nd pu\u0219tiul o mai ia \u201cla trap\u201d,<br \/>\nEl intervine riguros<br \/>\nS\u0103-i vin\u0103 min\u021bile la cap<br \/>\nDar intervine &#8230; mult mai jos!<\/p>\n<p><strong>Domnul Goe<\/strong><br \/>\nI \u2013aleg un loc de c\u0103p\u0103t\u00e2i<br \/>\n\u00cen cripta h\u00e2trilor s\u0103 doarm\u0103;<br \/>\n\u00cen satir\u0103, el, cel dint\u00e2i<br \/>\nA tras semnalul de alarm\u0103!<\/p>\n<p><strong>Scufi\u021ba Ro\u0219ie (versiune rev\u0103zut\u0103)<\/strong><br \/>\nFeti\u021ba aia plin\u0103 de candoare<br \/>\nDe c\u00e2nd cultiv\u0103 \u00eentr-un mod discret<br \/>\nRela\u021bii bune cu un &#8230; lup de mare,<br \/>\nPrime\u0219te doar scufi\u021be din pachet!<\/p>\n<p><strong>Femeia<\/strong><br \/>\n\u00cen necuprinsul abisal<br \/>\nAl clipei de intimitate<br \/>\nI-am spus c\u0103-i f\u0103r\u0103 de egal &#8230;<br \/>\n\u0218i \u2013 acuma vrea egalitate!<\/p>\n<p><strong>Nevasta<\/strong><br \/>\nC\u00e2nd spuse \u201eDA\u201d la Sfat (de mult, \u00een fine &#8230;)<br \/>\n\u0218i s\u0103-mi devin\u0103 soa\u021b\u0103 consim\u021bi,<br \/>\nEa s-a legat atunci pe veci de mine<br \/>\n\u0218i de atunci &#8230; \u0103n fiecare zi!<\/p>\n<p><strong>Prezum\u021bie<\/strong><br \/>\nF\u0103tuca asta n\u0103zdr\u0103van\u0103<br \/>\n\u00centr-o privin\u021b\u0103 oarecare<br \/>\nMi s-a p\u0103rut megaloman\u0103:<br \/>\nPretinde c\u0103 e fat\u0103 mare!<\/p>\n<\/div><\/div>\n<div class=\"su-column su-column-size-1-2\"><div class=\"su-column-inner su-u-clearfix su-u-trim\">\n<strong>Viciul parvenirii<\/strong><br \/>\nSe m\u0103rit\u0103, negre\u0219it,<br \/>\nDar din c\u00e2te mis-au spus<br \/>\nVrea un so\u021b mai r\u0103s\u0103rit<br \/>\nDin Apus!<\/p>\n<p><strong>Unde duce b\u0103utura<\/strong><br \/>\nVenind beat mort, \u00een ziua de chenzin\u0103,<br \/>\nGre\u0219ind \u0219i u\u0219a, cemai tura \u2013 vura,<br \/>\nA mnimerit \u00een pat la o vecin\u0103;<br \/>\nDeci, uite unde duce b\u0103utura!<\/p>\n<p><strong>Conflict \u00eentre genera\u021bii<\/strong><br \/>\nNer\u0103bd\u0103tori \u00een toate,<br \/>\nCei tineri, pe concret,<br \/>\nSus\u021bin c\u0103, din p\u0103cate,<br \/>\n\u00cemb\u0103tr\u00e2nim prea-ncet.<\/p>\n<p><strong>Pensionarii<\/strong><br \/>\nSupu\u0219i la umilin\u021bi<br \/>\nN-au hran\u0103, bani, c\u0103ldur\u0103 &#8230;<br \/>\nAr str\u00e2nge ei din din\u021bi<br \/>\nDar n-au nici din\u021bi \u00een gur\u0103.<\/p>\n<p><strong>Ieri \u0219i azi<\/strong><br \/>\nMai ieri sim\u021beam c\u0103 ne topim<br \/>\nDe dorul unei cafelu\u021be<br \/>\nAcum cafea tot mai g\u0103sim<br \/>\nDar nu g\u0103sim ce\u0219cu\u021be!<\/p>\n<p><strong>Campanie electoral\u0103<\/strong><br \/>\nRe\u021bin din formele concrete<br \/>\nA mult \u2013 \u00eenver\u0219unatei lupte<br \/>\nC\u0103 ziua se lipesc afi\u0219e<br \/>\nIar noaptea se citesc \u201cpe rupte\u201d.<\/p>\n<p><strong>\u201eAmbasadoarele\u201d noastre<\/strong><br \/>\nCe mai! C\u00e2t ai zice hopa,<br \/>\nCa un stol de r\u00e2ndunele,<br \/>\nAu intrat \u00een Europa &#8230;<br \/>\nDa\u2019 \u0219i Europa \u2013 n ele!<\/p>\n<p><strong>Tancului sovietic (dup\u0103 puciul din august)<\/strong><br \/>\nDup\u0103 triumfala-\u021bi curs\u0103 prin<br \/>\nBudapesta, Praga \u0219i Berlin,<br \/>\n\u021ai-ai v\u0103zut \u0219i visul cel mai \u2018nalt:<br \/>\nAi luat \u0219i Moscova cu \u2013 asalt!<\/p>\n<p><strong>Comunismului mondial<\/strong><br \/>\nScula\u021bi voi, oropsi\u021bi ai vie\u021bii,<br \/>\nVoi, os\u00e2ndi\u021bi la foame, sus<br \/>\n\u0218i-o lum\u00e2nare aprinde\u021bi-i<br \/>\nAl\u0103turi de poporul rus.<\/p>\n<p><strong>La trecutele alegeri, femeile scandau \u201es\u00e2ntem cu Petre Roman\u201d<\/strong><br \/>\nDin plenul gra\u021bioasei p\u0103turi<br \/>\nOh, c\u00e2te dulcinei s-au rupt<br \/>\nDorind a fi cu el al\u0103turi<br \/>\nIar unele chiar &#8230; dedesupt!<\/p>\n<p><strong>Petre Roman<\/strong><br \/>\nCa premier, acest b\u0103rbat<br \/>\nDistins, pedant \u0219i \u201eom de bine\u201d<br \/>\nA fost un mare diplomat:<br \/>\nMin\u021bea \u00een \u0219ase limbi str\u0103ine!<\/p>\n<p><strong>Catren cu lighioane<\/strong><br \/>\nVecinii, cum s\u00e2nt, Dumnezeu ni i-a dat<br \/>\n\u0218i ce-i de la Domnul e, musai, tabu;<br \/>\nAi no\u0219tri, mai to\u021bi, veninos ne-au mu\u0219cat<br \/>\nDoar cei de pe Insula \u0218erpilor nu!<\/p>\n<p><strong>Unui sco\u021bian<\/strong><br \/>\nTe lauzi cu castele b\u00e2ntuite<br \/>\nDe nu \u0219tiu ce fantome? Aferim!<br \/>\n\u0218i pe la noi sunt vile locuite<br \/>\nDe stafii ale fostului regim &#8230;<\/p>\n<p><strong>Casa comun\u0103 european\u0103<\/strong><br \/>\nCas\u0103 cu tot strictul necesar,<br \/>\nGazde \u00een \u021binuta adecvat\u0103,<br \/>\nU\u0219ile sunt larg deschise, doar<br \/>\nCea de la c\u0103mar\u0103-i ferecat\u0103!<\/p>\n<p><strong>Rom\u00e2nii \u00een context european<\/strong><br \/>\nStatornici pe acest meleag,<br \/>\nDe ceilal\u021bi ne distingem net:<br \/>\nAvem o gaur\u0103 \u00een steag<br \/>\n\u0218i alt\u0103 gaur\u0103-n buget.<\/p>\n<\/div><\/div><\/div>\n<hr>\n<h4>3rd Prize &#8211; Ludovic Hen\u021biu<\/h4>\n<div class=\"su-row\"><div class=\"su-column su-column-size-1-2\"><div class=\"su-column-inner su-u-clearfix su-u-trim\">\n<strong>Revela\u021bie<\/strong><br \/>\nI\u021bit pe-un strop de vin, un g\u00e2nd<br \/>\nM\u0103 ispite\u0219te curios:<br \/>\nNu crezi c\u0103 lumea doar r\u00e2z\u00e2nd<br \/>\nO po\u021bi privi mai serios?<\/p>\n<p><strong>Biblic\u0103<\/strong><br \/>\nDac\u0103 draga de nevast\u0103<br \/>\nE chiar biblica mea coast\u0103,<br \/>\nGreu \u00eemi mai strunesc suspinul:<br \/>\nCe ai coast\u0103 &#8211; avu vecinul! \u2026<\/p>\n<p><strong>So\u021bia<\/strong><br \/>\n\u201cPuiule\u201d, mi-a spus mereu<br \/>\n\u0218i-n alint ca \u0219i-n repro\u0219 \u2013<br \/>\nSuger\u00e2ndu-mi, cum v\u0103d eu,<br \/>\nC\u0103-n zadar m-am vrut coco\u0219!<\/p>\n<p><strong>Cre\u0219tineasc\u0103<\/strong><br \/>\nConfrunta\u021bi cu tot ce na\u0219te<br \/>\nO infla\u021bie-n progres \u2013<br \/>\nCred c-om pomeni de Pa\u0219te<br \/>\nAnul \u0103sta, mult mai des!<\/p>\n<p><strong>Nedumerire<\/strong><br \/>\nNi\u0219te treburi nu-mi sunt clare:<br \/>\nO fi simpl\u0103 \u00eent\u00e2mplare<br \/>\nC\u0103 \u2013 ndr\u0103gita epigram\u0103<br \/>\nAre rim\u0103 sor\u0103-n cram\u0103?<\/p>\n<p><strong>Epigramei<\/strong><br \/>\nTo\u021bi te-am vrea mereu spumoas\u0103,<br \/>\nStr\u0103vezie \u00een \u021besuturi \u2013<br \/>\nC\u0103 doar \u0219tim c\u0103-n dedesubturi<br \/>\nZburd\u0103 poanta cea frumoas\u0103 &#8230;<\/p>\n<p><strong>Oltenii<\/strong><br \/>\n(draga lor revist\u0103 P\u0103cal\u0103: \u201cau plecat olteni la coas\u0103\u201d &#8230;)<br \/>\nC-au plecat cu mare fal\u0103,<br \/>\nLe dorim tarla m\u0103noas\u0103 \u2013<br \/>\nDar ne pa\u0219te \u2013 o \u00eendoial\u0103:<br \/>\nChiar e cobili\u021ba \u2013 coas\u0103?<\/p>\n<p><strong>Bra\u0219ovean\u0103<\/strong><br \/>\nDup\u0103 succesul \u201c Cerbului de aur\u201d<br \/>\nPot veni oric\u00e2\u021bi ei, cerbii,<br \/>\nNu \u2013 ncurc\u0103m noi i\u021bele<br \/>\nC\u0103ci roiesc ca firul ierbii<br \/>\n\u0218i-n Bra\u0219ov \u2013 c\u0103pri\u021bele!<br \/>\n<strong><br \/>\nDe Pa\u0219ti<\/strong><br \/>\nIar de Pa\u0219ti, la fel ca ieri<br \/>\nOu\u0103 \u2013 ncondeiem t\u0103cu\u021bi \u2013<br \/>\nC\u0103 doar \u00een incondeieri<br \/>\nAm r\u0103mas ne\u00eentrecu\u021bi &#8230;<\/p>\n<p><strong>Autoportret, azi<\/strong><br \/>\nM\u0103 visam c\u00e2ndva poet<br \/>\nGinga\u0219 alintat de muze.<br \/>\nAcum \u2013 muza mi-o a\u0219tept<br \/>\nS\u0103 apar\u0103 cu ventuze &#8230;.<\/p>\n<\/div><\/div>\n<div class=\"su-column su-column-size-1-2\"><div class=\"su-column-inner su-u-clearfix su-u-trim\">\n<strong>Parlamentul<\/strong><br \/>\nVa fi prin veacuri pomenit<br \/>\n\u0218i drept fenomenal r\u0103m\u00e2ne,<br \/>\nC\u00e2t de u\u0219or ne-a adormit<br \/>\nC\u00e2nt\u00e2nd  \u201eDe\u0219teapt\u0103-te Rom\u00e2ne\u201d!<\/p>\n<p><strong>Liberalizarea<\/strong><br \/>\nCum dete buzna alandala<br \/>\nPe plaiurile str\u0103mo\u0219e\u0219ti,<br \/>\nNe dovedi c\u0103 \u0219i scr\u00e2nteala<br \/>\nE- nscris\u0103 \u2013 n legile \u2013 omene\u0219ti.<\/p>\n<p><strong>Morala nou\u0103<\/strong><br \/>\nE corolarul cel din visuri<br \/>\nCalendelor grece\u0219ti \u2013 mai vechi,<br \/>\nCe-a devenit azi paradisul<br \/>\nMi\u0219c\u0103rii noastre din &#8230; urechi.<\/p>\n<p><strong>Ziaristul<\/strong><br \/>\nCic\u0103 el ar fi chiar asul<br \/>\nFr\u0103m\u00e2ntat mereu de zoala<br \/>\nCum s\u0103-\u0219i v\u00e2re primul nasul<br \/>\nOri pe unde \u2013 ar fierbe oala!<\/p>\n<p><strong>Democra\u021bia<\/strong><br \/>\nSt\u0103 o lume \u0219i-o admir\u0103<br \/>\nCe sublim\u0103-i, ce aleas\u0103!<br \/>\nTo\u021bi ce ieri o siluir\u0103<br \/>\nO vor ast\u0103zi de mireas\u0103!<\/p>\n<p><strong>Mai nou, la mare<\/strong><br \/>\nTotu-i ca xerox tras:<br \/>\nEa, se \u2013 alint\u0103 \u2013n stilul bras,<br \/>\nEl aduce m\u0103rturii<br \/>\nCum se-noata-n datorii.<\/p>\n<p><strong>Moftul<\/strong><br \/>\nAtribut fenomenal<br \/>\nStr\u0103lucind \u00een mare grab\u0103<br \/>\nLa nivel na\u021bional \u2013<br \/>\nC\u00e2nd e vorba de vreo treab\u0103.<\/p>\n<p><strong>Din r\u0103s\u0103rit<\/strong><br \/>\n\u0218i noul steag rusnac pe fald<br \/>\n\u0218i-a-nscris un vis ce-n veac nu-i trece:<br \/>\nS\u0103 bat\u0103 fierul p\u00e2n\u0103-i cald,<br \/>\n\u0218i moldoveanul \u2013 p\u00e2n\u0103-i rece &#8230;<\/p>\n<p>\u0218i \u00een \u00eencheiere, un g\u00e2nd drag pentru<br \/>\n<strong>\u201eZ\u00c2NA IRONIILOR\u201d<\/strong><br \/>\nMinunata epigram\u0103,  locul c\u0103reia, dup\u0103 ni\u0219te obtuzi, ar fi la subsolul literaturii:<br \/>\nLa subsol \u2013 ce i-ar re\u021bine<br \/>\nH\u00e2trul z\u00e2mbet de pe fa\u021b\u0103?<br \/>\nNici p\u0103m\u00e2ntul doar nu-\u0219i \u021bine<br \/>\nAurul la suprafa\u021b\u0103!<\/p>\n<\/div><\/div><\/div>","protected":false},"excerpt":{"rendered":"<p>1st Prize &#8211; Virgiliu \u0218chiopescu 2st Prize &#8211; George Petrone 3rd Prize &#8211; Ludovic Hen\u021biu<\/p>\n","protected":false},"author":1,"featured_media":0,"parent":8853,"menu_order":0,"comment_status":"closed","ping_status":"closed","template":"","meta":{"ngg_post_thumbnail":0,"footnotes":""},"class_list":["post-8864","page","type-page","status-publish","hentry"],"yoast_head":"<!-- This site is optimized with the Yoast SEO plugin v25.9 - https:\/\/yoast.com\/wordpress\/plugins\/seo\/ -->\n<title>Epigram winners1993 - Humour at .... Gura Humorului<\/title>\n<meta name=\"robots\" content=\"index, follow, max-snippet:-1, max-image-preview:large, max-video-preview:-1\" \/>\n<link rel=\"canonical\" href=\"https:\/\/www.umorlagurahumorului.ro\/editii\/editia-03-1993\/premianti-epigrama-1993\/\" \/>\n<meta property=\"og:locale\" content=\"en_US\" \/>\n<meta property=\"og:type\" content=\"article\" \/>\n<meta property=\"og:title\" content=\"[:ro]Premianti epigrama 1993[:en]Epigram winners1993[:] - Humour at .... Gura Humorului\" \/>\n<meta property=\"og:description\" content=\"1st Prize &#8211; Virgiliu \u0218chiopescu 2st Prize &#8211; George Petrone 3rd Prize &#8211; Ludovic Hen\u021biu\" \/>\n<meta property=\"og:url\" content=\"https:\/\/www.umorlagurahumorului.ro\/editii\/editia-03-1993\/premianti-epigrama-1993\/\" \/>\n<meta property=\"og:site_name\" content=\"Humour at .... Gura Humorului\" \/>\n<meta property=\"article:publisher\" content=\"https:\/\/www.facebook.com\/Umor-la-Gura-Humorului-Humour-at-Gura-Humorului-105184057924606\/\" \/>\n<meta property=\"article:modified_time\" content=\"2020-07-23T21:05:04+00:00\" \/>\n<meta name=\"twitter:card\" content=\"summary_large_image\" \/>\n<meta name=\"twitter:label1\" content=\"Est. reading time\" \/>\n\t<meta name=\"twitter:data1\" content=\"16 minutes\" \/>\n<script type=\"application\/ld+json\" class=\"yoast-schema-graph\">{\"@context\":\"https:\/\/schema.org\",\"@graph\":[{\"@type\":\"WebPage\",\"@id\":\"https:\/\/www.umorlagurahumorului.ro\/editii\/editia-03-1993\/premianti-epigrama-1993\/\",\"url\":\"https:\/\/www.umorlagurahumorului.ro\/editii\/editia-03-1993\/premianti-epigrama-1993\/\",\"name\":\"[:ro]Premianti epigrama 1993[:en]Epigram winners1993[:] - Humour at .... Gura Humorului\",\"isPartOf\":{\"@id\":\"https:\/\/www.umorlagurahumorului.ro\/#website\"},\"datePublished\":\"2020-06-27T22:03:22+00:00\",\"dateModified\":\"2020-07-23T21:05:04+00:00\",\"breadcrumb\":{\"@id\":\"https:\/\/www.umorlagurahumorului.ro\/editii\/editia-03-1993\/premianti-epigrama-1993\/#breadcrumb\"},\"inLanguage\":\"en-US\",\"potentialAction\":[{\"@type\":\"ReadAction\",\"target\":[\"https:\/\/www.umorlagurahumorului.ro\/editii\/editia-03-1993\/premianti-epigrama-1993\/\"]}]},{\"@type\":\"BreadcrumbList\",\"@id\":\"https:\/\/www.umorlagurahumorului.ro\/editii\/editia-03-1993\/premianti-epigrama-1993\/#breadcrumb\",\"itemListElement\":[{\"@type\":\"ListItem\",\"position\":1,\"name\":\"Prima pagin\u0103\",\"item\":\"https:\/\/www.umorlagurahumorului.ro\/\"},{\"@type\":\"ListItem\",\"position\":2,\"name\":\"Editii\",\"item\":\"https:\/\/www.umorlagurahumorului.ro\/editii\/\"},{\"@type\":\"ListItem\",\"position\":3,\"name\":\"Editia 03 &#8211; 1993\",\"item\":\"https:\/\/www.umorlagurahumorului.ro\/editii\/editia-03-1993\/\"},{\"@type\":\"ListItem\",\"position\":4,\"name\":\"Premianti epigrama 1993\"}]},{\"@type\":\"WebSite\",\"@id\":\"https:\/\/www.umorlagurahumorului.ro\/#website\",\"url\":\"https:\/\/www.umorlagurahumorului.ro\/\",\"name\":\"Umor la Gura Humorului\",\"description\":\"The International Festival of Cartoon and Humorous Literature\",\"publisher\":{\"@id\":\"https:\/\/www.umorlagurahumorului.ro\/#organization\"},\"potentialAction\":[{\"@type\":\"SearchAction\",\"target\":{\"@type\":\"EntryPoint\",\"urlTemplate\":\"https:\/\/www.umorlagurahumorului.ro\/?s={search_term_string}\"},\"query-input\":{\"@type\":\"PropertyValueSpecification\",\"valueRequired\":true,\"valueName\":\"search_term_string\"}}],\"inLanguage\":\"en-US\"},{\"@type\":\"Organization\",\"@id\":\"https:\/\/www.umorlagurahumorului.ro\/#organization\",\"name\":\"Festivalul Interna\u021bional de Grafic\u0103 Satiric\u0103 \u0219i Literatur\u0103 Umoristic\u0103 Umor la Gura Humorului\",\"url\":\"https:\/\/www.umorlagurahumorului.ro\/\",\"logo\":{\"@type\":\"ImageObject\",\"inLanguage\":\"en-US\",\"@id\":\"https:\/\/www.umorlagurahumorului.ro\/#\/schema\/logo\/image\/\",\"url\":\"https:\/\/www.umorlagurahumorului.ro\/wp-content\/uploads\/2020\/07\/umor-la-gura-humorului.jpg\",\"contentUrl\":\"https:\/\/www.umorlagurahumorului.ro\/wp-content\/uploads\/2020\/07\/umor-la-gura-humorului.jpg\",\"width\":618,\"height\":315,\"caption\":\"Festivalul Interna\u021bional de Grafic\u0103 Satiric\u0103 \u0219i Literatur\u0103 Umoristic\u0103 Umor la Gura Humorului\"},\"image\":{\"@id\":\"https:\/\/www.umorlagurahumorului.ro\/#\/schema\/logo\/image\/\"},\"sameAs\":[\"https:\/\/www.facebook.com\/Umor-la-Gura-Humorului-Humour-at-Gura-Humorului-105184057924606\/\"]}]}<\/script>\n<!-- \/ Yoast SEO plugin. -->","yoast_head_json":{"title":"[:ro]Premianti epigrama 1993[:en]Epigram winners1993[:] - Humour at .... Gura Humorului","robots":{"index":"index","follow":"follow","max-snippet":"max-snippet:-1","max-image-preview":"max-image-preview:large","max-video-preview":"max-video-preview:-1"},"canonical":"https:\/\/www.umorlagurahumorului.ro\/editii\/editia-03-1993\/premianti-epigrama-1993\/","og_locale":"en_US","og_type":"article","og_title":"[:ro]Premianti epigrama 1993[:en]Epigram winners1993[:] - Humour at .... Gura Humorului","og_description":"1st Prize &#8211; Virgiliu \u0218chiopescu 2st Prize &#8211; George Petrone 3rd Prize &#8211; Ludovic Hen\u021biu","og_url":"https:\/\/www.umorlagurahumorului.ro\/editii\/editia-03-1993\/premianti-epigrama-1993\/","og_site_name":"Humour at .... Gura Humorului","article_publisher":"https:\/\/www.facebook.com\/Umor-la-Gura-Humorului-Humour-at-Gura-Humorului-105184057924606\/","article_modified_time":"2020-07-23T21:05:04+00:00","twitter_card":"summary_large_image","twitter_misc":{"Est. reading time":"16 minutes"},"schema":{"@context":"https:\/\/schema.org","@graph":[{"@type":"WebPage","@id":"https:\/\/www.umorlagurahumorului.ro\/editii\/editia-03-1993\/premianti-epigrama-1993\/","url":"https:\/\/www.umorlagurahumorului.ro\/editii\/editia-03-1993\/premianti-epigrama-1993\/","name":"[:ro]Premianti epigrama 1993[:en]Epigram winners1993[:] - Humour at .... Gura Humorului","isPartOf":{"@id":"https:\/\/www.umorlagurahumorului.ro\/#website"},"datePublished":"2020-06-27T22:03:22+00:00","dateModified":"2020-07-23T21:05:04+00:00","breadcrumb":{"@id":"https:\/\/www.umorlagurahumorului.ro\/editii\/editia-03-1993\/premianti-epigrama-1993\/#breadcrumb"},"inLanguage":"en-US","potentialAction":[{"@type":"ReadAction","target":["https:\/\/www.umorlagurahumorului.ro\/editii\/editia-03-1993\/premianti-epigrama-1993\/"]}]},{"@type":"BreadcrumbList","@id":"https:\/\/www.umorlagurahumorului.ro\/editii\/editia-03-1993\/premianti-epigrama-1993\/#breadcrumb","itemListElement":[{"@type":"ListItem","position":1,"name":"Prima pagin\u0103","item":"https:\/\/www.umorlagurahumorului.ro\/"},{"@type":"ListItem","position":2,"name":"Editii","item":"https:\/\/www.umorlagurahumorului.ro\/editii\/"},{"@type":"ListItem","position":3,"name":"Editia 03 &#8211; 1993","item":"https:\/\/www.umorlagurahumorului.ro\/editii\/editia-03-1993\/"},{"@type":"ListItem","position":4,"name":"Premianti epigrama 1993"}]},{"@type":"WebSite","@id":"https:\/\/www.umorlagurahumorului.ro\/#website","url":"https:\/\/www.umorlagurahumorului.ro\/","name":"Umor la Gura Humorului","description":"The International Festival of Cartoon and Humorous Literature","publisher":{"@id":"https:\/\/www.umorlagurahumorului.ro\/#organization"},"potentialAction":[{"@type":"SearchAction","target":{"@type":"EntryPoint","urlTemplate":"https:\/\/www.umorlagurahumorului.ro\/?s={search_term_string}"},"query-input":{"@type":"PropertyValueSpecification","valueRequired":true,"valueName":"search_term_string"}}],"inLanguage":"en-US"},{"@type":"Organization","@id":"https:\/\/www.umorlagurahumorului.ro\/#organization","name":"Festivalul Interna\u021bional de Grafic\u0103 Satiric\u0103 \u0219i Literatur\u0103 Umoristic\u0103 Umor la Gura Humorului","url":"https:\/\/www.umorlagurahumorului.ro\/","logo":{"@type":"ImageObject","inLanguage":"en-US","@id":"https:\/\/www.umorlagurahumorului.ro\/#\/schema\/logo\/image\/","url":"https:\/\/www.umorlagurahumorului.ro\/wp-content\/uploads\/2020\/07\/umor-la-gura-humorului.jpg","contentUrl":"https:\/\/www.umorlagurahumorului.ro\/wp-content\/uploads\/2020\/07\/umor-la-gura-humorului.jpg","width":618,"height":315,"caption":"Festivalul Interna\u021bional de Grafic\u0103 Satiric\u0103 \u0219i Literatur\u0103 Umoristic\u0103 Umor la Gura Humorului"},"image":{"@id":"https:\/\/www.umorlagurahumorului.ro\/#\/schema\/logo\/image\/"},"sameAs":["https:\/\/www.facebook.com\/Umor-la-Gura-Humorului-Humour-at-Gura-Humorului-105184057924606\/"]}]}},"_links":{"self":[{"href":"https:\/\/www.umorlagurahumorului.ro\/en\/wp-json\/wp\/v2\/pages\/8864","targetHints":{"allow":["GET"]}}],"collection":[{"href":"https:\/\/www.umorlagurahumorului.ro\/en\/wp-json\/wp\/v2\/pages"}],"about":[{"href":"https:\/\/www.umorlagurahumorului.ro\/en\/wp-json\/wp\/v2\/types\/page"}],"author":[{"embeddable":true,"href":"https:\/\/www.umorlagurahumorului.ro\/en\/wp-json\/wp\/v2\/users\/1"}],"replies":[{"embeddable":true,"href":"https:\/\/www.umorlagurahumorului.ro\/en\/wp-json\/wp\/v2\/comments?post=8864"}],"version-history":[{"count":2,"href":"https:\/\/www.umorlagurahumorului.ro\/en\/wp-json\/wp\/v2\/pages\/8864\/revisions"}],"predecessor-version":[{"id":9562,"href":"https:\/\/www.umorlagurahumorului.ro\/en\/wp-json\/wp\/v2\/pages\/8864\/revisions\/9562"}],"up":[{"embeddable":true,"href":"https:\/\/www.umorlagurahumorului.ro\/en\/wp-json\/wp\/v2\/pages\/8853"}],"wp:attachment":[{"href":"https:\/\/www.umorlagurahumorului.ro\/en\/wp-json\/wp\/v2\/media?parent=8864"}],"curies":[{"name":"wp","href":"https:\/\/api.w.org\/{rel}","templated":true}]}}