{"id":8780,"date":"2020-06-24T19:27:19","date_gmt":"2020-06-24T19:27:19","guid":{"rendered":"http:\/\/www.umorlagurahumorului.ro\/?page_id=8780"},"modified":"2020-07-21T21:26:41","modified_gmt":"2020-07-21T21:26:41","slug":"premianti-epigrama-1998","status":"publish","type":"page","link":"https:\/\/www.umorlagurahumorului.ro\/en\/editii\/editia-08-1998\/premianti-epigrama-1998\/","title":{"rendered":"Epigram winners 1998"},"content":{"rendered":"<hr>\n<h4>1st Prize &#8211; Vasile Vajoga<\/h4>\n<div class=\"su-row\"><div class=\"su-column su-column-size-1-2\"><div class=\"su-column-inner su-u-clearfix su-u-trim\">\n<strong>Motto: \u201cAdieri de primavar\u0103\u201d<\/strong><\/p>\n<p><strong>Subven\u021bia (defini\u021bie)<\/strong><br \/>\nSubven\u021bia, la o adic\u0103<br \/>\nE-un soi ciudat de greutate<br \/>\nPe care uniii o ridic\u0103<br \/>\n\u0218i-o las\u0103 altora \u00een spate &#8230;<\/p>\n<p><strong>Unui croitor<\/strong><br \/>\nMi-a spus z\u00e2mbind c\u00e2nd am intrat pe u\u0219\u0103:<br \/>\n-Costumu-\u021bi va veni ca o m\u0103nu\u0219\u0103!<br \/>\n\u0218i \u2013 avea dreptate, fiindc\u0103 nicidecum<br \/>\nCostumul nu-mi venea ca un costum.<\/p>\n<p><strong>Urare pascal\u0103<\/strong><br \/>\nC\u00e2nd am\u00e2ndoi ne-am \u00eent\u00e2lnit<br \/>\n\u0218i-mi spuse \u201cPa\u0219te fericit!\u201d<br \/>\nAm replicat \u0219i eu la fel:<br \/>\nL-am \u00eendemnat s\u0103 pasc\u0103 el!<\/p>\n<p><strong>Unui stomatolog bugetar<\/strong><br \/>\nProtezei c\u00e2nd \u00eei ia m\u0103sura,<br \/>\n\u00cenlocuind principiul vechi,<br \/>\nEl nu mai spune \u201cCasc\u0103 gura!\u201d<br \/>\nCi spune: \u201cMi\u0219c\u0103 din urechi!\u201d<\/p>\n<p><strong>Toamna (defini\u021bie)<\/strong><br \/>\nE timpul c\u00e2nd \u00eembrac\u0103 \u021bara<br \/>\nCulori ce-au fascinat poe\u021bii<br \/>\n\u0218i c\u00e2nd se umple iar c\u0103mara<br \/>\nCu &#8230; mucegai pe to\u021bi pere\u021bii!<\/p>\n<p><strong>Roman\u021b\u0103 de mai<\/strong><br \/>\n\u00cen noaptea cu parfum de liliac,<br \/>\nDe-o blond\u0103 cu privirea ca cicoarea<br \/>\nAm fost corupt acum un sfert de veac<br \/>\n\u0218i isp\u0103\u0219esc \u0219i ast\u0103zi condamnarea!<\/p>\n<p><strong>Potentatul<\/strong><br \/>\nE aparent un \u201com de bine\u201d<br \/>\n\u0218i consecvent moralei noi<br \/>\nCe are p\u00e2inea (pentru sine)<br \/>\nC\u00e2t \u0219i cu\u021bitul (pentru noi).<\/p>\n<p><strong>Tandre\u021bi conjugale<\/strong><br \/>\nCa dovad\u0103 c\u0103-s firi calme<br \/>\n\u0218i au maniere fine,<br \/>\nEa \u00eel \u021bine ca pe palme;<br \/>\n\u0218i el tot \u00een palme-o \u021bine!<\/p>\n<p><strong>Epitaf unui prost<\/strong><br \/>\nZace \u00eentre patru sc\u00e2nduri<br \/>\nInsul cu idei infime<br \/>\nCe-a murit c\u0103z\u00e2nd pe g\u00e2nduri<br \/>\nDe la mare \u00een\u0103l\u021bime &#8230;<\/p>\n<p><strong>\u0218amponul (defini\u021bie)<\/strong><br \/>\nFlaconul cu reclame din dulap,<br \/>\nUmplut cu-n fel de detergent modern<br \/>\nCe-\u021bi cur\u0103\u021b\u0103 mizeria din cap<br \/>\n(Cu men\u021binea \u201cpentru uz extern\u201d).<\/p>\n<\/div><\/div>\n<div class=\"su-column su-column-size-1-2\"><div class=\"su-column-inner su-u-clearfix su-u-trim\">\n<p><strong>\u0218amponul (defini\u021bie)<\/strong><br \/>\nFlaconul cu reclame din dulap,<br \/>\nUmplut cu-n fel de detergent modern<br \/>\nCe-\u021bi cur\u0103\u021b\u0103 mizeria din cap<br \/>\n(Cu men\u021binea \u201cpentru uz extern\u201d).<\/p>\n<p><strong>D\u2019ale modei<\/strong><br \/>\nLa cal sau porc, de \u00eei observ profund,<br \/>\nV\u0103d c\u0103 le cre\u0219te coada de la fund.<br \/>\nA lui e de la cap, dar \u00een esen\u021b\u0103,<br \/>\nConstat c\u0103 nu e nici o diferen\u021b\u0103!<\/p>\n<p><strong>Um spiro &#8230;<\/strong><br \/>\nDorind s\u0103-\u0219i schimbe ambian\u021ba<br \/>\n(La cota vie\u021biii m\u0103 refer),<br \/>\nTr\u0103iesc rom\u00e2nii cu speran\u021ba<br \/>\n&#8230; \u00centru-n perpetuuum adulter!<\/p>\n<p><strong>Ghici ce-i?<\/strong><br \/>\nO vezi \u00een c\u00e2te-un bar \u2013 cafe<br \/>\nSorbind cu sete \u0219i avan<br \/>\nCu paiul, un Aligote,<br \/>\nCu ochii, un Ali \u2013 Hassan!<\/p>\n<p><strong>Agravare &#8230;<\/strong><br \/>\nAm constatat o treab\u0103 curioas\u0103:<br \/>\nC\u00e2nd doctorii-n spital m\u0103 internar\u0103,<br \/>\nM-au scos, ce-i drept, din criz\u0103 ulceroas\u0103,<br \/>\nDar m-au b\u0103gat \u00een cea financiar\u0103.<\/p>\n<p><strong>Instantaneu \u00eentr-un restaurant<\/strong><br \/>\nC\u00e2nd osp\u0103tarului i-am spus c\u0103<br \/>\n\u00cen \u0219pri\u021bul din pahar e-o musc\u0103,<br \/>\nS\u0103ri \u021b\u00e2fnos \u0219i iritat:<br \/>\n-P\u0103i n-a\u021bi cerut un vin muscat??!<\/p>\n<p><strong>Unui potentat<\/strong><br \/>\n\u00cen cazul s\u0103u afirm \u0219i-o fac solemn:<br \/>\nEl ca alc\u0103tuire-i ideal<br \/>\nC\u0103, asortat la limba-i cea de lemn,<br \/>\nNici capul nu-i din alt material!<\/p>\n<p><strong>Vigilen\u021b\u0103<\/strong><br \/>\nLivada \u00eenflorit\u0103 \u2013 arat\u0103 trist<br \/>\nC-a ciom\u0103git-o domnul poli\u021bist,<br \/>\nC\u00e2nd i s-a explicat, la reciclare,<br \/>\nC\u0103 azi, la noi, corup\u021bia \u2013i \u00een floare!&#8230;<\/p>\n<p><strong>Amintiri &#8230;<\/strong><br \/>\nB\u0103tr\u00e2nei r\u00e2vnind la glorii,<br \/>\nBrusc descoperindu-\u0219i harul,<br \/>\nScriu tot felul de \u201cMemorii\u201d<br \/>\nC\u00e2nd \u00eei las\u0103 &#8230; singularul!<\/p>\n<p><strong>Dayton<\/strong><br \/>\nTo\u021bi urm\u0103rind un scop umanitar,<br \/>\nAu adoptat m\u0103suri spre a-l sus\u021bine:<br \/>\nEi, contra minei antipersonal,<br \/>\nNoi, contra personalului din mine.<\/p>\n<p><strong>Dialog la \u201cTrei iazuri\u201d<\/strong><br \/>\nChelneri\u021ba m\u0103 vr\u0103je\u0219te<br \/>\n(Mini, ten fardat strident &#8230;)<br \/>\n-Ce dori\u021bi? \u2013Ave\u021bi un pe\u0219te?<br \/>\n-N-am! &#8230; lucrez independent!<\/p>\n<\/div><\/div><\/div>\n<hr>\n<h4>2nd Prize &#8211; Gheorghe Suciu<\/h4>\n<div class=\"su-row\"><div class=\"su-column su-column-size-1-2\"><div class=\"su-column-inner su-u-clearfix su-u-trim\">\n<strong>JUSTIFICARE<\/strong><br \/>\nNu am ca-n basme un covor<br \/>\nPe care s\u0103 o duc \u00een zbor<br \/>\nDar nu se poate pl\u00e2nge soa\u021ba &#8230;<br \/>\nCu pre\u0219u-am dus-o toat\u0103 via\u021ba.<\/p>\n<p><strong>EU \u0218I ION \u021aIRIAC<\/strong><br \/>\n\u021airiac \u0219i eu, poetul,<br \/>\nF\u0103r\u2019 s\u0103 \u0219tiu jucam tandem:<br \/>\nEl \u00ee\u0219i ia prin banc\u0103 setul<br \/>\nEu, \u00eel fac pe dracul ghem!<\/p>\n<p><strong>GRIJA FA\u021a\u0102 DE P\u0102RIN\u021aI<\/strong><br \/>\nC\u00e2nd fu \u201codorul\u201d s\u0103 se-nsoare<br \/>\nVeni cu ochi ]nl[crima\u2019i<br \/>\n\u0218i-\u00eentreb\u0103 cu-ngrijorare:<br \/>\n-Voi, tata, unde o s\u0103 sta\u021bi?<\/p>\n<p><strong>Spre lini\u0219tirea unui invidios<\/strong><br \/>\nCum v\u0103d c\u0103 intri la \u201e idei\u201d<br \/>\nZadarnc s\u0103 te zba\u021bi nu vreau;<br \/>\nCe aqm, nicic\u00e2nd nu po\u021bi s\u0103-mi iei,<br \/>\nCe n-ai, oricum nu pot s\u0103-\u021bi dau!<\/p>\n<p><strong>BUSOLA TRANZI\u021aIEI<\/strong><br \/>\nOricum o-ntorci \u0219i-o \u021bii \u00een m\u00e2n\u0103<br \/>\nS\u0103 cau\u021bi drumul \u00eenspre VEST<br \/>\nBusola asta e nebun\u0103!<br \/>\nArat\u0103 \u00eentotdeauna EST!<\/p>\n<p><strong>UNEI TINERE VIOLONISTE<\/strong><br \/>\nE\u0219ti foarte scherzo domni\u0219oar\u0103<br \/>\n\u00cenc\u00e2t m\u0103 bate un g\u00e2nd ghidu\u0219<br \/>\nLa trupul t\u0103u ca o vioar\u0103<br \/>\nAllegro o s\u0103-\u021bi fiu arcu\u0219!<\/p>\n<p><strong>UNUI INFATUAT<\/strong><br \/>\nC\u00e2nd \u00ee\u0219i \u00eencalec\u0103 \u201e Pegasul\u201d<br \/>\nTe po\u021bi ab\u021bine s\u0103 nu spui?<br \/>\nO, Zei! Mai \u00een\u0103l\u021ba\u021bi Parnasul<br \/>\nS-ajung\u0103 \u0219i la nasul lui!<\/p>\n<p><strong>REFLEC\u021aIE<\/strong><br \/>\nSuntem to\u021bi f\u0103cu\u021bi din hum\u0103.<br \/>\nTrece \u201cvalul\u201d peste noi.<br \/>\nDin pu\u021bini se-alege \u201cspum\u0103\u201d<br \/>\nIar din cei mai mul\u021bi &#8230; NOROI!<\/p>\n<p><strong>PAROLISTUL<\/strong><br \/>\nBe\u021bia dragostei el i-a promis<br \/>\nAtunci c\u00e2nd de so\u021bie a cerut-o<br \/>\n\u0218i n-a f\u0103cut de-atunci un compromis<br \/>\nC\u0103 tot \u00eentr-o be\u021bie a \u021binut-o!<\/p>\n<p><strong>AJUTOR RECIPROC<\/strong><br \/>\nTurcia s\u0103 nu sucombe<br \/>\nFacem schimburi belicoase<br \/>\nEa ne-aduce-n \u021bar\u0103 bombe<br \/>\nNoi i-asigur\u0103m focoase!<\/p>\n<p><strong>DEMOCRA\u021aIA<\/strong><br \/>\nMarc\u0103 rar\u0103, o prefa\u021b\u0103,<br \/>\nLa un plic preten\u021bios<br \/>\nUnii o lipesc pe fa\u021b\u0103 &#8230;<br \/>\nNoi o aplic\u0103m pe dos.<\/p>\n<p><strong>REPUBLICA MOLDOVA<\/strong><br \/>\nSeam\u0103n\u0103 cu o mireas\u0103<br \/>\nCe, mai vrea, mai nu se las\u0103,<br \/>\nIar s-o iei cu anas\u00e2na<br \/>\nN-\u021bi d\u0103 m\u00e2na!<\/p>\n<\/div><\/div>\n<div class=\"su-column su-column-size-1-2\"><div class=\"su-column-inner su-u-clearfix su-u-trim\">\n<p><strong>CAPRA TRANZI\u021aIEI<\/strong><br \/>\nCiudat\u0103 e, miroase a protest,<br \/>\nPozi\u021bia luat\u0103 la nevoi.<br \/>\nCu cornul abunden\u021bei \u00eenspre VEST<br \/>\n\u0218i coada ridicat\u0103 \u00eenspre noi.<\/p>\n<p><strong>DIVIZIUNEA MUNCII<\/strong><br \/>\nLa noi domne\u0219te-n cas\u0103 armonia<br \/>\nC\u0103ci toate sarcinile-s \u00eemp\u0103r\u021bite.<br \/>\nLa vase \u0219i la crati\u021b\u0103, so\u021bia,<br \/>\nIar eu cu mama soacr\u0103 &#8230; la cu\u021bite.<\/p>\n<p><strong>LA SOSIREA \u00ceN UNITATE<\/strong><br \/>\nC\u00e2nd m\u0103 \u00eentorc de la restaurant<br \/>\nT\u00e2rziu \u0219i cam de tot dispre\u021bul<br \/>\nSo\u021bia d\u0103 ONOR LA COMANDANT<br \/>\nB\u0103t\u00e2nd cu palma f\u0103c\u0103le\u021bul.<\/p>\n<p><strong>BR\u00c2NCU\u0218IAN\u0102<\/strong><br \/>\nPrecum e Coloana de dreapt\u0103<br \/>\nTranzi\u021bia-i f\u0103r\u0103 sf\u00e2r\u0219it<br \/>\nIar Masa T\u0103cerii a\u0219teapt\u0103<br \/>\nS\u0103 treac\u0103 \u0219i ea-n infinit.<\/p>\n<p><strong>8 MARTIE \u0218I INFLA\u021aIA<\/strong><br \/>\nZiua ce \u00eemi d\u0103 fiori,<br \/>\nC\u00e2nd de\u0219i s\u0103rac lipit<br \/>\nEu \u00eei cump\u0103r soacrei flori &#8230;<br \/>\nDe coroan\u0103 nu-mi permit!<\/p>\n<p><strong>AMICILOR MEI<\/strong><br \/>\nAmicii mei, c\u00e2nd n-o mai fi s\u0103 fiu<br \/>\nC\u0103-mi va suna \u0219i cel din urm\u0103 ceas,<br \/>\nVeni\u021bi c\u00e2t mai aproape de sicriu &#8230;<br \/>\nS\u0103 v\u0103 mai dau o dat\u0103 peste nas!<\/p>\n<p><strong>EPIGRAMISTULUI ION MORARU CARE A AFIRMAT C\u0102 NU- S DE NASUL LUI<\/strong><br \/>\nEu nu-s a\u0219a l\u0103ud\u0103ros<br \/>\nDar pot pe nasul t\u0103u s\u0103 merg,<br \/>\nC\u0103 nu e\u0219ti cel dint\u00e2i mucos<br \/>\nCe vii la mine s\u0103 \u021bi-l \u0219terg.<\/p>\n<p><strong>LA DEMITEREA D-LUI B\u0102SESCU<\/strong><br \/>\nGlumeau ginecologii la \u0219uet\u0103,<br \/>\nC\u0103 Ciorbea prim \u2013 ministru-n mod barbar<br \/>\n\u0218i-a folosit stiloul drept chiuret\u0103,<br \/>\nS\u0103-l fac\u0103 pe B\u0103sescu &#8230; marinar!<\/p>\n<p><strong>UNUI ACTIVIST Z\u00c2MB\u0102RE\u021a<\/strong><br \/>\nPe la congrese \u0219i plenare,<br \/>\nDin to\u021bi conduc\u0103torii vechi,<br \/>\nAu fost destui cu gura mare&#8230;<br \/>\nDar nu \u0219i p\u00e2n\u0103 la urechi!<\/p>\n<p><strong>D-LUI NICOLAE V\u0102C\u0102ROIU<\/strong><br \/>\nDistribuit de Trahanache,<br \/>\n\u00cen dublu rol el a jucat.<br \/>\n\u0218i Agami\u021b\u0103 Dandanache<br \/>\n\u0218i Cet\u0103\u021beanul turmentat!<\/p>\n<p><strong>FAMILIAL\u0102<\/strong><br \/>\nLa vecini e ceart\u0103 mare<br \/>\nPentru felul de m\u00e2ncare.<br \/>\nLini\u0219te apoi ca-n Bellu<br \/>\nI-a f\u0103cut nebuna felul!<\/p>\n<\/div><\/div><\/div>\n<hr>\n<h4>3rd Prize &#8211; Elis R\u00e2peanu<\/h4>\n<div class=\"su-row\"><div class=\"su-column su-column-size-1-2\"><div class=\"su-column-inner su-u-clearfix su-u-trim\">\n<strong>1.PUTEREA FRUMUSE\u021aII BUCOVINENCELOR<\/strong><br \/>\nV\u0103z\u00e2nd asemenea f\u0103ptur\u0103 \u2013<br \/>\nCe trup \u00eenalt, ce ochi, ce gur\u0103! \u2013<br \/>\nS-a convertit \u0219i Dumnezeu<br \/>\n\u0218i-a devenit \u0219i El ateu.<\/p>\n<p><strong>2.CONIACUL<\/strong><br \/>\nNu-i soldat c\u0103 e gradat,<br \/>\nNu e om, da-i cum se cade<br \/>\n\u0218i de mul\u021bi e salutat,<br \/>\nAre foarte multe grade.<\/p>\n<p><strong>3.CELOR CE CONDAMN\u0102 \u201eDAMELE\u201d<\/strong><br \/>\nC\u00e2nd spre ele-ndrep\u021bi indexul,<br \/>\nUi\u021bi un adev\u0103r de baz\u0103<br \/>\nNu scornir\u0103 ele sexul,<br \/>\nCi \u00eel perfec\u021bioneaz\u0103.<\/p>\n<p><strong>4.SP\u0102LATUL RUFELOR<\/strong><br \/>\n\u0218tim cu to\u021bi c\u0103 rufa, de-i murdar\u0103,<br \/>\n\u00cen cas\u0103-o speli, cu detergent.<br \/>\nMai nou, se murd\u0103re\u0219te-n \u021bar\u0103<br \/>\n\u0218i-apoi se spal\u0103-n Occident.<\/p>\n<p><strong>5.INFIDELITATEA ORIC\u0102REI SO\u021aII<\/strong><br \/>\nC\u00e2nd se-ntinde \u2013n pat alene,<br \/>\nE sedus\u0103 de-alt b\u0103rbat.<br \/>\nVine Ene pe la gene \u2013<br \/>\nMo\u0219ul cel mai bun la pat.<\/p>\n<p><strong>6.M\u0102SURA TIMPULUI<\/strong><br \/>\nSe plimb\u0103 t\u00e2rziu cu Dora<br \/>\n\u0218i, cu pa\u0219ii tot mai rari,<br \/>\nEl o-ntreab\u0103 c\u00e2t e ora,<br \/>\nEa r\u0103spunde \u00een dolari.<\/p>\n<p><strong>7.AUTENTIC\u0102<\/strong><br \/>\nC\u00e2nd tomul \u00eemi era pe drum,<br \/>\nSo\u021bia m\u0103-ntreba mereu:<br \/>\nMai to\u021bi n\u0103rozii au volum,<br \/>\nTu ce a\u0219tepti, iubitul meu?<\/p>\n<p><strong>8.FO\u0218NETE<\/strong><br \/>\nChiar iubirile model<br \/>\nSunt de zboruri v\u0103muite.<br \/>\nAripile bat la fel,<br \/>\nDar \u00een piepturi diferite.<\/p>\n<p><strong>9.DIREC\u021aIE SCHIMBAT\u0102<\/strong><br \/>\nUrl\u00e2nd c\u0103 el e \u0219ef \u00een cas\u0103,<br \/>\nSe jur\u0103-n m\u00e2n\u0103 c-un ciomag<br \/>\nC\u0103 pune de- azi picioru-n prag<br \/>\n\u0218i-l puse, \u00eens\u0103 ca s\u0103 ias\u0103.<\/p>\n<p><strong>10.UNOR EPIGRAMI\u0218TI DE BINE<\/strong><br \/>\nSunt epigrami\u0219ti de bine<br \/>\nCe, cu poanta lor \u00eenalt\u0103,<br \/>\nFie dau cu b\u00e2ta-n tine,<br \/>\nFie dau cu b\u00e2ta-n balt\u0103.<\/p>\n<p><strong>11.SPITALUL \u0218I PALATUL VICTORIA<\/strong><br \/>\nC\u00e2nd stau bolnavii c\u00e2te trei \u00een pat<br \/>\nC-at\u00e2t se-aloc\u0103 din buget \u2013<br \/>\nS\u0103 stea \u0219i DOMNII din Plat<br \/>\nCam c\u00e2te trei pe-un taburet.<\/p>\n<\/div><\/div>\n<div class=\"su-column su-column-size-1-2\"><div class=\"su-column-inner su-u-clearfix su-u-trim\">\n<p><strong>12.C\u0102S\u0102TORI\u021aI CU CERTIFICAT<\/strong><br \/>\nTineri, la hotel sosi\u021bi,<br \/>\nIau o camer\u0103 \u2013 am\u00e2ndoi<br \/>\nC\u0103 erau c\u0103s\u0103tori\u021bi:<br \/>\nEl de-un an \u0219i ea de doi.<\/p>\n<p><strong>13.CRITICUL LITERAR \u00ceN TRANZI\u021aIE<\/strong><br \/>\nLimbaju-i fin \u0219i onctuos,<br \/>\nDar mu\u0219c\u0103, vere, p\u00e2n\u2019 la os!<br \/>\nEra mai bine de \u2013 \u0219i p\u0103stra<br \/>\nLimbajul de pe c\u00e2nd l\u0103tra.<\/p>\n<p><strong>14.IMPOZIT PE VENITUL GLOBAL<\/strong><br \/>\nAfl\u00e2nd c\u0103-i musai s\u0103 declare \u2013<br \/>\nS\u0103 scrie-n fi\u0219\u0103 tot ce are \u2013<br \/>\nUn biet b\u0103tr\u00e2n fl\u0103m\u00e2nd se pl\u00e2nge:<br \/>\nS\u0103 scriu \u0219i zah\u0103rul din s\u00e2nge?<\/p>\n<p><strong>15.ARTA CULINAR\u0102 A SO\u021aULUI<\/strong><br \/>\nD\u00e2nsul \u0219tie s\u0103 prepare<br \/>\nC\u00e2nd so\u021bia e plecat\u0103<br \/>\nDoar trei feluri de m\u00e2ncare:<br \/>\nCrud\u0103, ars\u0103 \u0219i \u2013 afumat\u0103.<\/p>\n<p><strong>16.ZBATERE \u00ceN INSECTAR<\/strong><br \/>\nGeaba Domnii \u2013 \u0219i vor p\u0103stra<br \/>\nPrivilegii vechi de cast\u0103<br \/>\nC\u0103 femeia dac\u0103 vrea<br \/>\nFace din b\u0103rbat nevast\u0103.<\/p>\n<p><strong>17.CIOLANE<\/strong><br \/>\nRom\u00e2nul a v\u00e2nat ciolanul<br \/>\nDe cum sc\u0103p\u0103 un pic de rele<br \/>\n\u0218i \u2013 acum, c-a disp\u0103rut Tiranul,<br \/>\n\u00cei ies ciolanele prin piele.<\/p>\n<p><strong>18.PARADOXUL CORUP\u021aIEI<\/strong><br \/>\nJusti\u021biarii, domni de soi,<br \/>\nPe cin\u2019 s\u0103 trag\u0103 de urechi?<br \/>\n\u0218i-au zis \u00een cor c\u0103 ho\u021bii noi<br \/>\nSunt mai cinsti\u021bi ca ho\u021bii vechi.<\/p>\n<p><strong>19.ATITUDINE NOU\u0102<\/strong><br \/>\nDup\u0103 T. Mu\u0219atescu<br \/>\nDe-o vreme-n via\u021ba conjugal\u0103,<br \/>\nPurtarea mi-e mai b\u0103rb\u0103teasc\u0103,<br \/>\nDe-mi v\u0103d cumva so\u021bia goal\u0103<br \/>\nO \u00eenvelesc s\u0103 nu r\u0103ceasc\u0103.<\/p>\n<p><strong>20.ADEV\u0102RUL DESPRE REVOLU\u021aIE<\/strong><br \/>\nE plin\u0103 \u021bara de co\u021bcari<br \/>\n\u0218i lupul geaba-\u0219i schimb\u0103 p\u0103rul<br \/>\nC\u0103 mincino\u0219ii cei mai mari<br \/>\n\u0218tiu cel mai bine adev\u0103rul.<\/p>\n<p><strong>21.LEGE VE\u0218NIC NOU\u0102<\/strong><br \/>\nNoaptea-n col\u021b \u00ee\u021bi cer golanii<br \/>\nFie via\u021ba, fie banii.<br \/>\nSoa\u021ba are lege nou\u0103 \u2013<br \/>\n\u021ai le cere pe \u2013 am\u00e2ndou\u0103.<\/p>\n<p><strong>22.MEDICII \u0218I COSMOSUL<\/strong><br \/>\nDup\u0103 Montaigne<br \/>\nTo\u021bi medicii din lumea asta mare<br \/>\nLega\u021bi de Cosmos \u0219i de Terra sunt,<br \/>\nSucccesul lor e luminat de Soare,<br \/>\nGre\u0219eala-i astupat\u0103 de P\u0103m\u00e2nt.<\/p>\n<\/div><\/div><\/div>","protected":false},"excerpt":{"rendered":"<p>1st Prize &#8211; Vasile Vajoga 2nd Prize &#8211; Gheorghe Suciu 3rd Prize &#8211; Elis R\u00e2peanu<\/p>\n","protected":false},"author":1,"featured_media":0,"parent":8767,"menu_order":0,"comment_status":"closed","ping_status":"closed","template":"","meta":{"ngg_post_thumbnail":0,"footnotes":""},"class_list":["post-8780","page","type-page","status-publish","hentry"],"yoast_head":"<!-- This site is optimized with the Yoast SEO plugin v25.9 - https:\/\/yoast.com\/wordpress\/plugins\/seo\/ -->\n<title>Epigram winners 1998 - Humour at .... Gura Humorului<\/title>\n<meta name=\"robots\" content=\"index, follow, max-snippet:-1, max-image-preview:large, max-video-preview:-1\" \/>\n<link rel=\"canonical\" href=\"https:\/\/www.umorlagurahumorului.ro\/editii\/editia-08-1998\/premianti-epigrama-1998\/\" \/>\n<meta property=\"og:locale\" content=\"en_US\" \/>\n<meta property=\"og:type\" content=\"article\" \/>\n<meta property=\"og:title\" content=\"[:ro]Premianti epigrama 1998[:en]Epigram winners 1998[:] - Humour at .... Gura Humorului\" \/>\n<meta property=\"og:description\" content=\"1st Prize &#8211; Vasile Vajoga 2nd Prize &#8211; Gheorghe Suciu 3rd Prize &#8211; Elis R\u00e2peanu\" \/>\n<meta property=\"og:url\" content=\"https:\/\/www.umorlagurahumorului.ro\/editii\/editia-08-1998\/premianti-epigrama-1998\/\" \/>\n<meta property=\"og:site_name\" content=\"Humour at .... Gura Humorului\" \/>\n<meta property=\"article:publisher\" content=\"https:\/\/www.facebook.com\/Umor-la-Gura-Humorului-Humour-at-Gura-Humorului-105184057924606\/\" \/>\n<meta property=\"article:modified_time\" content=\"2020-07-21T21:26:41+00:00\" \/>\n<meta name=\"twitter:card\" content=\"summary_large_image\" \/>\n<meta name=\"twitter:label1\" content=\"Est. reading time\" \/>\n\t<meta name=\"twitter:data1\" content=\"19 minutes\" \/>\n<script type=\"application\/ld+json\" class=\"yoast-schema-graph\">{\"@context\":\"https:\/\/schema.org\",\"@graph\":[{\"@type\":\"WebPage\",\"@id\":\"https:\/\/www.umorlagurahumorului.ro\/editii\/editia-08-1998\/premianti-epigrama-1998\/\",\"url\":\"https:\/\/www.umorlagurahumorului.ro\/editii\/editia-08-1998\/premianti-epigrama-1998\/\",\"name\":\"[:ro]Premianti epigrama 1998[:en]Epigram winners 1998[:] - Humour at .... Gura Humorului\",\"isPartOf\":{\"@id\":\"https:\/\/www.umorlagurahumorului.ro\/#website\"},\"datePublished\":\"2020-06-24T19:27:19+00:00\",\"dateModified\":\"2020-07-21T21:26:41+00:00\",\"breadcrumb\":{\"@id\":\"https:\/\/www.umorlagurahumorului.ro\/editii\/editia-08-1998\/premianti-epigrama-1998\/#breadcrumb\"},\"inLanguage\":\"en-US\",\"potentialAction\":[{\"@type\":\"ReadAction\",\"target\":[\"https:\/\/www.umorlagurahumorului.ro\/editii\/editia-08-1998\/premianti-epigrama-1998\/\"]}]},{\"@type\":\"BreadcrumbList\",\"@id\":\"https:\/\/www.umorlagurahumorului.ro\/editii\/editia-08-1998\/premianti-epigrama-1998\/#breadcrumb\",\"itemListElement\":[{\"@type\":\"ListItem\",\"position\":1,\"name\":\"Prima pagin\u0103\",\"item\":\"https:\/\/www.umorlagurahumorului.ro\/\"},{\"@type\":\"ListItem\",\"position\":2,\"name\":\"Editii\",\"item\":\"https:\/\/www.umorlagurahumorului.ro\/editii\/\"},{\"@type\":\"ListItem\",\"position\":3,\"name\":\"Editia 08 &#8211; 1998\",\"item\":\"https:\/\/www.umorlagurahumorului.ro\/editii\/editia-08-1998\/\"},{\"@type\":\"ListItem\",\"position\":4,\"name\":\"Premianti epigrama 1998\"}]},{\"@type\":\"WebSite\",\"@id\":\"https:\/\/www.umorlagurahumorului.ro\/#website\",\"url\":\"https:\/\/www.umorlagurahumorului.ro\/\",\"name\":\"Umor la Gura Humorului\",\"description\":\"The International Festival of Cartoon and Humorous Literature\",\"publisher\":{\"@id\":\"https:\/\/www.umorlagurahumorului.ro\/#organization\"},\"potentialAction\":[{\"@type\":\"SearchAction\",\"target\":{\"@type\":\"EntryPoint\",\"urlTemplate\":\"https:\/\/www.umorlagurahumorului.ro\/?s={search_term_string}\"},\"query-input\":{\"@type\":\"PropertyValueSpecification\",\"valueRequired\":true,\"valueName\":\"search_term_string\"}}],\"inLanguage\":\"en-US\"},{\"@type\":\"Organization\",\"@id\":\"https:\/\/www.umorlagurahumorului.ro\/#organization\",\"name\":\"Festivalul Interna\u021bional de Grafic\u0103 Satiric\u0103 \u0219i Literatur\u0103 Umoristic\u0103 Umor la Gura Humorului\",\"url\":\"https:\/\/www.umorlagurahumorului.ro\/\",\"logo\":{\"@type\":\"ImageObject\",\"inLanguage\":\"en-US\",\"@id\":\"https:\/\/www.umorlagurahumorului.ro\/#\/schema\/logo\/image\/\",\"url\":\"https:\/\/www.umorlagurahumorului.ro\/wp-content\/uploads\/2020\/07\/umor-la-gura-humorului.jpg\",\"contentUrl\":\"https:\/\/www.umorlagurahumorului.ro\/wp-content\/uploads\/2020\/07\/umor-la-gura-humorului.jpg\",\"width\":618,\"height\":315,\"caption\":\"Festivalul Interna\u021bional de Grafic\u0103 Satiric\u0103 \u0219i Literatur\u0103 Umoristic\u0103 Umor la Gura Humorului\"},\"image\":{\"@id\":\"https:\/\/www.umorlagurahumorului.ro\/#\/schema\/logo\/image\/\"},\"sameAs\":[\"https:\/\/www.facebook.com\/Umor-la-Gura-Humorului-Humour-at-Gura-Humorului-105184057924606\/\"]}]}<\/script>\n<!-- \/ Yoast SEO plugin. -->","yoast_head_json":{"title":"[:ro]Premianti epigrama 1998[:en]Epigram winners 1998[:] - Humour at .... Gura Humorului","robots":{"index":"index","follow":"follow","max-snippet":"max-snippet:-1","max-image-preview":"max-image-preview:large","max-video-preview":"max-video-preview:-1"},"canonical":"https:\/\/www.umorlagurahumorului.ro\/editii\/editia-08-1998\/premianti-epigrama-1998\/","og_locale":"en_US","og_type":"article","og_title":"[:ro]Premianti epigrama 1998[:en]Epigram winners 1998[:] - Humour at .... Gura Humorului","og_description":"1st Prize &#8211; Vasile Vajoga 2nd Prize &#8211; Gheorghe Suciu 3rd Prize &#8211; Elis R\u00e2peanu","og_url":"https:\/\/www.umorlagurahumorului.ro\/editii\/editia-08-1998\/premianti-epigrama-1998\/","og_site_name":"Humour at .... Gura Humorului","article_publisher":"https:\/\/www.facebook.com\/Umor-la-Gura-Humorului-Humour-at-Gura-Humorului-105184057924606\/","article_modified_time":"2020-07-21T21:26:41+00:00","twitter_card":"summary_large_image","twitter_misc":{"Est. reading time":"19 minutes"},"schema":{"@context":"https:\/\/schema.org","@graph":[{"@type":"WebPage","@id":"https:\/\/www.umorlagurahumorului.ro\/editii\/editia-08-1998\/premianti-epigrama-1998\/","url":"https:\/\/www.umorlagurahumorului.ro\/editii\/editia-08-1998\/premianti-epigrama-1998\/","name":"[:ro]Premianti epigrama 1998[:en]Epigram winners 1998[:] - Humour at .... Gura Humorului","isPartOf":{"@id":"https:\/\/www.umorlagurahumorului.ro\/#website"},"datePublished":"2020-06-24T19:27:19+00:00","dateModified":"2020-07-21T21:26:41+00:00","breadcrumb":{"@id":"https:\/\/www.umorlagurahumorului.ro\/editii\/editia-08-1998\/premianti-epigrama-1998\/#breadcrumb"},"inLanguage":"en-US","potentialAction":[{"@type":"ReadAction","target":["https:\/\/www.umorlagurahumorului.ro\/editii\/editia-08-1998\/premianti-epigrama-1998\/"]}]},{"@type":"BreadcrumbList","@id":"https:\/\/www.umorlagurahumorului.ro\/editii\/editia-08-1998\/premianti-epigrama-1998\/#breadcrumb","itemListElement":[{"@type":"ListItem","position":1,"name":"Prima pagin\u0103","item":"https:\/\/www.umorlagurahumorului.ro\/"},{"@type":"ListItem","position":2,"name":"Editii","item":"https:\/\/www.umorlagurahumorului.ro\/editii\/"},{"@type":"ListItem","position":3,"name":"Editia 08 &#8211; 1998","item":"https:\/\/www.umorlagurahumorului.ro\/editii\/editia-08-1998\/"},{"@type":"ListItem","position":4,"name":"Premianti epigrama 1998"}]},{"@type":"WebSite","@id":"https:\/\/www.umorlagurahumorului.ro\/#website","url":"https:\/\/www.umorlagurahumorului.ro\/","name":"Umor la Gura Humorului","description":"The International Festival of Cartoon and Humorous Literature","publisher":{"@id":"https:\/\/www.umorlagurahumorului.ro\/#organization"},"potentialAction":[{"@type":"SearchAction","target":{"@type":"EntryPoint","urlTemplate":"https:\/\/www.umorlagurahumorului.ro\/?s={search_term_string}"},"query-input":{"@type":"PropertyValueSpecification","valueRequired":true,"valueName":"search_term_string"}}],"inLanguage":"en-US"},{"@type":"Organization","@id":"https:\/\/www.umorlagurahumorului.ro\/#organization","name":"Festivalul Interna\u021bional de Grafic\u0103 Satiric\u0103 \u0219i Literatur\u0103 Umoristic\u0103 Umor la Gura Humorului","url":"https:\/\/www.umorlagurahumorului.ro\/","logo":{"@type":"ImageObject","inLanguage":"en-US","@id":"https:\/\/www.umorlagurahumorului.ro\/#\/schema\/logo\/image\/","url":"https:\/\/www.umorlagurahumorului.ro\/wp-content\/uploads\/2020\/07\/umor-la-gura-humorului.jpg","contentUrl":"https:\/\/www.umorlagurahumorului.ro\/wp-content\/uploads\/2020\/07\/umor-la-gura-humorului.jpg","width":618,"height":315,"caption":"Festivalul Interna\u021bional de Grafic\u0103 Satiric\u0103 \u0219i Literatur\u0103 Umoristic\u0103 Umor la Gura Humorului"},"image":{"@id":"https:\/\/www.umorlagurahumorului.ro\/#\/schema\/logo\/image\/"},"sameAs":["https:\/\/www.facebook.com\/Umor-la-Gura-Humorului-Humour-at-Gura-Humorului-105184057924606\/"]}]}},"_links":{"self":[{"href":"https:\/\/www.umorlagurahumorului.ro\/en\/wp-json\/wp\/v2\/pages\/8780","targetHints":{"allow":["GET"]}}],"collection":[{"href":"https:\/\/www.umorlagurahumorului.ro\/en\/wp-json\/wp\/v2\/pages"}],"about":[{"href":"https:\/\/www.umorlagurahumorului.ro\/en\/wp-json\/wp\/v2\/types\/page"}],"author":[{"embeddable":true,"href":"https:\/\/www.umorlagurahumorului.ro\/en\/wp-json\/wp\/v2\/users\/1"}],"replies":[{"embeddable":true,"href":"https:\/\/www.umorlagurahumorului.ro\/en\/wp-json\/wp\/v2\/comments?post=8780"}],"version-history":[{"count":5,"href":"https:\/\/www.umorlagurahumorului.ro\/en\/wp-json\/wp\/v2\/pages\/8780\/revisions"}],"predecessor-version":[{"id":9499,"href":"https:\/\/www.umorlagurahumorului.ro\/en\/wp-json\/wp\/v2\/pages\/8780\/revisions\/9499"}],"up":[{"embeddable":true,"href":"https:\/\/www.umorlagurahumorului.ro\/en\/wp-json\/wp\/v2\/pages\/8767"}],"wp:attachment":[{"href":"https:\/\/www.umorlagurahumorului.ro\/en\/wp-json\/wp\/v2\/media?parent=8780"}],"curies":[{"name":"wp","href":"https:\/\/api.w.org\/{rel}","templated":true}]}}