{"id":8659,"date":"2020-06-23T20:55:22","date_gmt":"2020-06-23T20:55:22","guid":{"rendered":"http:\/\/www.umorlagurahumorului.ro\/?page_id=8659"},"modified":"2020-07-22T11:23:17","modified_gmt":"2020-07-22T11:23:17","slug":"editia-13-2003","status":"publish","type":"page","link":"https:\/\/www.umorlagurahumorului.ro\/en\/editii\/editia-13-2003\/","title":{"rendered":"13th Edition &#8211; 2003"},"content":{"rendered":"<div class=\"su-tabs su-tabs-style-default su-tabs-mobile-scroll\" data-active=\"1\" data-scroll-offset=\"0\" data-anchor-in-url=\"no\"><div class=\"su-tabs-nav\"><span class=\"\" data-url=\"\" data-target=\"blank\" tabindex=\"0\" role=\"button\">Cartoon winners<\/span><span class=\"\" data-url=\"\" data-target=\"blank\" tabindex=\"0\" role=\"button\">Photo gallery<\/span><\/div><div class=\"su-tabs-panes\"><div class=\"su-tabs-pane su-u-clearfix su-u-trim\" data-title=\"Cartoon winners\">\n<div class=\"su-spacer\" style=\"height:20px\"><\/div>\n<a href=\"http:\/\/www.umorlagurahumorului.ro\/wp-content\/editii\/2003\/palmares-si-juriu-grafica-en.pdf\" class=\"su-button su-button-style-default\" style=\"color:#FFFFFF;background-color:#B33D31;border-color:#903128;border-radius:0px\" target=\"_blank\" rel=\"noopener noreferrer\"><span style=\"color:#FFFFFF;padding:6px 16px;font-size:13px;line-height:20px;border-color:#ca786f;border-radius:0px;text-shadow:none\"><i class=\"sui sui-file-pdf-o\" style=\"font-size:13px;color:#FFFFFF\"><\/i> Cartoon winners and jury.pdf<\/span><\/a>\n<div class=\"su-spacer\" style=\"height:50px\"><\/div>\n<h2 style=\"color:#B33D31;\">Cartoon Section<\/h2>\n<div data-post-id=\"8672\" class=\"insert-page insert-page-8672 \"><div class=\"su-spacer\" style=\"height:20px\"><\/div>\n<hr>\n<h4>1st Prize &#8211; Adrian Trestian &#8211; Romania<\/h4>\n<p> \n\t\t<style type=\"text\/css\">\n\t\t\t#gallery-13 {\n\t\t\t\tmargin: auto;\n\t\t\t}\n\t\t\t#gallery-13 .gallery-item {\n\t\t\t\tfloat: left;\n\t\t\t\tmargin-top: 10px;\n\t\t\t\ttext-align: center;\n\t\t\t\twidth: 50%;\n\t\t\t}\n\t\t\t#gallery-13 img {\n\t\t\t\tborder: 2px solid #cfcfcf;\n\t\t\t}\n\t\t\t#gallery-13 .gallery-caption {\n\t\t\t\tmargin-left: 0;\n\t\t\t}\n\t\t\t\/* see gallery_shortcode() in wp-includes\/media.php *\/\n\t\t<\/style>\n\t\t<div id='gallery-13' class='gallery galleryid-8659 gallery-columns-2 gallery-size-medium'><dl class='gallery-item'>\n\t\t\t<dt class='gallery-icon landscape'>\n\t\t\t\t<a href='https:\/\/www.umorlagurahumorului.ro\/wp-content\/uploads\/2020\/06\/Adrian-Trestian1.jpg'><img loading=\"lazy\" decoding=\"async\" width=\"300\" height=\"212\" src=\"https:\/\/www.umorlagurahumorului.ro\/wp-content\/uploads\/2020\/06\/Adrian-Trestian1-300x212.jpg\" class=\"attachment-medium size-medium\" alt=\"\" srcset=\"https:\/\/www.umorlagurahumorului.ro\/wp-content\/uploads\/2020\/06\/Adrian-Trestian1-300x212.jpg 300w, https:\/\/www.umorlagurahumorului.ro\/wp-content\/uploads\/2020\/06\/Adrian-Trestian1-768x542.jpg 768w, https:\/\/www.umorlagurahumorului.ro\/wp-content\/uploads\/2020\/06\/Adrian-Trestian1-400x282.jpg 400w, https:\/\/www.umorlagurahumorului.ro\/wp-content\/uploads\/2020\/06\/Adrian-Trestian1.jpg 1000w\" sizes=\"auto, (max-width: 300px) 100vw, 300px\" \/><\/a>\n\t\t\t<\/dt><\/dl><dl class='gallery-item'>\n\t\t\t<dt class='gallery-icon portrait'>\n\t\t\t\t<a href='https:\/\/www.umorlagurahumorului.ro\/wp-content\/uploads\/2020\/06\/Adrian-Trestian2.jpg'><img loading=\"lazy\" decoding=\"async\" width=\"212\" height=\"300\" src=\"https:\/\/www.umorlagurahumorului.ro\/wp-content\/uploads\/2020\/06\/Adrian-Trestian2-212x300.jpg\" class=\"attachment-medium size-medium\" alt=\"\" srcset=\"https:\/\/www.umorlagurahumorului.ro\/wp-content\/uploads\/2020\/06\/Adrian-Trestian2-212x300.jpg 212w, https:\/\/www.umorlagurahumorului.ro\/wp-content\/uploads\/2020\/06\/Adrian-Trestian2-400x567.jpg 400w, https:\/\/www.umorlagurahumorului.ro\/wp-content\/uploads\/2020\/06\/Adrian-Trestian2.jpg 706w\" sizes=\"auto, (max-width: 212px) 100vw, 212px\" \/><\/a>\n\t\t\t<\/dt><\/dl><br style=\"clear: both\" \/>\n\t\t<\/div>\n\n<div class=\"su-spacer\" style=\"height:20px\"><\/div>\n<hr>\n<h4>2nd Prize &#8211; Leonte N\u0103stase &#8211; Romania<\/h4>\n<p> \n\t\t<style type=\"text\/css\">\n\t\t\t#gallery-14 {\n\t\t\t\tmargin: auto;\n\t\t\t}\n\t\t\t#gallery-14 .gallery-item {\n\t\t\t\tfloat: left;\n\t\t\t\tmargin-top: 10px;\n\t\t\t\ttext-align: center;\n\t\t\t\twidth: 50%;\n\t\t\t}\n\t\t\t#gallery-14 img {\n\t\t\t\tborder: 2px solid #cfcfcf;\n\t\t\t}\n\t\t\t#gallery-14 .gallery-caption {\n\t\t\t\tmargin-left: 0;\n\t\t\t}\n\t\t\t\/* see gallery_shortcode() in wp-includes\/media.php *\/\n\t\t<\/style>\n\t\t<div id='gallery-14' class='gallery galleryid-8659 gallery-columns-2 gallery-size-medium'><dl class='gallery-item'>\n\t\t\t<dt class='gallery-icon landscape'>\n\t\t\t\t<a href='https:\/\/www.umorlagurahumorului.ro\/wp-content\/uploads\/2020\/06\/Leonte-N\u0103stase1-2.jpg'><img loading=\"lazy\" decoding=\"async\" width=\"300\" height=\"214\" src=\"https:\/\/www.umorlagurahumorului.ro\/wp-content\/uploads\/2020\/06\/Leonte-N\u0103stase1-2-300x214.jpg\" class=\"attachment-medium size-medium\" alt=\"\" srcset=\"https:\/\/www.umorlagurahumorului.ro\/wp-content\/uploads\/2020\/06\/Leonte-N\u0103stase1-2-300x214.jpg 300w, https:\/\/www.umorlagurahumorului.ro\/wp-content\/uploads\/2020\/06\/Leonte-N\u0103stase1-2-768x548.jpg 768w, https:\/\/www.umorlagurahumorului.ro\/wp-content\/uploads\/2020\/06\/Leonte-N\u0103stase1-2-400x285.jpg 400w, https:\/\/www.umorlagurahumorului.ro\/wp-content\/uploads\/2020\/06\/Leonte-N\u0103stase1-2.jpg 1000w\" sizes=\"auto, (max-width: 300px) 100vw, 300px\" \/><\/a>\n\t\t\t<\/dt><\/dl><dl class='gallery-item'>\n\t\t\t<dt class='gallery-icon landscape'>\n\t\t\t\t<a href='https:\/\/www.umorlagurahumorului.ro\/wp-content\/uploads\/2020\/06\/Leonte-N\u0103stase2-2.jpg'><img loading=\"lazy\" decoding=\"async\" width=\"300\" height=\"222\" src=\"https:\/\/www.umorlagurahumorului.ro\/wp-content\/uploads\/2020\/06\/Leonte-N\u0103stase2-2-300x222.jpg\" class=\"attachment-medium size-medium\" alt=\"\" srcset=\"https:\/\/www.umorlagurahumorului.ro\/wp-content\/uploads\/2020\/06\/Leonte-N\u0103stase2-2-300x222.jpg 300w, https:\/\/www.umorlagurahumorului.ro\/wp-content\/uploads\/2020\/06\/Leonte-N\u0103stase2-2-768x568.jpg 768w, https:\/\/www.umorlagurahumorului.ro\/wp-content\/uploads\/2020\/06\/Leonte-N\u0103stase2-2-400x296.jpg 400w, https:\/\/www.umorlagurahumorului.ro\/wp-content\/uploads\/2020\/06\/Leonte-N\u0103stase2-2.jpg 1000w\" sizes=\"auto, (max-width: 300px) 100vw, 300px\" \/><\/a>\n\t\t\t<\/dt><\/dl><br style=\"clear: both\" \/>\n\t\t<\/div>\n\n<div class=\"su-spacer\" style=\"height:20px\"><\/div>\n<hr>\n<h4>3rd Prize &#8211; R\u0103zvan B\u0103ncil\u0103 &#8211; Romania<\/h4>\n<p> \n\t\t<style type=\"text\/css\">\n\t\t\t#gallery-15 {\n\t\t\t\tmargin: auto;\n\t\t\t}\n\t\t\t#gallery-15 .gallery-item {\n\t\t\t\tfloat: left;\n\t\t\t\tmargin-top: 10px;\n\t\t\t\ttext-align: center;\n\t\t\t\twidth: 50%;\n\t\t\t}\n\t\t\t#gallery-15 img {\n\t\t\t\tborder: 2px solid #cfcfcf;\n\t\t\t}\n\t\t\t#gallery-15 .gallery-caption {\n\t\t\t\tmargin-left: 0;\n\t\t\t}\n\t\t\t\/* see gallery_shortcode() in wp-includes\/media.php *\/\n\t\t<\/style>\n\t\t<div id='gallery-15' class='gallery galleryid-8659 gallery-columns-2 gallery-size-medium'><dl class='gallery-item'>\n\t\t\t<dt class='gallery-icon portrait'>\n\t\t\t\t<a href='https:\/\/www.umorlagurahumorului.ro\/wp-content\/uploads\/2020\/06\/R\u0103zvan-B\u0103ncil\u01031.jpg'><img loading=\"lazy\" decoding=\"async\" width=\"212\" height=\"300\" src=\"https:\/\/www.umorlagurahumorului.ro\/wp-content\/uploads\/2020\/06\/R\u0103zvan-B\u0103ncil\u01031-212x300.jpg\" class=\"attachment-medium size-medium\" alt=\"\" srcset=\"https:\/\/www.umorlagurahumorului.ro\/wp-content\/uploads\/2020\/06\/R\u0103zvan-B\u0103ncil\u01031-212x300.jpg 212w, https:\/\/www.umorlagurahumorului.ro\/wp-content\/uploads\/2020\/06\/R\u0103zvan-B\u0103ncil\u01031-400x566.jpg 400w, https:\/\/www.umorlagurahumorului.ro\/wp-content\/uploads\/2020\/06\/R\u0103zvan-B\u0103ncil\u01031.jpg 707w\" sizes=\"auto, (max-width: 212px) 100vw, 212px\" \/><\/a>\n\t\t\t<\/dt><\/dl><dl class='gallery-item'>\n\t\t\t<dt class='gallery-icon portrait'>\n\t\t\t\t<a href='https:\/\/www.umorlagurahumorului.ro\/wp-content\/uploads\/2020\/06\/R\u0103zvan-B\u0103ncil\u01032.jpg'><img loading=\"lazy\" decoding=\"async\" width=\"212\" height=\"300\" src=\"https:\/\/www.umorlagurahumorului.ro\/wp-content\/uploads\/2020\/06\/R\u0103zvan-B\u0103ncil\u01032-212x300.jpg\" class=\"attachment-medium size-medium\" alt=\"\" srcset=\"https:\/\/www.umorlagurahumorului.ro\/wp-content\/uploads\/2020\/06\/R\u0103zvan-B\u0103ncil\u01032-212x300.jpg 212w, https:\/\/www.umorlagurahumorului.ro\/wp-content\/uploads\/2020\/06\/R\u0103zvan-B\u0103ncil\u01032-400x566.jpg 400w, https:\/\/www.umorlagurahumorului.ro\/wp-content\/uploads\/2020\/06\/R\u0103zvan-B\u0103ncil\u01032.jpg 707w\" sizes=\"auto, (max-width: 212px) 100vw, 212px\" \/><\/a>\n\t\t\t<\/dt><\/dl><br style=\"clear: both\" \/>\n\t\t<\/div>\n\n<div class=\"su-spacer\" style=\"height:20px\"><\/div>\n<hr>\n<h4>George Gavrilean Prize &#8211; Viorel Ciocan &#8211; Romania<\/h4>\n<p> \n\t\t<style type=\"text\/css\">\n\t\t\t#gallery-16 {\n\t\t\t\tmargin: auto;\n\t\t\t}\n\t\t\t#gallery-16 .gallery-item {\n\t\t\t\tfloat: left;\n\t\t\t\tmargin-top: 10px;\n\t\t\t\ttext-align: center;\n\t\t\t\twidth: 50%;\n\t\t\t}\n\t\t\t#gallery-16 img {\n\t\t\t\tborder: 2px solid #cfcfcf;\n\t\t\t}\n\t\t\t#gallery-16 .gallery-caption {\n\t\t\t\tmargin-left: 0;\n\t\t\t}\n\t\t\t\/* see gallery_shortcode() in wp-includes\/media.php *\/\n\t\t<\/style>\n\t\t<div id='gallery-16' class='gallery galleryid-8659 gallery-columns-2 gallery-size-medium'><dl class='gallery-item'>\n\t\t\t<dt class='gallery-icon portrait'>\n\t\t\t\t<a href='https:\/\/www.umorlagurahumorului.ro\/wp-content\/uploads\/2020\/06\/Viorel-Ciocan1.jpg'><img loading=\"lazy\" decoding=\"async\" width=\"225\" height=\"300\" src=\"https:\/\/www.umorlagurahumorului.ro\/wp-content\/uploads\/2020\/06\/Viorel-Ciocan1-225x300.jpg\" class=\"attachment-medium size-medium\" alt=\"\" srcset=\"https:\/\/www.umorlagurahumorului.ro\/wp-content\/uploads\/2020\/06\/Viorel-Ciocan1-225x300.jpg 225w, https:\/\/www.umorlagurahumorului.ro\/wp-content\/uploads\/2020\/06\/Viorel-Ciocan1-768x1024.jpg 768w, https:\/\/www.umorlagurahumorului.ro\/wp-content\/uploads\/2020\/06\/Viorel-Ciocan1-1152x1536.jpg 1152w, https:\/\/www.umorlagurahumorului.ro\/wp-content\/uploads\/2020\/06\/Viorel-Ciocan1-400x533.jpg 400w, https:\/\/www.umorlagurahumorului.ro\/wp-content\/uploads\/2020\/06\/Viorel-Ciocan1.jpg 1200w\" sizes=\"auto, (max-width: 225px) 100vw, 225px\" \/><\/a>\n\t\t\t<\/dt><\/dl><dl class='gallery-item'>\n\t\t\t<dt class='gallery-icon portrait'>\n\t\t\t\t<a href='https:\/\/www.umorlagurahumorului.ro\/wp-content\/uploads\/2020\/06\/Viorel-Ciocan2.jpg'><img loading=\"lazy\" decoding=\"async\" width=\"225\" height=\"300\" src=\"https:\/\/www.umorlagurahumorului.ro\/wp-content\/uploads\/2020\/06\/Viorel-Ciocan2-225x300.jpg\" class=\"attachment-medium size-medium\" alt=\"\" srcset=\"https:\/\/www.umorlagurahumorului.ro\/wp-content\/uploads\/2020\/06\/Viorel-Ciocan2-225x300.jpg 225w, https:\/\/www.umorlagurahumorului.ro\/wp-content\/uploads\/2020\/06\/Viorel-Ciocan2-768x1024.jpg 768w, https:\/\/www.umorlagurahumorului.ro\/wp-content\/uploads\/2020\/06\/Viorel-Ciocan2-1152x1536.jpg 1152w, https:\/\/www.umorlagurahumorului.ro\/wp-content\/uploads\/2020\/06\/Viorel-Ciocan2-400x533.jpg 400w, https:\/\/www.umorlagurahumorului.ro\/wp-content\/uploads\/2020\/06\/Viorel-Ciocan2.jpg 1200w\" sizes=\"auto, (max-width: 225px) 100vw, 225px\" \/><\/a>\n\t\t\t<\/dt><\/dl><br style=\"clear: both\" \/>\n\t\t<\/div><\/div>\n<\/div>\n<div class=\"su-tabs-pane su-u-clearfix su-u-trim\" data-title=\"Photo gallery\">\n<a href=\"http:\/\/www.umorlagurahumorului.ro\/wp-content\/uploads\/2020\/06\/Afis-Umor-2003.jpg\"><img loading=\"lazy\" decoding=\"async\" src=\"http:\/\/www.umorlagurahumorului.ro\/wp-content\/uploads\/2020\/06\/Afis-Umor-2003.jpg\" alt=\"\" width=\"1113\" height=\"1600\" class=\"aligncenter size-full wp-image-8661\" srcset=\"https:\/\/www.umorlagurahumorului.ro\/wp-content\/uploads\/2020\/06\/Afis-Umor-2003.jpg 1113w, https:\/\/www.umorlagurahumorului.ro\/wp-content\/uploads\/2020\/06\/Afis-Umor-2003-209x300.jpg 209w, https:\/\/www.umorlagurahumorului.ro\/wp-content\/uploads\/2020\/06\/Afis-Umor-2003-712x1024.jpg 712w, https:\/\/www.umorlagurahumorului.ro\/wp-content\/uploads\/2020\/06\/Afis-Umor-2003-768x1104.jpg 768w, https:\/\/www.umorlagurahumorului.ro\/wp-content\/uploads\/2020\/06\/Afis-Umor-2003-1068x1536.jpg 1068w, https:\/\/www.umorlagurahumorului.ro\/wp-content\/uploads\/2020\/06\/Afis-Umor-2003-400x575.jpg 400w\" sizes=\"auto, (max-width: 1113px) 100vw, 1113px\" \/><\/a><br \/>\n<\/div><\/div><\/div>","protected":false},"excerpt":{"rendered":"","protected":false},"author":1,"featured_media":0,"parent":8062,"menu_order":0,"comment_status":"closed","ping_status":"closed","template":"","meta":{"ngg_post_thumbnail":0,"footnotes":""},"class_list":["post-8659","page","type-page","status-publish","hentry"],"yoast_head":"<!-- This site is optimized with the Yoast SEO plugin v25.9 - https:\/\/yoast.com\/wordpress\/plugins\/seo\/ -->\n<title>13th Edition - 2003 - Humour at .... Gura Humorului<\/title>\n<meta name=\"robots\" content=\"index, follow, max-snippet:-1, max-image-preview:large, max-video-preview:-1\" \/>\n<link rel=\"canonical\" href=\"https:\/\/www.umorlagurahumorului.ro\/editii\/editia-13-2003\/\" \/>\n<meta property=\"og:locale\" content=\"en_US\" \/>\n<meta property=\"og:type\" content=\"article\" \/>\n<meta property=\"og:title\" content=\"[:ro]Editia 13 - 2003[:en]13th Edition - 2003[:] - Humour at .... Gura Humorului\" \/>\n<meta property=\"og:url\" content=\"https:\/\/www.umorlagurahumorului.ro\/editii\/editia-13-2003\/\" \/>\n<meta property=\"og:site_name\" content=\"Humour at .... Gura Humorului\" \/>\n<meta property=\"article:publisher\" content=\"https:\/\/www.facebook.com\/Umor-la-Gura-Humorului-Humour-at-Gura-Humorului-105184057924606\/\" \/>\n<meta property=\"article:modified_time\" content=\"2020-07-22T11:23:17+00:00\" \/>\n<meta property=\"og:image\" content=\"http:\/\/www.umorlagurahumorului.ro\/wp-content\/uploads\/2020\/06\/Afis-Umor-2003.jpg\" \/>\n<meta name=\"twitter:card\" content=\"summary_large_image\" \/>\n<meta name=\"twitter:label1\" content=\"Est. reading time\" \/>\n\t<meta name=\"twitter:data1\" content=\"1 minute\" \/>\n<script type=\"application\/ld+json\" class=\"yoast-schema-graph\">{\"@context\":\"https:\/\/schema.org\",\"@graph\":[{\"@type\":\"WebPage\",\"@id\":\"https:\/\/www.umorlagurahumorului.ro\/editii\/editia-13-2003\/\",\"url\":\"https:\/\/www.umorlagurahumorului.ro\/editii\/editia-13-2003\/\",\"name\":\"[:ro]Editia 13 - 2003[:en]13th Edition - 2003[:] - Humour at .... Gura Humorului\",\"isPartOf\":{\"@id\":\"https:\/\/www.umorlagurahumorului.ro\/#website\"},\"primaryImageOfPage\":{\"@id\":\"https:\/\/www.umorlagurahumorului.ro\/editii\/editia-13-2003\/#primaryimage\"},\"image\":{\"@id\":\"https:\/\/www.umorlagurahumorului.ro\/editii\/editia-13-2003\/#primaryimage\"},\"thumbnailUrl\":\"http:\/\/www.umorlagurahumorului.ro\/wp-content\/uploads\/2020\/06\/Afis-Umor-2003.jpg\",\"datePublished\":\"2020-06-23T20:55:22+00:00\",\"dateModified\":\"2020-07-22T11:23:17+00:00\",\"breadcrumb\":{\"@id\":\"https:\/\/www.umorlagurahumorului.ro\/editii\/editia-13-2003\/#breadcrumb\"},\"inLanguage\":\"en-US\",\"potentialAction\":[{\"@type\":\"ReadAction\",\"target\":[\"https:\/\/www.umorlagurahumorului.ro\/editii\/editia-13-2003\/\"]}]},{\"@type\":\"ImageObject\",\"inLanguage\":\"en-US\",\"@id\":\"https:\/\/www.umorlagurahumorului.ro\/editii\/editia-13-2003\/#primaryimage\",\"url\":\"http:\/\/www.umorlagurahumorului.ro\/wp-content\/uploads\/2020\/06\/Afis-Umor-2003.jpg\",\"contentUrl\":\"http:\/\/www.umorlagurahumorului.ro\/wp-content\/uploads\/2020\/06\/Afis-Umor-2003.jpg\"},{\"@type\":\"BreadcrumbList\",\"@id\":\"https:\/\/www.umorlagurahumorului.ro\/editii\/editia-13-2003\/#breadcrumb\",\"itemListElement\":[{\"@type\":\"ListItem\",\"position\":1,\"name\":\"Prima pagin\u0103\",\"item\":\"https:\/\/www.umorlagurahumorului.ro\/\"},{\"@type\":\"ListItem\",\"position\":2,\"name\":\"Editii\",\"item\":\"https:\/\/www.umorlagurahumorului.ro\/editii\/\"},{\"@type\":\"ListItem\",\"position\":3,\"name\":\"Editia 13 &#8211; 2003\"}]},{\"@type\":\"WebSite\",\"@id\":\"https:\/\/www.umorlagurahumorului.ro\/#website\",\"url\":\"https:\/\/www.umorlagurahumorului.ro\/\",\"name\":\"Umor la Gura Humorului\",\"description\":\"The International Festival of Cartoon and Humorous Literature\",\"publisher\":{\"@id\":\"https:\/\/www.umorlagurahumorului.ro\/#organization\"},\"potentialAction\":[{\"@type\":\"SearchAction\",\"target\":{\"@type\":\"EntryPoint\",\"urlTemplate\":\"https:\/\/www.umorlagurahumorului.ro\/?s={search_term_string}\"},\"query-input\":{\"@type\":\"PropertyValueSpecification\",\"valueRequired\":true,\"valueName\":\"search_term_string\"}}],\"inLanguage\":\"en-US\"},{\"@type\":\"Organization\",\"@id\":\"https:\/\/www.umorlagurahumorului.ro\/#organization\",\"name\":\"Festivalul Interna\u021bional de Grafic\u0103 Satiric\u0103 \u0219i Literatur\u0103 Umoristic\u0103 Umor la Gura Humorului\",\"url\":\"https:\/\/www.umorlagurahumorului.ro\/\",\"logo\":{\"@type\":\"ImageObject\",\"inLanguage\":\"en-US\",\"@id\":\"https:\/\/www.umorlagurahumorului.ro\/#\/schema\/logo\/image\/\",\"url\":\"https:\/\/www.umorlagurahumorului.ro\/wp-content\/uploads\/2020\/07\/umor-la-gura-humorului.jpg\",\"contentUrl\":\"https:\/\/www.umorlagurahumorului.ro\/wp-content\/uploads\/2020\/07\/umor-la-gura-humorului.jpg\",\"width\":618,\"height\":315,\"caption\":\"Festivalul Interna\u021bional de Grafic\u0103 Satiric\u0103 \u0219i Literatur\u0103 Umoristic\u0103 Umor la Gura Humorului\"},\"image\":{\"@id\":\"https:\/\/www.umorlagurahumorului.ro\/#\/schema\/logo\/image\/\"},\"sameAs\":[\"https:\/\/www.facebook.com\/Umor-la-Gura-Humorului-Humour-at-Gura-Humorului-105184057924606\/\"]}]}<\/script>\n<!-- \/ Yoast SEO plugin. -->","yoast_head_json":{"title":"[:ro]Editia 13 - 2003[:en]13th Edition - 2003[:] - Humour at .... Gura Humorului","robots":{"index":"index","follow":"follow","max-snippet":"max-snippet:-1","max-image-preview":"max-image-preview:large","max-video-preview":"max-video-preview:-1"},"canonical":"https:\/\/www.umorlagurahumorului.ro\/editii\/editia-13-2003\/","og_locale":"en_US","og_type":"article","og_title":"[:ro]Editia 13 - 2003[:en]13th Edition - 2003[:] - Humour at .... Gura Humorului","og_url":"https:\/\/www.umorlagurahumorului.ro\/editii\/editia-13-2003\/","og_site_name":"Humour at .... Gura Humorului","article_publisher":"https:\/\/www.facebook.com\/Umor-la-Gura-Humorului-Humour-at-Gura-Humorului-105184057924606\/","article_modified_time":"2020-07-22T11:23:17+00:00","og_image":[{"url":"http:\/\/www.umorlagurahumorului.ro\/wp-content\/uploads\/2020\/06\/Afis-Umor-2003.jpg","type":"","width":"","height":""}],"twitter_card":"summary_large_image","twitter_misc":{"Est. reading time":"1 minute"},"schema":{"@context":"https:\/\/schema.org","@graph":[{"@type":"WebPage","@id":"https:\/\/www.umorlagurahumorului.ro\/editii\/editia-13-2003\/","url":"https:\/\/www.umorlagurahumorului.ro\/editii\/editia-13-2003\/","name":"[:ro]Editia 13 - 2003[:en]13th Edition - 2003[:] - Humour at .... Gura Humorului","isPartOf":{"@id":"https:\/\/www.umorlagurahumorului.ro\/#website"},"primaryImageOfPage":{"@id":"https:\/\/www.umorlagurahumorului.ro\/editii\/editia-13-2003\/#primaryimage"},"image":{"@id":"https:\/\/www.umorlagurahumorului.ro\/editii\/editia-13-2003\/#primaryimage"},"thumbnailUrl":"http:\/\/www.umorlagurahumorului.ro\/wp-content\/uploads\/2020\/06\/Afis-Umor-2003.jpg","datePublished":"2020-06-23T20:55:22+00:00","dateModified":"2020-07-22T11:23:17+00:00","breadcrumb":{"@id":"https:\/\/www.umorlagurahumorului.ro\/editii\/editia-13-2003\/#breadcrumb"},"inLanguage":"en-US","potentialAction":[{"@type":"ReadAction","target":["https:\/\/www.umorlagurahumorului.ro\/editii\/editia-13-2003\/"]}]},{"@type":"ImageObject","inLanguage":"en-US","@id":"https:\/\/www.umorlagurahumorului.ro\/editii\/editia-13-2003\/#primaryimage","url":"http:\/\/www.umorlagurahumorului.ro\/wp-content\/uploads\/2020\/06\/Afis-Umor-2003.jpg","contentUrl":"http:\/\/www.umorlagurahumorului.ro\/wp-content\/uploads\/2020\/06\/Afis-Umor-2003.jpg"},{"@type":"BreadcrumbList","@id":"https:\/\/www.umorlagurahumorului.ro\/editii\/editia-13-2003\/#breadcrumb","itemListElement":[{"@type":"ListItem","position":1,"name":"Prima pagin\u0103","item":"https:\/\/www.umorlagurahumorului.ro\/"},{"@type":"ListItem","position":2,"name":"Editii","item":"https:\/\/www.umorlagurahumorului.ro\/editii\/"},{"@type":"ListItem","position":3,"name":"Editia 13 &#8211; 2003"}]},{"@type":"WebSite","@id":"https:\/\/www.umorlagurahumorului.ro\/#website","url":"https:\/\/www.umorlagurahumorului.ro\/","name":"Umor la Gura Humorului","description":"The International Festival of Cartoon and Humorous Literature","publisher":{"@id":"https:\/\/www.umorlagurahumorului.ro\/#organization"},"potentialAction":[{"@type":"SearchAction","target":{"@type":"EntryPoint","urlTemplate":"https:\/\/www.umorlagurahumorului.ro\/?s={search_term_string}"},"query-input":{"@type":"PropertyValueSpecification","valueRequired":true,"valueName":"search_term_string"}}],"inLanguage":"en-US"},{"@type":"Organization","@id":"https:\/\/www.umorlagurahumorului.ro\/#organization","name":"Festivalul Interna\u021bional de Grafic\u0103 Satiric\u0103 \u0219i Literatur\u0103 Umoristic\u0103 Umor la Gura Humorului","url":"https:\/\/www.umorlagurahumorului.ro\/","logo":{"@type":"ImageObject","inLanguage":"en-US","@id":"https:\/\/www.umorlagurahumorului.ro\/#\/schema\/logo\/image\/","url":"https:\/\/www.umorlagurahumorului.ro\/wp-content\/uploads\/2020\/07\/umor-la-gura-humorului.jpg","contentUrl":"https:\/\/www.umorlagurahumorului.ro\/wp-content\/uploads\/2020\/07\/umor-la-gura-humorului.jpg","width":618,"height":315,"caption":"Festivalul Interna\u021bional de Grafic\u0103 Satiric\u0103 \u0219i Literatur\u0103 Umoristic\u0103 Umor la Gura Humorului"},"image":{"@id":"https:\/\/www.umorlagurahumorului.ro\/#\/schema\/logo\/image\/"},"sameAs":["https:\/\/www.facebook.com\/Umor-la-Gura-Humorului-Humour-at-Gura-Humorului-105184057924606\/"]}]}},"_links":{"self":[{"href":"https:\/\/www.umorlagurahumorului.ro\/en\/wp-json\/wp\/v2\/pages\/8659","targetHints":{"allow":["GET"]}}],"collection":[{"href":"https:\/\/www.umorlagurahumorului.ro\/en\/wp-json\/wp\/v2\/pages"}],"about":[{"href":"https:\/\/www.umorlagurahumorului.ro\/en\/wp-json\/wp\/v2\/types\/page"}],"author":[{"embeddable":true,"href":"https:\/\/www.umorlagurahumorului.ro\/en\/wp-json\/wp\/v2\/users\/1"}],"replies":[{"embeddable":true,"href":"https:\/\/www.umorlagurahumorului.ro\/en\/wp-json\/wp\/v2\/comments?post=8659"}],"version-history":[{"count":6,"href":"https:\/\/www.umorlagurahumorului.ro\/en\/wp-json\/wp\/v2\/pages\/8659\/revisions"}],"predecessor-version":[{"id":9525,"href":"https:\/\/www.umorlagurahumorului.ro\/en\/wp-json\/wp\/v2\/pages\/8659\/revisions\/9525"}],"up":[{"embeddable":true,"href":"https:\/\/www.umorlagurahumorului.ro\/en\/wp-json\/wp\/v2\/pages\/8062"}],"wp:attachment":[{"href":"https:\/\/www.umorlagurahumorului.ro\/en\/wp-json\/wp\/v2\/media?parent=8659"}],"curies":[{"name":"wp","href":"https:\/\/api.w.org\/{rel}","templated":true}]}}