{"id":8640,"date":"2020-06-23T14:20:16","date_gmt":"2020-06-23T14:20:16","guid":{"rendered":"http:\/\/www.umorlagurahumorului.ro\/?page_id=8640"},"modified":"2020-07-22T08:37:32","modified_gmt":"2020-07-22T08:37:32","slug":"premianti-epigrama-2005","status":"publish","type":"page","link":"https:\/\/www.umorlagurahumorului.ro\/en\/editii\/editia-15-2005\/premianti-epigrama-2005\/","title":{"rendered":"Epigram winners 2005"},"content":{"rendered":"<hr>\n<h4>1st Prize &#8211; Cornelius Enescu<\/h4>\n<div class=\"su-row\"><div class=\"su-column su-column-size-1-2\"><div class=\"su-column-inner su-u-clearfix su-u-trim\">\n<strong>\u00cendemn<\/strong><br \/>\nS\u0103 urci piepti\u0219, cu orice risc,<br \/>\nEo bravur\u0103!<br \/>\nNicic\u00e2nd n-ai s\u0103 atingi un pisc<br \/>\nPe scurt\u0103tur\u0103.<\/p>\n<p><strong>Artele plastice  &#8211; arte ale t\u0103cerii<\/strong><br \/>\nDin to\u021bi acei fideli poverii,<br \/>\n\u00cenfeuda\u021bi  \u00een greaua trud\u0103,<br \/>\nPu\u021bini din ei dau glas t\u0103cerii,<br \/>\nDar mai pu\u021bini pot s\u0103 aud\u0103.<\/p>\n<p><strong>Introspec\u021bie<\/strong><br \/>\nG\u00e2ndind c\u0103 \u00eemi aduce sporul,<br \/>\nPrin lumea hazului cutreier &#8230;<br \/>\nCe-am str\u00e2ns din via\u021b\u0103 cu umorul?<br \/>\nAgoniseala unui greier!<\/p>\n<p><strong>Puterea \u0219i alegerile anticipate<\/strong><br \/>\nAr corecta, cu siguran\u021b\u0103,<br \/>\nVot\u00e2nd din nou, dup\u0103 canoane,<br \/>\nEa, minusul de performan\u021b\u0103,<br \/>\nCeilal\u021bi, un minus de ciolane.<\/p>\n<\/div><\/div>\n<div class=\"su-column su-column-size-1-2\"><div class=\"su-column-inner su-u-clearfix su-u-trim\">\n<strong>Autorilor filmului maghiar Trianon<\/strong><br \/>\nMalefic truc, demersul lor gongoric!<br \/>\nUn glas blameaz\u0103 filmul lor sordid:<br \/>\nE glasul Trianonului istoric,<br \/>\nContr\u00e2nd pelteaua de celuloid.<\/p>\n<p><strong>Codrule, codru\u021bule &#8230;<\/strong><br \/>\nNe-ai ap\u0103rat \u00een vremi nefaste,<br \/>\nDe c\u00e2nd e armia rom\u00e2n\u0103;<br \/>\nMereu refugiu pentru oaste,<br \/>\nMereu lui \u021aepe\u0219 la-ndem\u00e2n\u0103.<\/p>\n<p><strong>Recalcularea pensiilor<\/strong><br \/>\n\u00cen loc de-a risipi co\u0219marul,<br \/>\nUn g\u00e2nd m\u0103 las\u0103 h\u0103b\u0103uc &#8211;<br \/>\n\u0218i nu cam c\u00e2t e numerarul,<br \/>\nCi c\u00e2te pensii mai apuc.<\/p>\n<p><strong>Unui poet gr\u0103bit<\/strong><br \/>\nDecis fiind s\u0103 urci Parnasul,<br \/>\n\u00ce\u021bi imbolde\u0219ti de zor Pegasul,<br \/>\nIabra\u0219ul patruped. Finalul?<br \/>\nPe culmi ajunse numai calul &#8230;<\/p>\n<\/div><\/div><\/div>\n<hr>\n<h4>2st Prize &#8211; Mihail Batog Bujeni\u021b\u0103<\/h4>\n<div class=\"su-row\"><div class=\"su-column su-column-size-1-2\"><div class=\"su-column-inner su-u-clearfix su-u-trim\">\n<strong>Poanta epigramei<\/strong><br \/>\nDac\u0103 facem paralela<br \/>\nCu-n panseu al \u2026 nu \u0219tiu cui,<br \/>\nPoanta-I \u201c lumini\u021ba de la<br \/>\nCap\u0103tul catrenului\u201d.<\/p>\n<p><strong>Legea<\/strong><br \/>\nRedactat\u0103-n termeni clari<br \/>\nUn principiu consfin\u021be\u0219te:<br \/>\nS-o cite\u0219ti cu ochii mari<br \/>\n\u0218i \u2013 apoi s-o aplici orbe\u0219te.<\/p>\n<p><strong>Celor care acuz\u0103 parlamentarii c\u0103 dorm \u00een plen<\/strong><br \/>\nNu vreau cutuma s-o transform<br \/>\nDar v\u0103 \u00eentreb \u00een mod expres<br \/>\nDe ce v\u0103 sup\u0103ra\u021bi c\u0103 dorm?<br \/>\nNoi n-am dormit c\u00e2nd i-am ales?<\/p>\n<p><strong>Destinul Moldovei  \u201ede dincolo\u201d<\/strong><br \/>\nA spus Vod\u0103 \u0218tefan c\u00e2ndva<br \/>\n\u201eMoldova, s\u0103raca de ea &#8230;\u201d<br \/>\n\u0218i ru\u0219ii, pe voie s\u0103-i fac\u0103<br \/>\nL\u0103sar\u0103 Moldova s\u0103rac\u0103.<\/p>\n<p><strong>P.S.D. a concesionat senatorului Tri\u021b\u0103 F\u0103ni\u021b\u0103 Insula Mare a Br\u0103ilei \u00een condi\u021bii foarte discutabile<\/strong><br \/>\nGeaba c\u00e2te-un adversar<br \/>\nS-a aprins ca o v\u0103paie;<br \/>\nLa asemenea gr\u00e2nar<br \/>\nSe cerea un om de paie!<\/p>\n<\/div><\/div>\n<div class=\"su-column su-column-size-1-2\"><div class=\"su-column-inner su-u-clearfix su-u-trim\">\n<strong>Neamul prost<\/strong><br \/>\nE parvenitul pus sub lup\u0103<br \/>\n(\u201cAjuns\u201d, \u201ec\u0103p\u0103tuit\u201d, \u201ebaron\u201d)<br \/>\nCare-n \u0219ampania din cup\u0103<br \/>\n\u00ce\u0219i toarn\u0103 \u0219i pu\u021bin sifon.<\/p>\n<p><strong>Unui \u0219ef de tren<\/strong><br \/>\nOm discret cum al\u021bii nu-s,<br \/>\nTotu\u0219i, un secret i-am stors:<br \/>\nEl acas\u0103 doarme dus<br \/>\n\u0218i la slujb\u0103 &#8230; dus-ntors.<\/p>\n<p><strong>Suicid<\/strong><br \/>\nDe\u0219i f\u0103pta\u0219ii l-au tratat<br \/>\nCa pe suprema izb\u0103vire,<br \/>\n\u00cen fapt e un asasinat<br \/>\n&#8230;. cu autoservire.<\/p>\n<p><strong>Agentul de circula\u021bie<\/strong><br \/>\nC\u00e2nd \u00eel v\u0103d pe strad\u0103 din ma\u0219in\u0103<br \/>\nMi se face pielea de g\u0103in\u0103<br \/>\nDar c\u00e2nd cere s\u0103 opresc, spontan,<br \/>\nMi se face pielea de curcan!<\/p>\n<p><strong>Mo\u0219 Teac\u0103 \u0219i mendrele filozofiei<\/strong><br \/>\nNe\u0219tiind cum vine vorba aia<br \/>\n\u201eUnitate \u00een diversitate\u201d<br \/>\nDumnealui a introdus b\u0103taia<br \/>\nCa diversitate-n unitate.<\/p>\n<\/div><\/div><\/div>\n<hr>\n<h4>3rd Prize &#8211; Ioan Marinescu <\/h4>\n<div class=\"su-row\"><div class=\"su-column su-column-size-1-2\"><div class=\"su-column-inner su-u-clearfix su-u-trim\">\n<strong>Reforma ]n justi\u021bie<\/strong><br \/>\nS\u0103tul de-at\u00e2tea a\u0219tept\u0103ri,<br \/>\nGuvernul ne-a promis, de form\u0103,<br \/>\nReform\u0103 f\u0103r\u0103 de dureri &#8230;<br \/>\n\u0218i \u2013 avem dureri f\u0103r\u0103 reform\u0103.<\/p>\n<p><strong>Bahic\u0103<\/strong><br \/>\nC\u00e2nd sunt beat, ca-n seara asta,<br \/>\nNu m\u0103 sufer\u0103 nevasta,<br \/>\nDar nici eu nu sunt mai breaz,<br \/>\nNu o sufar c\u00e2nd sunt treaz.<\/p>\n<p><strong>Actri\u021ba ratat\u0103<\/strong><br \/>\n\u00cenc\u0103 se mai crede vamp\u0103,<br \/>\nDup\u0103 anii trecu\u021bi o droaie,<br \/>\nA ie\u0219it \u0219i ea la ramp\u0103 &#8230;<br \/>\nLa o ramp\u0103 de gunoaie.<\/p>\n<p><strong>Limit\u0103<\/strong><br \/>\nNu prea se-av\u00e2nt\u0103 \u00een dispute,<br \/>\nC\u00e2nd \u00eent\u00e2lne\u0219te doar zevzeci,<br \/>\nC\u0103-i plac femeile trecute &#8230;<br \/>\nDar nu mai mult de dou\u0103zeci.<\/p>\n<p><strong>V\u0103duvie<\/strong><br \/>\n\u0218i-a dat duhul cre\u0219tine\u0219te,<br \/>\nDup\u0103 cum a vrut Prea \u2013 naltul,<br \/>\nDar nevasta mai tr\u0103ie\u0219te &#8230;<br \/>\nC\u00e2nd cu unul, c\u00e2nd cu altul.<\/p>\n<\/div><\/div>\n<div class=\"su-column su-column-size-1-2\"><div class=\"su-column-inner su-u-clearfix su-u-trim\">\n<strong>Emergen\u021b\u0103<\/strong><br \/>\nDe-i Pegasul ca un mit,<br \/>\n\u00centr-un spa\u021biu mioritic,<br \/>\nDe-un poet e potcovit &#8230;<br \/>\nIar poetul &#8230; de un critic.<br \/>\n<strong><br \/>\nJoggging la bloc<\/strong><br \/>\nT\u0103ticu n-are nici o vin\u0103,<br \/>\nSpunea la to\u021bi din jur mnezinul,<br \/>\nC\u0103 a fugit cu o vecin\u0103 &#8230;<br \/>\nC\u00e2nd dup\u0103 ei s-a luat vecinul.<\/p>\n<p><strong>Parlamentul actual<\/strong><br \/>\nParerea mea nu-i hazardat\u0103,<br \/>\nNimic nu-i mai adev\u0103rat,<br \/>\nC\u0103 e un om dintr-o bucat\u0103 &#8230;<br \/>\nDintr-o bucat\u0103 de rahat.<\/p>\n<p><strong>Pre\u0219edintele Senatului c\u0103tre participan\u021bi<\/strong><br \/>\nAcei ce-n sal\u0103 a\u021bi r\u0103mas,<br \/>\nCuprin\u0219i de-o plictiseal\u0103 cras\u0103,<br \/>\nS\u0103 nu v\u0103 mai scobi\u021bi \u00een nas,<br \/>\nC\u0103 nu e pauza de mas\u0103!<\/p>\n<p><strong>Rom\u00e2nilor<\/strong><br \/>\nVreau to\u021bi s\u0103 \u00een\u021beleag\u0103,<br \/>\nC\u0103 de tr\u0103im ca fra\u021bi,<br \/>\nUn lan\u021b pe to\u021bi ne leag\u0103 &#8230;<br \/>\nAl mun\u021bilor Carpa\u021bi.<\/p>\n<\/div><\/div><\/div>","protected":false},"excerpt":{"rendered":"<p>1st Prize &#8211; Cornelius Enescu 2st Prize &#8211; Mihail Batog Bujeni\u021b\u0103 3rd Prize &#8211; Ioan Marinescu<\/p>\n","protected":false},"author":1,"featured_media":0,"parent":8619,"menu_order":0,"comment_status":"closed","ping_status":"closed","template":"","meta":{"ngg_post_thumbnail":0,"footnotes":""},"class_list":["post-8640","page","type-page","status-publish","hentry"],"yoast_head":"<!-- This site is optimized with the Yoast SEO plugin v25.9 - https:\/\/yoast.com\/wordpress\/plugins\/seo\/ -->\n<title>Epigram winners 2005 - Humour at .... Gura Humorului<\/title>\n<meta name=\"robots\" content=\"index, follow, max-snippet:-1, max-image-preview:large, max-video-preview:-1\" \/>\n<link rel=\"canonical\" href=\"https:\/\/www.umorlagurahumorului.ro\/editii\/editia-15-2005\/premianti-epigrama-2005\/\" \/>\n<meta property=\"og:locale\" content=\"en_US\" \/>\n<meta property=\"og:type\" content=\"article\" \/>\n<meta property=\"og:title\" content=\"[:ro]Premianti epigrama 2005[:en] Epigram winners 2005[:] - Humour at .... Gura Humorului\" \/>\n<meta property=\"og:description\" content=\"1st Prize &#8211; Cornelius Enescu 2st Prize &#8211; Mihail Batog Bujeni\u021b\u0103 3rd Prize &#8211; Ioan Marinescu\" \/>\n<meta property=\"og:url\" content=\"https:\/\/www.umorlagurahumorului.ro\/editii\/editia-15-2005\/premianti-epigrama-2005\/\" \/>\n<meta property=\"og:site_name\" content=\"Humour at .... Gura Humorului\" \/>\n<meta property=\"article:publisher\" content=\"https:\/\/www.facebook.com\/Umor-la-Gura-Humorului-Humour-at-Gura-Humorului-105184057924606\/\" \/>\n<meta property=\"article:modified_time\" content=\"2020-07-22T08:37:32+00:00\" \/>\n<meta name=\"twitter:card\" content=\"summary_large_image\" \/>\n<meta name=\"twitter:label1\" content=\"Est. reading time\" \/>\n\t<meta name=\"twitter:data1\" content=\"8 minutes\" \/>\n<script type=\"application\/ld+json\" class=\"yoast-schema-graph\">{\"@context\":\"https:\/\/schema.org\",\"@graph\":[{\"@type\":\"WebPage\",\"@id\":\"https:\/\/www.umorlagurahumorului.ro\/editii\/editia-15-2005\/premianti-epigrama-2005\/\",\"url\":\"https:\/\/www.umorlagurahumorului.ro\/editii\/editia-15-2005\/premianti-epigrama-2005\/\",\"name\":\"[:ro]Premianti epigrama 2005[:en] Epigram winners 2005[:] - Humour at .... Gura Humorului\",\"isPartOf\":{\"@id\":\"https:\/\/www.umorlagurahumorului.ro\/#website\"},\"datePublished\":\"2020-06-23T14:20:16+00:00\",\"dateModified\":\"2020-07-22T08:37:32+00:00\",\"breadcrumb\":{\"@id\":\"https:\/\/www.umorlagurahumorului.ro\/editii\/editia-15-2005\/premianti-epigrama-2005\/#breadcrumb\"},\"inLanguage\":\"en-US\",\"potentialAction\":[{\"@type\":\"ReadAction\",\"target\":[\"https:\/\/www.umorlagurahumorului.ro\/editii\/editia-15-2005\/premianti-epigrama-2005\/\"]}]},{\"@type\":\"BreadcrumbList\",\"@id\":\"https:\/\/www.umorlagurahumorului.ro\/editii\/editia-15-2005\/premianti-epigrama-2005\/#breadcrumb\",\"itemListElement\":[{\"@type\":\"ListItem\",\"position\":1,\"name\":\"Prima pagin\u0103\",\"item\":\"https:\/\/www.umorlagurahumorului.ro\/\"},{\"@type\":\"ListItem\",\"position\":2,\"name\":\"Editii\",\"item\":\"https:\/\/www.umorlagurahumorului.ro\/editii\/\"},{\"@type\":\"ListItem\",\"position\":3,\"name\":\"Editia 15 &#8211; 2005\",\"item\":\"https:\/\/www.umorlagurahumorului.ro\/editii\/editia-15-2005\/\"},{\"@type\":\"ListItem\",\"position\":4,\"name\":\"Premianti epigrama 2005\"}]},{\"@type\":\"WebSite\",\"@id\":\"https:\/\/www.umorlagurahumorului.ro\/#website\",\"url\":\"https:\/\/www.umorlagurahumorului.ro\/\",\"name\":\"Umor la Gura Humorului\",\"description\":\"The International Festival of Cartoon and Humorous Literature\",\"publisher\":{\"@id\":\"https:\/\/www.umorlagurahumorului.ro\/#organization\"},\"potentialAction\":[{\"@type\":\"SearchAction\",\"target\":{\"@type\":\"EntryPoint\",\"urlTemplate\":\"https:\/\/www.umorlagurahumorului.ro\/?s={search_term_string}\"},\"query-input\":{\"@type\":\"PropertyValueSpecification\",\"valueRequired\":true,\"valueName\":\"search_term_string\"}}],\"inLanguage\":\"en-US\"},{\"@type\":\"Organization\",\"@id\":\"https:\/\/www.umorlagurahumorului.ro\/#organization\",\"name\":\"Festivalul Interna\u021bional de Grafic\u0103 Satiric\u0103 \u0219i Literatur\u0103 Umoristic\u0103 Umor la Gura Humorului\",\"url\":\"https:\/\/www.umorlagurahumorului.ro\/\",\"logo\":{\"@type\":\"ImageObject\",\"inLanguage\":\"en-US\",\"@id\":\"https:\/\/www.umorlagurahumorului.ro\/#\/schema\/logo\/image\/\",\"url\":\"https:\/\/www.umorlagurahumorului.ro\/wp-content\/uploads\/2020\/07\/umor-la-gura-humorului.jpg\",\"contentUrl\":\"https:\/\/www.umorlagurahumorului.ro\/wp-content\/uploads\/2020\/07\/umor-la-gura-humorului.jpg\",\"width\":618,\"height\":315,\"caption\":\"Festivalul Interna\u021bional de Grafic\u0103 Satiric\u0103 \u0219i Literatur\u0103 Umoristic\u0103 Umor la Gura Humorului\"},\"image\":{\"@id\":\"https:\/\/www.umorlagurahumorului.ro\/#\/schema\/logo\/image\/\"},\"sameAs\":[\"https:\/\/www.facebook.com\/Umor-la-Gura-Humorului-Humour-at-Gura-Humorului-105184057924606\/\"]}]}<\/script>\n<!-- \/ Yoast SEO plugin. -->","yoast_head_json":{"title":"[:ro]Premianti epigrama 2005[:en] Epigram winners 2005[:] - Humour at .... Gura Humorului","robots":{"index":"index","follow":"follow","max-snippet":"max-snippet:-1","max-image-preview":"max-image-preview:large","max-video-preview":"max-video-preview:-1"},"canonical":"https:\/\/www.umorlagurahumorului.ro\/editii\/editia-15-2005\/premianti-epigrama-2005\/","og_locale":"en_US","og_type":"article","og_title":"[:ro]Premianti epigrama 2005[:en] Epigram winners 2005[:] - Humour at .... Gura Humorului","og_description":"1st Prize &#8211; Cornelius Enescu 2st Prize &#8211; Mihail Batog Bujeni\u021b\u0103 3rd Prize &#8211; Ioan Marinescu","og_url":"https:\/\/www.umorlagurahumorului.ro\/editii\/editia-15-2005\/premianti-epigrama-2005\/","og_site_name":"Humour at .... Gura Humorului","article_publisher":"https:\/\/www.facebook.com\/Umor-la-Gura-Humorului-Humour-at-Gura-Humorului-105184057924606\/","article_modified_time":"2020-07-22T08:37:32+00:00","twitter_card":"summary_large_image","twitter_misc":{"Est. reading time":"8 minutes"},"schema":{"@context":"https:\/\/schema.org","@graph":[{"@type":"WebPage","@id":"https:\/\/www.umorlagurahumorului.ro\/editii\/editia-15-2005\/premianti-epigrama-2005\/","url":"https:\/\/www.umorlagurahumorului.ro\/editii\/editia-15-2005\/premianti-epigrama-2005\/","name":"[:ro]Premianti epigrama 2005[:en] Epigram winners 2005[:] - Humour at .... Gura Humorului","isPartOf":{"@id":"https:\/\/www.umorlagurahumorului.ro\/#website"},"datePublished":"2020-06-23T14:20:16+00:00","dateModified":"2020-07-22T08:37:32+00:00","breadcrumb":{"@id":"https:\/\/www.umorlagurahumorului.ro\/editii\/editia-15-2005\/premianti-epigrama-2005\/#breadcrumb"},"inLanguage":"en-US","potentialAction":[{"@type":"ReadAction","target":["https:\/\/www.umorlagurahumorului.ro\/editii\/editia-15-2005\/premianti-epigrama-2005\/"]}]},{"@type":"BreadcrumbList","@id":"https:\/\/www.umorlagurahumorului.ro\/editii\/editia-15-2005\/premianti-epigrama-2005\/#breadcrumb","itemListElement":[{"@type":"ListItem","position":1,"name":"Prima pagin\u0103","item":"https:\/\/www.umorlagurahumorului.ro\/"},{"@type":"ListItem","position":2,"name":"Editii","item":"https:\/\/www.umorlagurahumorului.ro\/editii\/"},{"@type":"ListItem","position":3,"name":"Editia 15 &#8211; 2005","item":"https:\/\/www.umorlagurahumorului.ro\/editii\/editia-15-2005\/"},{"@type":"ListItem","position":4,"name":"Premianti epigrama 2005"}]},{"@type":"WebSite","@id":"https:\/\/www.umorlagurahumorului.ro\/#website","url":"https:\/\/www.umorlagurahumorului.ro\/","name":"Umor la Gura Humorului","description":"The International Festival of Cartoon and Humorous Literature","publisher":{"@id":"https:\/\/www.umorlagurahumorului.ro\/#organization"},"potentialAction":[{"@type":"SearchAction","target":{"@type":"EntryPoint","urlTemplate":"https:\/\/www.umorlagurahumorului.ro\/?s={search_term_string}"},"query-input":{"@type":"PropertyValueSpecification","valueRequired":true,"valueName":"search_term_string"}}],"inLanguage":"en-US"},{"@type":"Organization","@id":"https:\/\/www.umorlagurahumorului.ro\/#organization","name":"Festivalul Interna\u021bional de Grafic\u0103 Satiric\u0103 \u0219i Literatur\u0103 Umoristic\u0103 Umor la Gura Humorului","url":"https:\/\/www.umorlagurahumorului.ro\/","logo":{"@type":"ImageObject","inLanguage":"en-US","@id":"https:\/\/www.umorlagurahumorului.ro\/#\/schema\/logo\/image\/","url":"https:\/\/www.umorlagurahumorului.ro\/wp-content\/uploads\/2020\/07\/umor-la-gura-humorului.jpg","contentUrl":"https:\/\/www.umorlagurahumorului.ro\/wp-content\/uploads\/2020\/07\/umor-la-gura-humorului.jpg","width":618,"height":315,"caption":"Festivalul Interna\u021bional de Grafic\u0103 Satiric\u0103 \u0219i Literatur\u0103 Umoristic\u0103 Umor la Gura Humorului"},"image":{"@id":"https:\/\/www.umorlagurahumorului.ro\/#\/schema\/logo\/image\/"},"sameAs":["https:\/\/www.facebook.com\/Umor-la-Gura-Humorului-Humour-at-Gura-Humorului-105184057924606\/"]}]}},"_links":{"self":[{"href":"https:\/\/www.umorlagurahumorului.ro\/en\/wp-json\/wp\/v2\/pages\/8640","targetHints":{"allow":["GET"]}}],"collection":[{"href":"https:\/\/www.umorlagurahumorului.ro\/en\/wp-json\/wp\/v2\/pages"}],"about":[{"href":"https:\/\/www.umorlagurahumorului.ro\/en\/wp-json\/wp\/v2\/types\/page"}],"author":[{"embeddable":true,"href":"https:\/\/www.umorlagurahumorului.ro\/en\/wp-json\/wp\/v2\/users\/1"}],"replies":[{"embeddable":true,"href":"https:\/\/www.umorlagurahumorului.ro\/en\/wp-json\/wp\/v2\/comments?post=8640"}],"version-history":[{"count":2,"href":"https:\/\/www.umorlagurahumorului.ro\/en\/wp-json\/wp\/v2\/pages\/8640\/revisions"}],"predecessor-version":[{"id":9518,"href":"https:\/\/www.umorlagurahumorului.ro\/en\/wp-json\/wp\/v2\/pages\/8640\/revisions\/9518"}],"up":[{"embeddable":true,"href":"https:\/\/www.umorlagurahumorului.ro\/en\/wp-json\/wp\/v2\/pages\/8619"}],"wp:attachment":[{"href":"https:\/\/www.umorlagurahumorului.ro\/en\/wp-json\/wp\/v2\/media?parent=8640"}],"curies":[{"name":"wp","href":"https:\/\/api.w.org\/{rel}","templated":true}]}}