{"id":8613,"date":"2020-06-23T13:58:23","date_gmt":"2020-06-23T13:58:23","guid":{"rendered":"http:\/\/www.umorlagurahumorului.ro\/?page_id=8613"},"modified":"2020-07-22T08:32:56","modified_gmt":"2020-07-22T08:32:56","slug":"premianti-epigrama-2006","status":"publish","type":"page","link":"https:\/\/www.umorlagurahumorului.ro\/en\/editii\/editia-16-2006\/premianti-epigrama-2006\/","title":{"rendered":"Epigram winners 2006"},"content":{"rendered":"<hr>\n<h4>1st Prize &#8211; Mihai Batog Bujeni\u021b\u0103<\/h4>\n<div class=\"su-row\"><div class=\"su-column su-column-size-1-2\"><div class=\"su-column-inner su-u-clearfix su-u-trim\">\n<strong>Intrarea \u00een U.E. (p\u0103rerea mea)<\/strong><br \/>\nAm o idee &#8230; vag\u0103<br \/>\nDespre ce se va-nt\u00e2mpla &#8230;<br \/>\nAt\u00e2t de mul\u021bi ne bag\u0103,<br \/>\n\u00cenc\u00e2t &#8230; poatec-om intra &#8230;<\/p>\n<p><strong>Facturile de la gaze sunt mari, \u00een cas\u0103 \u00eens\u0103-i foarte frig<\/strong><br \/>\nPe c\u00e2nd o invitam \u00een pat,<br \/>\nPrivindu-mi critic ni\u0219te faze,<br \/>\nNevast\u0103-mea a suspinat:<br \/>\nNu-i ca factura de la gaze &#8230; <\/p>\n<p><strong>Isteria t.v. a gripei aviare<\/strong><br \/>\nO fat\u0103 t\u00e2n\u0103r\u0103, sprin\u021bar\u0103,<br \/>\nPl\u00e2ng\u00e2nd a spus c\u0103-\u0219i face felul!!<br \/>\nLuase-o grip\u0103 aviar\u0103,<br \/>\nJuc\u00e2ndu-se cu coco\u0219elul!!!<br \/>\n<strong><br \/>\nIntrarea \u00een U.E. (dilem\u0103 rural\u0103)<\/strong><br \/>\nNu pot spune cum o fi,<br \/>\nION, vacii \u00eei vorbea,<br \/>\nNe-o primi &#8230; nu ne-o primi &#8230;<br \/>\nR\u0103u \u0219i-a\u0219a &#8230; r\u0103u \u0219i-a\u0219a &#8230;<\/p>\n<\/div><\/div>\n<div class=\"su-column su-column-size-1-2\"><div class=\"su-column-inner su-u-clearfix su-u-trim\">\n<strong>Repetabila istorie<\/strong><br \/>\nLa \u2013 Nalta Poart \u2013 atunci, pe\u0219che\u0219<br \/>\nBaban d\u0103deai pentr-o belea!<br \/>\nDar azi, aceea\u0219i sum\u0103,  \u201echesh\u201d<br \/>\nLa \u00cenalta Curte-i doar saftea!!<\/p>\n<p><strong>Organele st\u00e2rpesc ho\u021bia<\/strong><br \/>\nIeri, c\u00e2nd s\u0103rea peste z\u0103plaz,<br \/>\nCu prad\u0103 mult\u0103-a fost surprins<br \/>\n\u0218i chiar r\u0103nit, s\u0103 vezi necaz!!<br \/>\nDe-organele ce-n gard s-au prins!!<\/p>\n<p><strong>Ajunul s\u0103rb\u0103torilor<\/strong><br \/>\nAjun fiind, de s\u0103rb\u0103tori,<br \/>\nDin pensie am cump\u0103rat<br \/>\nSo\u021biei, un buchet de flori<br \/>\n\u0218i ajun fiind &#8230; am ajunat!<\/p>\n<p><strong>Adaptare<\/strong><br \/>\nN-am mai cump\u0103rat spanac<br \/>\nIar \u00een bor\u0219 nu pun verdea\u021b\u0103<br \/>\nCu alte cuvinte fac<br \/>\nEconomie &#8230;  de pia\u021b\u0103.<\/p>\n<\/div><\/div><\/div>\n<hr>\n<h4>2nd Prize &#8211; Ioan Todera\u0219cu<\/h4>\n<div class=\"su-row\"><div class=\"su-column su-column-size-1-2\"><div class=\"su-column-inner su-u-clearfix su-u-trim\">\n<strong>La poarta Europei<\/strong><br \/>\nSolii no\u0219tri din Carpa\u021bi<br \/>\nBat la poart\u0103 cu t\u0103rie.<br \/>\nDac\u0103-ar fi mai inspira\u021bi,<br \/>\nAr suna la sonerie!<\/p>\n<p><strong>Rom\u00e2nia se confrunt\u0103 cu mari probleme<\/strong><br \/>\nAzi, probabil, nimeni nu e<br \/>\nSoarta \u021b\u0103rii s-o priceap\u0103:<br \/>\nC\u00e2t de greu mai intr\u0103-n UE,<br \/>\n\u0218i c\u00e2t de u\u0219or &#8230;  la ap\u0103!<\/p>\n<p><strong>Integrarea cere mari sacrificii<\/strong><br \/>\nC\u0103 va fi ceva mai bine,<br \/>\nDup\u0103 ce ne-om integra,<br \/>\nVom vedea atunci &#8230; \u00cen fine,<br \/>\nDac\u0103 vom mai apuca!<\/p>\n<p><strong>Optimi\u0219ti, \u00een perspectiva integr\u0103rii \u00een UE<\/strong><br \/>\nFiindc\u0103 Alian\u021ba DA<br \/>\nE \u00een stare de orice,<br \/>\n\u00cen mod sigur vom intra,<br \/>\n\u00cens\u0103, nu prea \u0219tim \u00een ce!&#8230; <\/p>\n<p><strong>Mo\u0219 Gheorghe se opune integr\u0103rii<\/strong><br \/>\nTr\u0103g\u00e2nd, nervos, dintr-o lulea,<br \/>\nMi-a spus exact care-i motivul:<br \/>\n-S\u0103 intre-n UE cine-o vrea,<br \/>\nC\u0103 eu m-am fript cu colectivul &#8230; <\/p>\n<\/div><\/div>\n<div class=\"su-column su-column-size-1-2\"><div class=\"su-column-inner su-u-clearfix su-u-trim\">\n<strong>Situa\u021bia din \u021bar\u0103 \u0219i integrarea \u00een UE<\/strong><br \/>\n\u00centruc\u00e2t, de-o vreme \u00eencoace,<br \/>\nNu mai e at\u00e2t de albastr\u0103,<br \/>\nVom intra \u2013 s\u0103 fi\u021bi pe pace!<\/p>\n<p><strong>Gherla, o \u00eenchisoare la standarde europene<\/strong><br \/>\nCum o alt\u0103 \u00eenchisoare<br \/>\nCa acesta-n \u021bar\u0103 nu e,<br \/>\n\u201eLocatarii\u201d ei, se pare,<br \/>\nAu intrat deja \u00een UE!<\/p>\n<p><strong>Apel c\u0103tre to\u021bi rom\u00e2nii<\/strong><br \/>\nCum, \u00een cur\u00e2nd, putea-vom spune hopa,<br \/>\nUn scurt mesaj porne\u0219te c\u0103tre voi:<br \/>\nPentru-a intra, cu fast, \u00een Europa,<br \/>\nVeni\u021bi din spa\u021biul Schengen \u00eenapoi!<\/p>\n<p><strong>Ezit\u0103ri pe drumul integr\u0103rii<\/strong><br \/>\nEuropa \u2013 \u00een\u021beleapt\u0103 \u2013<br \/>\nNe \u00eentinde m\u00e2na dreapt\u0103,<br \/>\n\u00cens\u0103 nou\u0103, sti\u021bi prea bine,<br \/>\nMai mult st\u00e2nga ne convine!<\/p>\n<\/div><\/div><\/div>\n<hr>\n<h4>3rd Prize &#8211; Constantin Manea<\/h4>\n<div class=\"su-row\"><div class=\"su-column su-column-size-1-2\"><div class=\"su-column-inner su-u-clearfix su-u-trim\">\n<strong>Motto:<\/strong><br \/>\nDe concurezi la Cluj, Buz\u0103u,<br \/>\nN-ai \u0219anse la un premiu, z\u0103u!<br \/>\nE ca-n politic\u0103-n umor:<br \/>\nN-ai \u0219anse de nu e\u0219ti de-al lor!<\/p>\n<p><strong>Confesiune<\/strong><br \/>\n\u201cSuntem mici, nu suntem bune<br \/>\nS\u0103 intr\u0103m \u00een uniune \u2026 \u201c<br \/>\nA\u0219a-\u0219i zic cu \u00eentristare<br \/>\nDou\u0103 lefuri bugetare!<\/p>\n<p><strong>Precau\u021bie<\/strong><br \/>\nSe-ntreab\u0103 cei ce dau din coate<br \/>\n\u0218i pentru post ar face orice:<br \/>\n-Intr\u0103m sau nu \u00een P.N.L.?<br \/>\n-Dar dac-or fi anticipate?<\/p>\n<p><strong>Spaima din Zambaccian<\/strong><br \/>\n\u00centreg Parchetul se \u2013 ntrebase:<br \/>\n-Intr\u0103m sau nu azi la N\u0103stase?<br \/>\nCe facem dac\u0103, dup\u0103 u\u0219\u0103,<br \/>\nMai st\u0103 de veghe o m\u0103tu\u0219\u0103?<\/p>\n<p><strong>Condi\u021biile impuse de UE<\/strong><br \/>\nCerin\u021be noi ne va impune,<br \/>\nLe-om suporta ca bravi eroi&#8230;<br \/>\n\u0218i noi intr\u0103m \u00een Uniune,<br \/>\n\u0218i ea intra-va tare-n noi!<\/p>\n<\/div><\/div>\n<div class=\"su-column su-column-size-1-2\"><div class=\"su-column-inner su-u-clearfix su-u-trim\">\n<strong>Satisfac\u021bie<\/strong><br \/>\nDe vom intra \u00een noul an<br \/>\n\u00cen U.E., mare-i  bucuria:<br \/>\nPutem fugi precum Traian<br \/>\nDe medicii din Rom\u00e2nia!<\/p>\n<p><strong>Recomandare<\/strong><br \/>\nB\u0103rba\u021bi versa\u021bi de pe la noi<br \/>\nAu sf\u0103tuit frumoasa-mi \u021bar\u0103:<br \/>\n-C\u00e2nd vei intra, s\u0103 nu te-nmoi,<br \/>\nC\u0103, de te-nmoi, e\u0219ti dat afar\u0103!<\/p>\n<p><strong>Speran\u021b\u0103<\/strong><br \/>\nC\u00e2nd printre vesticii cei mari<br \/>\nNe vom plimba \u0219i noi i\u021barii,<br \/>\nVom fi precis minoritari.<br \/>\nCe bine-o duc minoritarii!<\/p>\n<p><strong>\u0218ans\u0103<\/strong><br \/>\nEveniment dorit de to\u021bi<br \/>\nE aderarea c\u0103, se spune,<br \/>\nSc\u0103dea-va num\u0103rul de ho\u021bi &#8230;<br \/>\n(Se r\u0103sp\u00e2ndesc prin Uniune!)<\/p>\n<\/div><\/div><\/div>","protected":false},"excerpt":{"rendered":"<p>1st Prize &#8211; Mihai Batog Bujeni\u021b\u0103 2nd Prize &#8211; Ioan Todera\u0219cu 3rd Prize &#8211; Constantin Manea<\/p>\n","protected":false},"author":1,"featured_media":0,"parent":8595,"menu_order":0,"comment_status":"closed","ping_status":"closed","template":"","meta":{"ngg_post_thumbnail":0,"footnotes":""},"class_list":["post-8613","page","type-page","status-publish","hentry"],"yoast_head":"<!-- This site is optimized with the Yoast SEO plugin v25.9 - https:\/\/yoast.com\/wordpress\/plugins\/seo\/ -->\n<title>Epigram winners 2006 - Humour at .... Gura Humorului<\/title>\n<meta name=\"robots\" content=\"index, follow, max-snippet:-1, max-image-preview:large, max-video-preview:-1\" \/>\n<link rel=\"canonical\" href=\"https:\/\/www.umorlagurahumorului.ro\/editii\/editia-16-2006\/premianti-epigrama-2006\/\" \/>\n<meta property=\"og:locale\" content=\"en_US\" \/>\n<meta property=\"og:type\" content=\"article\" \/>\n<meta property=\"og:title\" content=\"[:ro]Premianti epigrama 2006[:en] Epigram winners 2006[:] - Humour at .... Gura Humorului\" \/>\n<meta property=\"og:description\" content=\"1st Prize &#8211; Mihai Batog Bujeni\u021b\u0103 2nd Prize &#8211; Ioan Todera\u0219cu 3rd Prize &#8211; Constantin Manea\" \/>\n<meta property=\"og:url\" content=\"https:\/\/www.umorlagurahumorului.ro\/editii\/editia-16-2006\/premianti-epigrama-2006\/\" \/>\n<meta property=\"og:site_name\" content=\"Humour at .... Gura Humorului\" \/>\n<meta property=\"article:publisher\" content=\"https:\/\/www.facebook.com\/Umor-la-Gura-Humorului-Humour-at-Gura-Humorului-105184057924606\/\" \/>\n<meta property=\"article:modified_time\" content=\"2020-07-22T08:32:56+00:00\" \/>\n<meta name=\"twitter:card\" content=\"summary_large_image\" \/>\n<meta name=\"twitter:label1\" content=\"Est. reading time\" \/>\n\t<meta name=\"twitter:data1\" content=\"8 minutes\" \/>\n<script type=\"application\/ld+json\" class=\"yoast-schema-graph\">{\"@context\":\"https:\/\/schema.org\",\"@graph\":[{\"@type\":\"WebPage\",\"@id\":\"https:\/\/www.umorlagurahumorului.ro\/editii\/editia-16-2006\/premianti-epigrama-2006\/\",\"url\":\"https:\/\/www.umorlagurahumorului.ro\/editii\/editia-16-2006\/premianti-epigrama-2006\/\",\"name\":\"[:ro]Premianti epigrama 2006[:en] Epigram winners 2006[:] - Humour at .... Gura Humorului\",\"isPartOf\":{\"@id\":\"https:\/\/www.umorlagurahumorului.ro\/#website\"},\"datePublished\":\"2020-06-23T13:58:23+00:00\",\"dateModified\":\"2020-07-22T08:32:56+00:00\",\"breadcrumb\":{\"@id\":\"https:\/\/www.umorlagurahumorului.ro\/editii\/editia-16-2006\/premianti-epigrama-2006\/#breadcrumb\"},\"inLanguage\":\"en-US\",\"potentialAction\":[{\"@type\":\"ReadAction\",\"target\":[\"https:\/\/www.umorlagurahumorului.ro\/editii\/editia-16-2006\/premianti-epigrama-2006\/\"]}]},{\"@type\":\"BreadcrumbList\",\"@id\":\"https:\/\/www.umorlagurahumorului.ro\/editii\/editia-16-2006\/premianti-epigrama-2006\/#breadcrumb\",\"itemListElement\":[{\"@type\":\"ListItem\",\"position\":1,\"name\":\"Prima pagin\u0103\",\"item\":\"https:\/\/www.umorlagurahumorului.ro\/\"},{\"@type\":\"ListItem\",\"position\":2,\"name\":\"Editii\",\"item\":\"https:\/\/www.umorlagurahumorului.ro\/editii\/\"},{\"@type\":\"ListItem\",\"position\":3,\"name\":\"Editia 16 &#8211; 2006\",\"item\":\"https:\/\/www.umorlagurahumorului.ro\/editii\/editia-16-2006\/\"},{\"@type\":\"ListItem\",\"position\":4,\"name\":\"Premianti epigrama 2006\"}]},{\"@type\":\"WebSite\",\"@id\":\"https:\/\/www.umorlagurahumorului.ro\/#website\",\"url\":\"https:\/\/www.umorlagurahumorului.ro\/\",\"name\":\"Umor la Gura Humorului\",\"description\":\"The International Festival of Cartoon and Humorous Literature\",\"publisher\":{\"@id\":\"https:\/\/www.umorlagurahumorului.ro\/#organization\"},\"potentialAction\":[{\"@type\":\"SearchAction\",\"target\":{\"@type\":\"EntryPoint\",\"urlTemplate\":\"https:\/\/www.umorlagurahumorului.ro\/?s={search_term_string}\"},\"query-input\":{\"@type\":\"PropertyValueSpecification\",\"valueRequired\":true,\"valueName\":\"search_term_string\"}}],\"inLanguage\":\"en-US\"},{\"@type\":\"Organization\",\"@id\":\"https:\/\/www.umorlagurahumorului.ro\/#organization\",\"name\":\"Festivalul Interna\u021bional de Grafic\u0103 Satiric\u0103 \u0219i Literatur\u0103 Umoristic\u0103 Umor la Gura Humorului\",\"url\":\"https:\/\/www.umorlagurahumorului.ro\/\",\"logo\":{\"@type\":\"ImageObject\",\"inLanguage\":\"en-US\",\"@id\":\"https:\/\/www.umorlagurahumorului.ro\/#\/schema\/logo\/image\/\",\"url\":\"https:\/\/www.umorlagurahumorului.ro\/wp-content\/uploads\/2020\/07\/umor-la-gura-humorului.jpg\",\"contentUrl\":\"https:\/\/www.umorlagurahumorului.ro\/wp-content\/uploads\/2020\/07\/umor-la-gura-humorului.jpg\",\"width\":618,\"height\":315,\"caption\":\"Festivalul Interna\u021bional de Grafic\u0103 Satiric\u0103 \u0219i Literatur\u0103 Umoristic\u0103 Umor la Gura Humorului\"},\"image\":{\"@id\":\"https:\/\/www.umorlagurahumorului.ro\/#\/schema\/logo\/image\/\"},\"sameAs\":[\"https:\/\/www.facebook.com\/Umor-la-Gura-Humorului-Humour-at-Gura-Humorului-105184057924606\/\"]}]}<\/script>\n<!-- \/ Yoast SEO plugin. -->","yoast_head_json":{"title":"[:ro]Premianti epigrama 2006[:en] Epigram winners 2006[:] - Humour at .... Gura Humorului","robots":{"index":"index","follow":"follow","max-snippet":"max-snippet:-1","max-image-preview":"max-image-preview:large","max-video-preview":"max-video-preview:-1"},"canonical":"https:\/\/www.umorlagurahumorului.ro\/editii\/editia-16-2006\/premianti-epigrama-2006\/","og_locale":"en_US","og_type":"article","og_title":"[:ro]Premianti epigrama 2006[:en] Epigram winners 2006[:] - Humour at .... Gura Humorului","og_description":"1st Prize &#8211; Mihai Batog Bujeni\u021b\u0103 2nd Prize &#8211; Ioan Todera\u0219cu 3rd Prize &#8211; Constantin Manea","og_url":"https:\/\/www.umorlagurahumorului.ro\/editii\/editia-16-2006\/premianti-epigrama-2006\/","og_site_name":"Humour at .... Gura Humorului","article_publisher":"https:\/\/www.facebook.com\/Umor-la-Gura-Humorului-Humour-at-Gura-Humorului-105184057924606\/","article_modified_time":"2020-07-22T08:32:56+00:00","twitter_card":"summary_large_image","twitter_misc":{"Est. reading time":"8 minutes"},"schema":{"@context":"https:\/\/schema.org","@graph":[{"@type":"WebPage","@id":"https:\/\/www.umorlagurahumorului.ro\/editii\/editia-16-2006\/premianti-epigrama-2006\/","url":"https:\/\/www.umorlagurahumorului.ro\/editii\/editia-16-2006\/premianti-epigrama-2006\/","name":"[:ro]Premianti epigrama 2006[:en] Epigram winners 2006[:] - Humour at .... Gura Humorului","isPartOf":{"@id":"https:\/\/www.umorlagurahumorului.ro\/#website"},"datePublished":"2020-06-23T13:58:23+00:00","dateModified":"2020-07-22T08:32:56+00:00","breadcrumb":{"@id":"https:\/\/www.umorlagurahumorului.ro\/editii\/editia-16-2006\/premianti-epigrama-2006\/#breadcrumb"},"inLanguage":"en-US","potentialAction":[{"@type":"ReadAction","target":["https:\/\/www.umorlagurahumorului.ro\/editii\/editia-16-2006\/premianti-epigrama-2006\/"]}]},{"@type":"BreadcrumbList","@id":"https:\/\/www.umorlagurahumorului.ro\/editii\/editia-16-2006\/premianti-epigrama-2006\/#breadcrumb","itemListElement":[{"@type":"ListItem","position":1,"name":"Prima pagin\u0103","item":"https:\/\/www.umorlagurahumorului.ro\/"},{"@type":"ListItem","position":2,"name":"Editii","item":"https:\/\/www.umorlagurahumorului.ro\/editii\/"},{"@type":"ListItem","position":3,"name":"Editia 16 &#8211; 2006","item":"https:\/\/www.umorlagurahumorului.ro\/editii\/editia-16-2006\/"},{"@type":"ListItem","position":4,"name":"Premianti epigrama 2006"}]},{"@type":"WebSite","@id":"https:\/\/www.umorlagurahumorului.ro\/#website","url":"https:\/\/www.umorlagurahumorului.ro\/","name":"Umor la Gura Humorului","description":"The International Festival of Cartoon and Humorous Literature","publisher":{"@id":"https:\/\/www.umorlagurahumorului.ro\/#organization"},"potentialAction":[{"@type":"SearchAction","target":{"@type":"EntryPoint","urlTemplate":"https:\/\/www.umorlagurahumorului.ro\/?s={search_term_string}"},"query-input":{"@type":"PropertyValueSpecification","valueRequired":true,"valueName":"search_term_string"}}],"inLanguage":"en-US"},{"@type":"Organization","@id":"https:\/\/www.umorlagurahumorului.ro\/#organization","name":"Festivalul Interna\u021bional de Grafic\u0103 Satiric\u0103 \u0219i Literatur\u0103 Umoristic\u0103 Umor la Gura Humorului","url":"https:\/\/www.umorlagurahumorului.ro\/","logo":{"@type":"ImageObject","inLanguage":"en-US","@id":"https:\/\/www.umorlagurahumorului.ro\/#\/schema\/logo\/image\/","url":"https:\/\/www.umorlagurahumorului.ro\/wp-content\/uploads\/2020\/07\/umor-la-gura-humorului.jpg","contentUrl":"https:\/\/www.umorlagurahumorului.ro\/wp-content\/uploads\/2020\/07\/umor-la-gura-humorului.jpg","width":618,"height":315,"caption":"Festivalul Interna\u021bional de Grafic\u0103 Satiric\u0103 \u0219i Literatur\u0103 Umoristic\u0103 Umor la Gura Humorului"},"image":{"@id":"https:\/\/www.umorlagurahumorului.ro\/#\/schema\/logo\/image\/"},"sameAs":["https:\/\/www.facebook.com\/Umor-la-Gura-Humorului-Humour-at-Gura-Humorului-105184057924606\/"]}]}},"_links":{"self":[{"href":"https:\/\/www.umorlagurahumorului.ro\/en\/wp-json\/wp\/v2\/pages\/8613","targetHints":{"allow":["GET"]}}],"collection":[{"href":"https:\/\/www.umorlagurahumorului.ro\/en\/wp-json\/wp\/v2\/pages"}],"about":[{"href":"https:\/\/www.umorlagurahumorului.ro\/en\/wp-json\/wp\/v2\/types\/page"}],"author":[{"embeddable":true,"href":"https:\/\/www.umorlagurahumorului.ro\/en\/wp-json\/wp\/v2\/users\/1"}],"replies":[{"embeddable":true,"href":"https:\/\/www.umorlagurahumorului.ro\/en\/wp-json\/wp\/v2\/comments?post=8613"}],"version-history":[{"count":2,"href":"https:\/\/www.umorlagurahumorului.ro\/en\/wp-json\/wp\/v2\/pages\/8613\/revisions"}],"predecessor-version":[{"id":9514,"href":"https:\/\/www.umorlagurahumorului.ro\/en\/wp-json\/wp\/v2\/pages\/8613\/revisions\/9514"}],"up":[{"embeddable":true,"href":"https:\/\/www.umorlagurahumorului.ro\/en\/wp-json\/wp\/v2\/pages\/8595"}],"wp:attachment":[{"href":"https:\/\/www.umorlagurahumorului.ro\/en\/wp-json\/wp\/v2\/media?parent=8613"}],"curies":[{"name":"wp","href":"https:\/\/api.w.org\/{rel}","templated":true}]}}