{"id":8512,"date":"2020-06-22T21:03:09","date_gmt":"2020-06-22T21:03:09","guid":{"rendered":"http:\/\/www.umorlagurahumorului.ro\/?page_id=8512"},"modified":"2020-09-23T09:43:11","modified_gmt":"2020-09-23T09:43:11","slug":"premianti-grafica-satirica-2009","status":"publish","type":"page","link":"https:\/\/www.umorlagurahumorului.ro\/en\/editii\/editia-19-2009\/premianti-grafica-satirica-2009\/","title":{"rendered":"Cartoon winners 2009"},"content":{"rendered":"<div class=\"su-spacer\" style=\"height:20px\"><\/div>\n<hr>\n<h4>1st Prize &#8211; Lucian Ioan Dob\u00e2rt\u0103 &#8211; Rom\u00e2nia<\/h4>\n<p> \n\t\t<style type=\"text\/css\">\n\t\t\t#gallery-6 {\n\t\t\t\tmargin: auto;\n\t\t\t}\n\t\t\t#gallery-6 .gallery-item {\n\t\t\t\tfloat: left;\n\t\t\t\tmargin-top: 10px;\n\t\t\t\ttext-align: center;\n\t\t\t\twidth: 50%;\n\t\t\t}\n\t\t\t#gallery-6 img {\n\t\t\t\tborder: 2px solid #cfcfcf;\n\t\t\t}\n\t\t\t#gallery-6 .gallery-caption {\n\t\t\t\tmargin-left: 0;\n\t\t\t}\n\t\t\t\/* see gallery_shortcode() in wp-includes\/media.php *\/\n\t\t<\/style>\n\t\t<div id='gallery-6' class='gallery galleryid-8512 gallery-columns-2 gallery-size-medium'><dl class='gallery-item'>\n\t\t\t<dt class='gallery-icon portrait'>\n\t\t\t\t<a href='https:\/\/www.umorlagurahumorului.ro\/wp-content\/uploads\/2020\/06\/Lucian-Ioan-Dob\u00e2r\u021b\u01031.jpg'><img loading=\"lazy\" decoding=\"async\" width=\"212\" height=\"300\" src=\"https:\/\/www.umorlagurahumorului.ro\/wp-content\/uploads\/2020\/06\/Lucian-Ioan-Dob\u00e2r\u021b\u01031-212x300.jpg\" class=\"attachment-medium size-medium\" alt=\"\" srcset=\"https:\/\/www.umorlagurahumorului.ro\/wp-content\/uploads\/2020\/06\/Lucian-Ioan-Dob\u00e2r\u021b\u01031-212x300.jpg 212w, https:\/\/www.umorlagurahumorului.ro\/wp-content\/uploads\/2020\/06\/Lucian-Ioan-Dob\u00e2r\u021b\u01031-400x566.jpg 400w, https:\/\/www.umorlagurahumorului.ro\/wp-content\/uploads\/2020\/06\/Lucian-Ioan-Dob\u00e2r\u021b\u01031.jpg 707w\" sizes=\"auto, (max-width: 212px) 100vw, 212px\" \/><\/a>\n\t\t\t<\/dt><\/dl><dl class='gallery-item'>\n\t\t\t<dt class='gallery-icon portrait'>\n\t\t\t\t<a href='https:\/\/www.umorlagurahumorului.ro\/wp-content\/uploads\/2020\/06\/Lucian-Ioan-Dob\u00e2r\u021b\u01032.jpg'><img loading=\"lazy\" decoding=\"async\" width=\"212\" height=\"300\" src=\"https:\/\/www.umorlagurahumorului.ro\/wp-content\/uploads\/2020\/06\/Lucian-Ioan-Dob\u00e2r\u021b\u01032-212x300.jpg\" class=\"attachment-medium size-medium\" alt=\"\" srcset=\"https:\/\/www.umorlagurahumorului.ro\/wp-content\/uploads\/2020\/06\/Lucian-Ioan-Dob\u00e2r\u021b\u01032-212x300.jpg 212w, https:\/\/www.umorlagurahumorului.ro\/wp-content\/uploads\/2020\/06\/Lucian-Ioan-Dob\u00e2r\u021b\u01032-400x566.jpg 400w, https:\/\/www.umorlagurahumorului.ro\/wp-content\/uploads\/2020\/06\/Lucian-Ioan-Dob\u00e2r\u021b\u01032.jpg 707w\" sizes=\"auto, (max-width: 212px) 100vw, 212px\" \/><\/a>\n\t\t\t<\/dt><\/dl><br style=\"clear: both\" \/>\n\t\t<\/div>\n\n<div class=\"su-spacer\" style=\"height:20px\"><\/div>\n<hr>\n<h4>2nd Prize &#8211; Sergiu Grap\u0103 &#8211; Rom\u00e2nia<\/h4>\n<p> \n\t\t<style type=\"text\/css\">\n\t\t\t#gallery-7 {\n\t\t\t\tmargin: auto;\n\t\t\t}\n\t\t\t#gallery-7 .gallery-item {\n\t\t\t\tfloat: left;\n\t\t\t\tmargin-top: 10px;\n\t\t\t\ttext-align: center;\n\t\t\t\twidth: 50%;\n\t\t\t}\n\t\t\t#gallery-7 img {\n\t\t\t\tborder: 2px solid #cfcfcf;\n\t\t\t}\n\t\t\t#gallery-7 .gallery-caption {\n\t\t\t\tmargin-left: 0;\n\t\t\t}\n\t\t\t\/* see gallery_shortcode() in wp-includes\/media.php *\/\n\t\t<\/style>\n\t\t<div id='gallery-7' class='gallery galleryid-8512 gallery-columns-2 gallery-size-medium'><dl class='gallery-item'>\n\t\t\t<dt class='gallery-icon portrait'>\n\t\t\t\t<a href='https:\/\/www.umorlagurahumorului.ro\/wp-content\/uploads\/2020\/06\/Sergiu-Grap\u01031.jpg'><img loading=\"lazy\" decoding=\"async\" width=\"212\" height=\"300\" src=\"https:\/\/www.umorlagurahumorului.ro\/wp-content\/uploads\/2020\/06\/Sergiu-Grap\u01031-212x300.jpg\" class=\"attachment-medium size-medium\" alt=\"\" srcset=\"https:\/\/www.umorlagurahumorului.ro\/wp-content\/uploads\/2020\/06\/Sergiu-Grap\u01031-212x300.jpg 212w, https:\/\/www.umorlagurahumorului.ro\/wp-content\/uploads\/2020\/06\/Sergiu-Grap\u01031-400x566.jpg 400w, https:\/\/www.umorlagurahumorului.ro\/wp-content\/uploads\/2020\/06\/Sergiu-Grap\u01031.jpg 707w\" sizes=\"auto, (max-width: 212px) 100vw, 212px\" \/><\/a>\n\t\t\t<\/dt><\/dl><dl class='gallery-item'>\n\t\t\t<dt class='gallery-icon portrait'>\n\t\t\t\t<a href='https:\/\/www.umorlagurahumorului.ro\/wp-content\/uploads\/2020\/06\/Sergiu-Grap\u01032.jpg'><img loading=\"lazy\" decoding=\"async\" width=\"210\" height=\"300\" src=\"https:\/\/www.umorlagurahumorului.ro\/wp-content\/uploads\/2020\/06\/Sergiu-Grap\u01032-210x300.jpg\" class=\"attachment-medium size-medium\" alt=\"\" srcset=\"https:\/\/www.umorlagurahumorului.ro\/wp-content\/uploads\/2020\/06\/Sergiu-Grap\u01032-210x300.jpg 210w, https:\/\/www.umorlagurahumorului.ro\/wp-content\/uploads\/2020\/06\/Sergiu-Grap\u01032-400x571.jpg 400w, https:\/\/www.umorlagurahumorului.ro\/wp-content\/uploads\/2020\/06\/Sergiu-Grap\u01032.jpg 700w\" sizes=\"auto, (max-width: 210px) 100vw, 210px\" \/><\/a>\n\t\t\t<\/dt><\/dl><br style=\"clear: both\" \/>\n\t\t<\/div>\n\n<div class=\"su-spacer\" style=\"height:20px\"><\/div>\n<hr>\n<h4>3rd Prize &#8211; Oleg Goutsol &#8211; Belarus<\/h4>\n<p> \n\t\t<style type=\"text\/css\">\n\t\t\t#gallery-8 {\n\t\t\t\tmargin: auto;\n\t\t\t}\n\t\t\t#gallery-8 .gallery-item {\n\t\t\t\tfloat: left;\n\t\t\t\tmargin-top: 10px;\n\t\t\t\ttext-align: center;\n\t\t\t\twidth: 50%;\n\t\t\t}\n\t\t\t#gallery-8 img {\n\t\t\t\tborder: 2px solid #cfcfcf;\n\t\t\t}\n\t\t\t#gallery-8 .gallery-caption {\n\t\t\t\tmargin-left: 0;\n\t\t\t}\n\t\t\t\/* see gallery_shortcode() in wp-includes\/media.php *\/\n\t\t<\/style>\n\t\t<div id='gallery-8' class='gallery galleryid-8512 gallery-columns-2 gallery-size-medium'><dl class='gallery-item'>\n\t\t\t<dt class='gallery-icon portrait'>\n\t\t\t\t<a href='https:\/\/www.umorlagurahumorului.ro\/wp-content\/uploads\/2020\/06\/Oleg-Goutsol1.jpg'><img loading=\"lazy\" decoding=\"async\" width=\"210\" height=\"300\" src=\"https:\/\/www.umorlagurahumorului.ro\/wp-content\/uploads\/2020\/06\/Oleg-Goutsol1-210x300.jpg\" class=\"attachment-medium size-medium\" alt=\"\" srcset=\"https:\/\/www.umorlagurahumorului.ro\/wp-content\/uploads\/2020\/06\/Oleg-Goutsol1-210x300.jpg 210w, https:\/\/www.umorlagurahumorului.ro\/wp-content\/uploads\/2020\/06\/Oleg-Goutsol1-400x571.jpg 400w, https:\/\/www.umorlagurahumorului.ro\/wp-content\/uploads\/2020\/06\/Oleg-Goutsol1.jpg 700w\" sizes=\"auto, (max-width: 210px) 100vw, 210px\" \/><\/a>\n\t\t\t<\/dt><\/dl><dl class='gallery-item'>\n\t\t\t<dt class='gallery-icon portrait'>\n\t\t\t\t<a href='https:\/\/www.umorlagurahumorului.ro\/wp-content\/uploads\/2020\/06\/Oleg-Goutsol2.jpg'><img loading=\"lazy\" decoding=\"async\" width=\"208\" height=\"300\" src=\"https:\/\/www.umorlagurahumorului.ro\/wp-content\/uploads\/2020\/06\/Oleg-Goutsol2-208x300.jpg\" class=\"attachment-medium size-medium\" alt=\"\" srcset=\"https:\/\/www.umorlagurahumorului.ro\/wp-content\/uploads\/2020\/06\/Oleg-Goutsol2-208x300.jpg 208w, https:\/\/www.umorlagurahumorului.ro\/wp-content\/uploads\/2020\/06\/Oleg-Goutsol2-400x576.jpg 400w, https:\/\/www.umorlagurahumorului.ro\/wp-content\/uploads\/2020\/06\/Oleg-Goutsol2.jpg 694w\" sizes=\"auto, (max-width: 208px) 100vw, 208px\" \/><\/a>\n\t\t\t<\/dt><\/dl><br style=\"clear: both\" \/>\n\t\t<\/div>\n\n<div class=\"su-spacer\" style=\"height:20px\"><\/div>\n<hr>\n<h4>George Gavrilean Prize &#8211; Lubom\u00edr Kotrha &#8211; Slovacia<\/h4>\n<p> \n\t\t<style type=\"text\/css\">\n\t\t\t#gallery-9 {\n\t\t\t\tmargin: auto;\n\t\t\t}\n\t\t\t#gallery-9 .gallery-item {\n\t\t\t\tfloat: left;\n\t\t\t\tmargin-top: 10px;\n\t\t\t\ttext-align: center;\n\t\t\t\twidth: 50%;\n\t\t\t}\n\t\t\t#gallery-9 img {\n\t\t\t\tborder: 2px solid #cfcfcf;\n\t\t\t}\n\t\t\t#gallery-9 .gallery-caption {\n\t\t\t\tmargin-left: 0;\n\t\t\t}\n\t\t\t\/* see gallery_shortcode() in wp-includes\/media.php *\/\n\t\t<\/style>\n\t\t<div id='gallery-9' class='gallery galleryid-8512 gallery-columns-2 gallery-size-medium'><dl class='gallery-item'>\n\t\t\t<dt class='gallery-icon landscape'>\n\t\t\t\t<a href='https:\/\/www.umorlagurahumorului.ro\/wp-content\/uploads\/2020\/06\/Lubom\u00edr-Kotrha-1.jpg'><img loading=\"lazy\" decoding=\"async\" width=\"300\" height=\"210\" src=\"https:\/\/www.umorlagurahumorului.ro\/wp-content\/uploads\/2020\/06\/Lubom\u00edr-Kotrha-1-300x210.jpg\" class=\"attachment-medium size-medium\" alt=\"\" srcset=\"https:\/\/www.umorlagurahumorului.ro\/wp-content\/uploads\/2020\/06\/Lubom\u00edr-Kotrha-1-300x210.jpg 300w, https:\/\/www.umorlagurahumorului.ro\/wp-content\/uploads\/2020\/06\/Lubom\u00edr-Kotrha-1-1024x717.jpg 1024w, https:\/\/www.umorlagurahumorului.ro\/wp-content\/uploads\/2020\/06\/Lubom\u00edr-Kotrha-1-768x538.jpg 768w, https:\/\/www.umorlagurahumorului.ro\/wp-content\/uploads\/2020\/06\/Lubom\u00edr-Kotrha-1-1536x1075.jpg 1536w, https:\/\/www.umorlagurahumorului.ro\/wp-content\/uploads\/2020\/06\/Lubom\u00edr-Kotrha-1-400x280.jpg 400w, https:\/\/www.umorlagurahumorului.ro\/wp-content\/uploads\/2020\/06\/Lubom\u00edr-Kotrha-1.jpg 1600w\" sizes=\"auto, (max-width: 300px) 100vw, 300px\" \/><\/a>\n\t\t\t<\/dt><\/dl><dl class='gallery-item'>\n\t\t\t<dt class='gallery-icon landscape'>\n\t\t\t\t<a href='https:\/\/www.umorlagurahumorului.ro\/wp-content\/uploads\/2020\/06\/Lubom\u00edr-Kotrha-2.jpg'><img loading=\"lazy\" decoding=\"async\" width=\"300\" height=\"210\" src=\"https:\/\/www.umorlagurahumorului.ro\/wp-content\/uploads\/2020\/06\/Lubom\u00edr-Kotrha-2-300x210.jpg\" class=\"attachment-medium size-medium\" alt=\"\" srcset=\"https:\/\/www.umorlagurahumorului.ro\/wp-content\/uploads\/2020\/06\/Lubom\u00edr-Kotrha-2-300x210.jpg 300w, https:\/\/www.umorlagurahumorului.ro\/wp-content\/uploads\/2020\/06\/Lubom\u00edr-Kotrha-2-1024x717.jpg 1024w, https:\/\/www.umorlagurahumorului.ro\/wp-content\/uploads\/2020\/06\/Lubom\u00edr-Kotrha-2-768x538.jpg 768w, https:\/\/www.umorlagurahumorului.ro\/wp-content\/uploads\/2020\/06\/Lubom\u00edr-Kotrha-2-1536x1075.jpg 1536w, https:\/\/www.umorlagurahumorului.ro\/wp-content\/uploads\/2020\/06\/Lubom\u00edr-Kotrha-2-400x280.jpg 400w, https:\/\/www.umorlagurahumorului.ro\/wp-content\/uploads\/2020\/06\/Lubom\u00edr-Kotrha-2.jpg 1600w\" sizes=\"auto, (max-width: 300px) 100vw, 300px\" \/><\/a>\n\t\t\t<\/dt><\/dl><br style=\"clear: both\" \/>\n\t\t<\/div>\n\n<div class=\"su-spacer\" style=\"height:20px\"><\/div>\n<hr>\n<h4>George Gavrilean Prize &#8211; Saeed Sadeghi &#8211; Iran<\/h4>\n<p> \n\t\t<style type=\"text\/css\">\n\t\t\t#gallery-10 {\n\t\t\t\tmargin: auto;\n\t\t\t}\n\t\t\t#gallery-10 .gallery-item {\n\t\t\t\tfloat: left;\n\t\t\t\tmargin-top: 10px;\n\t\t\t\ttext-align: center;\n\t\t\t\twidth: 50%;\n\t\t\t}\n\t\t\t#gallery-10 img {\n\t\t\t\tborder: 2px solid #cfcfcf;\n\t\t\t}\n\t\t\t#gallery-10 .gallery-caption {\n\t\t\t\tmargin-left: 0;\n\t\t\t}\n\t\t\t\/* see gallery_shortcode() in wp-includes\/media.php *\/\n\t\t<\/style>\n\t\t<div id='gallery-10' class='gallery galleryid-8512 gallery-columns-2 gallery-size-medium'><dl class='gallery-item'>\n\t\t\t<dt class='gallery-icon portrait'>\n\t\t\t\t<a href='https:\/\/www.umorlagurahumorului.ro\/wp-content\/uploads\/2020\/06\/Saeed-Sadeghi-1.jpg'><img loading=\"lazy\" decoding=\"async\" width=\"212\" height=\"300\" src=\"https:\/\/www.umorlagurahumorului.ro\/wp-content\/uploads\/2020\/06\/Saeed-Sadeghi-1-212x300.jpg\" class=\"attachment-medium size-medium\" alt=\"\" srcset=\"https:\/\/www.umorlagurahumorului.ro\/wp-content\/uploads\/2020\/06\/Saeed-Sadeghi-1-212x300.jpg 212w, https:\/\/www.umorlagurahumorului.ro\/wp-content\/uploads\/2020\/06\/Saeed-Sadeghi-1-724x1024.jpg 724w, https:\/\/www.umorlagurahumorului.ro\/wp-content\/uploads\/2020\/06\/Saeed-Sadeghi-1-768x1086.jpg 768w, https:\/\/www.umorlagurahumorului.ro\/wp-content\/uploads\/2020\/06\/Saeed-Sadeghi-1-1086x1536.jpg 1086w, https:\/\/www.umorlagurahumorului.ro\/wp-content\/uploads\/2020\/06\/Saeed-Sadeghi-1-400x566.jpg 400w, https:\/\/www.umorlagurahumorului.ro\/wp-content\/uploads\/2020\/06\/Saeed-Sadeghi-1.jpg 1131w\" sizes=\"auto, (max-width: 212px) 100vw, 212px\" \/><\/a>\n\t\t\t<\/dt><\/dl><dl class='gallery-item'>\n\t\t\t<dt class='gallery-icon portrait'>\n\t\t\t\t<a href='https:\/\/www.umorlagurahumorului.ro\/wp-content\/uploads\/2020\/06\/Saeed-Sadeghi-2.jpg'><img loading=\"lazy\" decoding=\"async\" width=\"212\" height=\"300\" src=\"https:\/\/www.umorlagurahumorului.ro\/wp-content\/uploads\/2020\/06\/Saeed-Sadeghi-2-212x300.jpg\" class=\"attachment-medium size-medium\" alt=\"\" srcset=\"https:\/\/www.umorlagurahumorului.ro\/wp-content\/uploads\/2020\/06\/Saeed-Sadeghi-2-212x300.jpg 212w, https:\/\/www.umorlagurahumorului.ro\/wp-content\/uploads\/2020\/06\/Saeed-Sadeghi-2-724x1024.jpg 724w, https:\/\/www.umorlagurahumorului.ro\/wp-content\/uploads\/2020\/06\/Saeed-Sadeghi-2-768x1086.jpg 768w, https:\/\/www.umorlagurahumorului.ro\/wp-content\/uploads\/2020\/06\/Saeed-Sadeghi-2-1086x1536.jpg 1086w, https:\/\/www.umorlagurahumorului.ro\/wp-content\/uploads\/2020\/06\/Saeed-Sadeghi-2-400x566.jpg 400w, https:\/\/www.umorlagurahumorului.ro\/wp-content\/uploads\/2020\/06\/Saeed-Sadeghi-2.jpg 1131w\" sizes=\"auto, (max-width: 212px) 100vw, 212px\" \/><\/a>\n\t\t\t<\/dt><\/dl><br style=\"clear: both\" \/>\n\t\t<\/div>","protected":false},"excerpt":{"rendered":"<p>1st Prize &#8211; Lucian Ioan Dob\u00e2rt\u0103 &#8211; Rom\u00e2nia 2nd Prize &#8211; Sergiu Grap\u0103 &#8211; Rom\u00e2nia 3rd Prize &#8211; Oleg Goutsol &#8211; Belarus George Gavrilean Prize &#8211; Lubom\u00edr Kotrha &#8211; Slovacia George Gavrilean Prize &#8211; Saeed Sadeghi &#8211; Iran<\/p>\n","protected":false},"author":1,"featured_media":0,"parent":8504,"menu_order":0,"comment_status":"closed","ping_status":"closed","template":"","meta":{"ngg_post_thumbnail":0,"footnotes":""},"class_list":["post-8512","page","type-page","status-publish","hentry"],"yoast_head":"<!-- This site is optimized with the Yoast SEO plugin v25.9 - https:\/\/yoast.com\/wordpress\/plugins\/seo\/ -->\n<title>Cartoon winners 2009 - Humour at .... Gura Humorului<\/title>\n<meta name=\"robots\" content=\"index, follow, max-snippet:-1, max-image-preview:large, max-video-preview:-1\" \/>\n<link rel=\"canonical\" href=\"https:\/\/www.umorlagurahumorului.ro\/editii\/editia-19-2009\/premianti-grafica-satirica-2009\/\" \/>\n<meta property=\"og:locale\" content=\"en_US\" \/>\n<meta property=\"og:type\" content=\"article\" \/>\n<meta property=\"og:title\" content=\"[:ro]Premianti grafica satirica 2009[:en]Cartoon winners 2009[:] - Humour at .... Gura Humorului\" \/>\n<meta property=\"og:description\" content=\"1st Prize &#8211; Lucian Ioan Dob\u00e2rt\u0103 &#8211; Rom\u00e2nia 2nd Prize &#8211; Sergiu Grap\u0103 &#8211; Rom\u00e2nia 3rd Prize &#8211; Oleg Goutsol &#8211; Belarus George Gavrilean Prize &#8211; Lubom\u00edr Kotrha &#8211; Slovacia George Gavrilean Prize &#8211; Saeed Sadeghi &#8211; Iran\" \/>\n<meta property=\"og:url\" content=\"https:\/\/www.umorlagurahumorului.ro\/editii\/editia-19-2009\/premianti-grafica-satirica-2009\/\" \/>\n<meta property=\"og:site_name\" content=\"Humour at .... Gura Humorului\" \/>\n<meta property=\"article:publisher\" content=\"https:\/\/www.facebook.com\/Umor-la-Gura-Humorului-Humour-at-Gura-Humorului-105184057924606\/\" \/>\n<meta property=\"article:modified_time\" content=\"2020-09-23T09:43:11+00:00\" \/>\n<meta property=\"og:image\" content=\"https:\/\/www.umorlagurahumorului.ro\/wp-content\/uploads\/2020\/06\/Lucian-Ioan-Dob\u00e2r\u021b\u01031-212x300.jpg\" \/>\n<meta name=\"twitter:card\" content=\"summary_large_image\" \/>\n<meta name=\"twitter:label1\" content=\"Est. reading time\" \/>\n\t<meta name=\"twitter:data1\" content=\"1 minute\" \/>\n<script type=\"application\/ld+json\" class=\"yoast-schema-graph\">{\"@context\":\"https:\/\/schema.org\",\"@graph\":[{\"@type\":\"WebPage\",\"@id\":\"https:\/\/www.umorlagurahumorului.ro\/editii\/editia-19-2009\/premianti-grafica-satirica-2009\/\",\"url\":\"https:\/\/www.umorlagurahumorului.ro\/editii\/editia-19-2009\/premianti-grafica-satirica-2009\/\",\"name\":\"[:ro]Premianti grafica satirica 2009[:en]Cartoon winners 2009[:] - Humour at .... Gura Humorului\",\"isPartOf\":{\"@id\":\"https:\/\/www.umorlagurahumorului.ro\/#website\"},\"datePublished\":\"2020-06-22T21:03:09+00:00\",\"dateModified\":\"2020-09-23T09:43:11+00:00\",\"breadcrumb\":{\"@id\":\"https:\/\/www.umorlagurahumorului.ro\/editii\/editia-19-2009\/premianti-grafica-satirica-2009\/#breadcrumb\"},\"inLanguage\":\"en-US\",\"potentialAction\":[{\"@type\":\"ReadAction\",\"target\":[\"https:\/\/www.umorlagurahumorului.ro\/editii\/editia-19-2009\/premianti-grafica-satirica-2009\/\"]}]},{\"@type\":\"BreadcrumbList\",\"@id\":\"https:\/\/www.umorlagurahumorului.ro\/editii\/editia-19-2009\/premianti-grafica-satirica-2009\/#breadcrumb\",\"itemListElement\":[{\"@type\":\"ListItem\",\"position\":1,\"name\":\"Prima pagin\u0103\",\"item\":\"https:\/\/www.umorlagurahumorului.ro\/\"},{\"@type\":\"ListItem\",\"position\":2,\"name\":\"Editii\",\"item\":\"https:\/\/www.umorlagurahumorului.ro\/editii\/\"},{\"@type\":\"ListItem\",\"position\":3,\"name\":\"Editia 19 &#8211; 2009\",\"item\":\"https:\/\/www.umorlagurahumorului.ro\/editii\/editia-19-2009\/\"},{\"@type\":\"ListItem\",\"position\":4,\"name\":\"Premianti grafica satirica 2009\"}]},{\"@type\":\"WebSite\",\"@id\":\"https:\/\/www.umorlagurahumorului.ro\/#website\",\"url\":\"https:\/\/www.umorlagurahumorului.ro\/\",\"name\":\"Umor la Gura Humorului\",\"description\":\"The International Festival of Cartoon and Humorous Literature\",\"publisher\":{\"@id\":\"https:\/\/www.umorlagurahumorului.ro\/#organization\"},\"potentialAction\":[{\"@type\":\"SearchAction\",\"target\":{\"@type\":\"EntryPoint\",\"urlTemplate\":\"https:\/\/www.umorlagurahumorului.ro\/?s={search_term_string}\"},\"query-input\":{\"@type\":\"PropertyValueSpecification\",\"valueRequired\":true,\"valueName\":\"search_term_string\"}}],\"inLanguage\":\"en-US\"},{\"@type\":\"Organization\",\"@id\":\"https:\/\/www.umorlagurahumorului.ro\/#organization\",\"name\":\"Festivalul Interna\u021bional de Grafic\u0103 Satiric\u0103 \u0219i Literatur\u0103 Umoristic\u0103 Umor la Gura Humorului\",\"url\":\"https:\/\/www.umorlagurahumorului.ro\/\",\"logo\":{\"@type\":\"ImageObject\",\"inLanguage\":\"en-US\",\"@id\":\"https:\/\/www.umorlagurahumorului.ro\/#\/schema\/logo\/image\/\",\"url\":\"https:\/\/www.umorlagurahumorului.ro\/wp-content\/uploads\/2020\/07\/umor-la-gura-humorului.jpg\",\"contentUrl\":\"https:\/\/www.umorlagurahumorului.ro\/wp-content\/uploads\/2020\/07\/umor-la-gura-humorului.jpg\",\"width\":618,\"height\":315,\"caption\":\"Festivalul Interna\u021bional de Grafic\u0103 Satiric\u0103 \u0219i Literatur\u0103 Umoristic\u0103 Umor la Gura Humorului\"},\"image\":{\"@id\":\"https:\/\/www.umorlagurahumorului.ro\/#\/schema\/logo\/image\/\"},\"sameAs\":[\"https:\/\/www.facebook.com\/Umor-la-Gura-Humorului-Humour-at-Gura-Humorului-105184057924606\/\"]}]}<\/script>\n<!-- \/ Yoast SEO plugin. -->","yoast_head_json":{"title":"[:ro]Premianti grafica satirica 2009[:en]Cartoon winners 2009[:] - Humour at .... Gura Humorului","robots":{"index":"index","follow":"follow","max-snippet":"max-snippet:-1","max-image-preview":"max-image-preview:large","max-video-preview":"max-video-preview:-1"},"canonical":"https:\/\/www.umorlagurahumorului.ro\/editii\/editia-19-2009\/premianti-grafica-satirica-2009\/","og_locale":"en_US","og_type":"article","og_title":"[:ro]Premianti grafica satirica 2009[:en]Cartoon winners 2009[:] - Humour at .... Gura Humorului","og_description":"1st Prize &#8211; Lucian Ioan Dob\u00e2rt\u0103 &#8211; Rom\u00e2nia 2nd Prize &#8211; Sergiu Grap\u0103 &#8211; Rom\u00e2nia 3rd Prize &#8211; Oleg Goutsol &#8211; Belarus George Gavrilean Prize &#8211; Lubom\u00edr Kotrha &#8211; Slovacia George Gavrilean Prize &#8211; Saeed Sadeghi &#8211; Iran","og_url":"https:\/\/www.umorlagurahumorului.ro\/editii\/editia-19-2009\/premianti-grafica-satirica-2009\/","og_site_name":"Humour at .... Gura Humorului","article_publisher":"https:\/\/www.facebook.com\/Umor-la-Gura-Humorului-Humour-at-Gura-Humorului-105184057924606\/","article_modified_time":"2020-09-23T09:43:11+00:00","og_image":[{"url":"https:\/\/www.umorlagurahumorului.ro\/wp-content\/uploads\/2020\/06\/Lucian-Ioan-Dob\u00e2r\u021b\u01031-212x300.jpg","type":"","width":"","height":""}],"twitter_card":"summary_large_image","twitter_misc":{"Est. reading time":"1 minute"},"schema":{"@context":"https:\/\/schema.org","@graph":[{"@type":"WebPage","@id":"https:\/\/www.umorlagurahumorului.ro\/editii\/editia-19-2009\/premianti-grafica-satirica-2009\/","url":"https:\/\/www.umorlagurahumorului.ro\/editii\/editia-19-2009\/premianti-grafica-satirica-2009\/","name":"[:ro]Premianti grafica satirica 2009[:en]Cartoon winners 2009[:] - Humour at .... Gura Humorului","isPartOf":{"@id":"https:\/\/www.umorlagurahumorului.ro\/#website"},"datePublished":"2020-06-22T21:03:09+00:00","dateModified":"2020-09-23T09:43:11+00:00","breadcrumb":{"@id":"https:\/\/www.umorlagurahumorului.ro\/editii\/editia-19-2009\/premianti-grafica-satirica-2009\/#breadcrumb"},"inLanguage":"en-US","potentialAction":[{"@type":"ReadAction","target":["https:\/\/www.umorlagurahumorului.ro\/editii\/editia-19-2009\/premianti-grafica-satirica-2009\/"]}]},{"@type":"BreadcrumbList","@id":"https:\/\/www.umorlagurahumorului.ro\/editii\/editia-19-2009\/premianti-grafica-satirica-2009\/#breadcrumb","itemListElement":[{"@type":"ListItem","position":1,"name":"Prima pagin\u0103","item":"https:\/\/www.umorlagurahumorului.ro\/"},{"@type":"ListItem","position":2,"name":"Editii","item":"https:\/\/www.umorlagurahumorului.ro\/editii\/"},{"@type":"ListItem","position":3,"name":"Editia 19 &#8211; 2009","item":"https:\/\/www.umorlagurahumorului.ro\/editii\/editia-19-2009\/"},{"@type":"ListItem","position":4,"name":"Premianti grafica satirica 2009"}]},{"@type":"WebSite","@id":"https:\/\/www.umorlagurahumorului.ro\/#website","url":"https:\/\/www.umorlagurahumorului.ro\/","name":"Umor la Gura Humorului","description":"The International Festival of Cartoon and Humorous Literature","publisher":{"@id":"https:\/\/www.umorlagurahumorului.ro\/#organization"},"potentialAction":[{"@type":"SearchAction","target":{"@type":"EntryPoint","urlTemplate":"https:\/\/www.umorlagurahumorului.ro\/?s={search_term_string}"},"query-input":{"@type":"PropertyValueSpecification","valueRequired":true,"valueName":"search_term_string"}}],"inLanguage":"en-US"},{"@type":"Organization","@id":"https:\/\/www.umorlagurahumorului.ro\/#organization","name":"Festivalul Interna\u021bional de Grafic\u0103 Satiric\u0103 \u0219i Literatur\u0103 Umoristic\u0103 Umor la Gura Humorului","url":"https:\/\/www.umorlagurahumorului.ro\/","logo":{"@type":"ImageObject","inLanguage":"en-US","@id":"https:\/\/www.umorlagurahumorului.ro\/#\/schema\/logo\/image\/","url":"https:\/\/www.umorlagurahumorului.ro\/wp-content\/uploads\/2020\/07\/umor-la-gura-humorului.jpg","contentUrl":"https:\/\/www.umorlagurahumorului.ro\/wp-content\/uploads\/2020\/07\/umor-la-gura-humorului.jpg","width":618,"height":315,"caption":"Festivalul Interna\u021bional de Grafic\u0103 Satiric\u0103 \u0219i Literatur\u0103 Umoristic\u0103 Umor la Gura Humorului"},"image":{"@id":"https:\/\/www.umorlagurahumorului.ro\/#\/schema\/logo\/image\/"},"sameAs":["https:\/\/www.facebook.com\/Umor-la-Gura-Humorului-Humour-at-Gura-Humorului-105184057924606\/"]}]}},"_links":{"self":[{"href":"https:\/\/www.umorlagurahumorului.ro\/en\/wp-json\/wp\/v2\/pages\/8512","targetHints":{"allow":["GET"]}}],"collection":[{"href":"https:\/\/www.umorlagurahumorului.ro\/en\/wp-json\/wp\/v2\/pages"}],"about":[{"href":"https:\/\/www.umorlagurahumorului.ro\/en\/wp-json\/wp\/v2\/types\/page"}],"author":[{"embeddable":true,"href":"https:\/\/www.umorlagurahumorului.ro\/en\/wp-json\/wp\/v2\/users\/1"}],"replies":[{"embeddable":true,"href":"https:\/\/www.umorlagurahumorului.ro\/en\/wp-json\/wp\/v2\/comments?post=8512"}],"version-history":[{"count":3,"href":"https:\/\/www.umorlagurahumorului.ro\/en\/wp-json\/wp\/v2\/pages\/8512\/revisions"}],"predecessor-version":[{"id":9726,"href":"https:\/\/www.umorlagurahumorului.ro\/en\/wp-json\/wp\/v2\/pages\/8512\/revisions\/9726"}],"up":[{"embeddable":true,"href":"https:\/\/www.umorlagurahumorului.ro\/en\/wp-json\/wp\/v2\/pages\/8504"}],"wp:attachment":[{"href":"https:\/\/www.umorlagurahumorului.ro\/en\/wp-json\/wp\/v2\/media?parent=8512"}],"curies":[{"name":"wp","href":"https:\/\/api.w.org\/{rel}","templated":true}]}}