{"id":8430,"date":"2020-06-21T15:32:12","date_gmt":"2020-06-21T15:32:12","guid":{"rendered":"http:\/\/www.umorlagurahumorului.ro\/?page_id=8430"},"modified":"2020-07-20T19:37:52","modified_gmt":"2020-07-20T19:37:52","slug":"premianti-epigrama-2012","status":"publish","type":"page","link":"https:\/\/www.umorlagurahumorului.ro\/en\/editii\/editia-22-2012\/premianti-epigrama-2012\/","title":{"rendered":"Epigram winners 2012"},"content":{"rendered":"<hr>\n<h4>1st Prize &#8211; Vasile Vajoga<\/h4>\n<div class=\"su-row\"><div class=\"su-column su-column-size-1-2\"><div class=\"su-column-inner su-u-clearfix su-u-trim\">\n<strong>FILOSOFIC\u0102<\/strong><br \/>\nEu nu-s Socrate, Platon \u015fi nici Kant,<br \/>\n\u00cen schimb, ca to\u0163i p\u0103\u0163i\u0163ii pot s\u0103 spun<br \/>\nC\u0103 unul e momentul culminant,<br \/>\n\u015ei altul e momentul oportun!&#8230;<\/p>\n<p><strong>CALITATE NATIV\u0102<\/strong><br \/>\nRom\u00e2nul, f\u0103r\u0103 echivoc,<br \/>\nOriunde-n lume s-ar afla,<br \/>\nNu e oportunist deloc,<br \/>\nDar, dac\u0103-i rostul de ceva&#8230;<\/p>\n<p><strong>RETORIC\u0102&#8230;<\/strong><br \/>\n\u00cen modul cel mai realist<br \/>\nVreau un r\u0103spuns l\u0103muritor:<br \/>\n\u201eOi fi \u015fi eu oportunist,<br \/>\nR\u00e2vnind un premiu la Humor??\u201d<\/p>\n<p><strong>AMBIGUITATE<\/strong><br \/>\nEu, ca rom\u00e2nul presupun<br \/>\nTrec\u00e2nd prin zeci de greut\u0103\u0163i,<br \/>\nC\u0103-n drumul spre un trai mai bun<br \/>\nSunt alte oportunit\u0103\u0163i&#8230;<\/p>\n<p><strong>ROMANIA ARE MARI OPORTUNIT\u0102\u0162I TURISTICE (articol media)<\/strong><br \/>\nVedem, analiz\u00e2nd firesc,<br \/>\nTurismul nostru, rom\u00e2nesc,<br \/>\nO droaie de oportuni\u015fti<br \/>\n\u015ei, evident,  tu&#8230; ri\u015fti, tu&#8230; ri\u015fti&#8230;<\/p>\n<\/div><\/div>\n<div class=\"su-column su-column-size-1-2\"><div class=\"su-column-inner su-u-clearfix su-u-trim\">\n<strong>R\u0102SPUNDERE CIVIC\u0102<\/strong><br \/>\nCiubuc\u0103real\u0103, mit\u0103 \u015fi \u015fantaj,<br \/>\nS\u0103 le divulg pe fa\u0163\u0103 am curaj,<br \/>\n\u015ei chiar de unde pleac\u0103 pot s\u0103 spun,<br \/>\nDar&#8230;\u00eenc\u0103 nu-i momentul oportun!<\/p>\n<p><strong>REALITATE ACTUAL\u0102<\/strong><br \/>\nAcesta-i adev\u0103rul crunt<br \/>\nPe care-n fa\u0163\u0103 \u00eel vedem:<br \/>\nC\u0103 oportunit\u0103\u0163i nu sunt<br \/>\nLa c\u00e2\u0163i oportuni\u015fti avem!<\/p>\n<p><strong>DIC\u0162IONAR&#8230;<\/strong><br \/>\nEu nu posed valen\u0163e de lingvist,<br \/>\nDar pot s\u0103 spun c-o doz\u0103 de sarcasm,<br \/>\nC\u0103 politician oportunist,<br \/>\nE, cum s\u0103 zic, un soi de &#8230;pleonasm!<\/p>\n<p><strong>DIALOD CU DOAMNA DIRIGINT\u0102<\/strong><br \/>\n-Ia spune-mi, Bul\u0103, clar \u015fi verde-n fa\u0163\u0103:<br \/>\nTu ai vreo oportunitate-n via\u0163\u0103?<br \/>\n-P\u0103i, am&#8230;dar n-o ar\u0103t la fiecare,<br \/>\nC\u0103 iar \u00eemi pune\u0163i patru la purtare!<\/p>\n<p><strong>OPORTUNITATE &#8230;LA  ZI<\/strong><br \/>\nAfirm \u00een fa\u0163a tuturor,<br \/>\nFiinc\u0103, ce mai tura-vura,<br \/>\nC\u00e2nd vine vorba de H(UMOR),<br \/>\nNici criza nu-i \u00eenchide GURA!!<\/p>\n<\/div><\/div><\/div>\n<hr>\n<h4>2nd Prize &#8211; Manole Vasile<\/h4>\n<div class=\"su-row\"><div class=\"su-column su-column-size-1-2\"><div class=\"su-column-inner su-u-clearfix su-u-trim\">\n<strong>C\u0102PU\u015eARUL ECO<\/strong><br \/>\nCum munca nu i-a prea pl\u0103cut,<br \/>\nF\u0103r\u0103 regret i-a spus adio,<br \/>\nDar mai \u00eenainte a f\u0103cut,<br \/>\nO ferm\u0103 de c\u0103pu\u015fe bio.<\/p>\n<p><strong>REEVALUATUL<\/strong><br \/>\nLa bani m\u0103run\u0163i c\u00e2nd l-au luat<br \/>\nAu constatat c\u0103-i nulitate,<br \/>\nNoroc c\u0103 reevaluat<br \/>\nE un b\u0103rbat \u015fi jum\u0103tate.<\/p>\n<p><strong>EMINENTUL<\/strong><br \/>\nDup\u0103 dou\u0103 masterate<br \/>\nS-a \u00eenscris la facultate,<br \/>\nDar la doctorat s\u0103racul,<br \/>\nI-au pretins ca mit\u0103 bacul.<\/p>\n<p><strong>TOATE LA TIMPUL LOR<\/strong><br \/>\nC\u00e2t a fost el la putere<br \/>\nA lucrat bine cu statul<br \/>\n\u015ei-a f\u0103cut ceva avere,<br \/>\nP\u00e2n\u2019 s\u0103 dea cu subsemnatul.<\/p>\n<p><strong>OPORTUNIST \u00ceN DRAGOSTE<\/strong><br \/>\nSc\u0103pat \u00een fine din \u201crobie\u201d,<br \/>\nDup\u0103 un divor\u0163 at\u00e2t de lung,<br \/>\nRevine des pe la so\u0163ie,<br \/>\nFemeile nu-i mai ajung.<\/p>\n<\/div><\/div>\n<div class=\"su-column su-column-size-1-2\"><div class=\"su-column-inner su-u-clearfix su-u-trim\">\n<p><strong>OMUL POTRIVIT LA LOCUL POTRIVIT<\/strong><br \/>\nFiind din e\u015falonul doi,<br \/>\nDup\u0103 mai multe derog\u0103ri,<br \/>\nCu brio-i promovat apoi,<br \/>\nPrintr-un concurs de-mprejurari.<\/p>\n<p><strong>C-A\u015eA-I ROMANUL<\/strong><br \/>\nC\u00e2nd mi-am luat din cui securea<br \/>\nS\u0103 fac o coad\u0103 de topor<br \/>\nV\u0103zui c\u0103 au t\u0103iat p\u0103durea<br \/>\nS\u0103-mi vin\u0103 to\u0163i \u00een ajutor.<\/p>\n<p><strong>CANDIDATUL<\/strong><br \/>\nAjuns un vrednic deputat,<br \/>\nS-a remarcat prin bun\u0103stare,<br \/>\nFiind la ultimul mandat<br \/>\nDe arestare.<\/p>\n<p><strong>OPORTUNISTUL POLITIC<\/strong><br \/>\nDup\u0103 un slalom foarte lung,<br \/>\nPrintre himerice doctrine,<br \/>\nPartidele nu-i mai ajung,<br \/>\nDoctrinele sunt prea pu\u0163ine.<\/p>\n<p><strong>RECESIUNE \u00ceN DRAGOSTE<\/strong><br \/>\nLa bani c\u00e2nd a sim\u0163it refluxul,<br \/>\nPe femei prin lux trecute<br \/>\nLe-a refuzat, p\u0103str\u00e2nd doar luxul<br \/>\nAcelora u\u015for\u2026 avute.<\/p>\n<\/div><\/div><\/div>\n<hr>\n<h4>3rd Prize &#8211; Gheorghe B\u00e2lici<\/h4>\n<div class=\"su-row\"><div class=\"su-column su-column-size-1-2\"><div class=\"su-column-inner su-u-clearfix su-u-trim\">\n<strong>Privind la politicieni<\/strong><br \/>\nDemocra\u0163ia, pas\u0103mite,<br \/>\nE cea mai bun\u0103 salvatoare,<br \/>\nC\u0103ci ea tot timpul \u00ee\u0163i permite<br \/>\nS\u0103  min\u0163i, ca s\u0103 ajungi om mare!&#8230;<\/p>\n<p><strong>Unuia care a trecut din partidul<br \/>\ns\u0103u \u00een cel \u00eenving\u0103tor la alegeri<\/strong><br \/>\nLa noul \u015fef, ca eunucul<br \/>\nCe \u015ftie-al casei obicei,<br \/>\nDoar dup\u0103 ce \u00eei pupi papucul,<br \/>\nSim\u0163i c\u0103-\u0163i apar \u00een cap idei!&#8230;<\/p>\n<p><strong>Oportuni\u015ftii alegerilor<\/strong><br \/>\nNe-am\u0103gesc cu-n vin \u015fi-o bere,<br \/>\nS\u0103 ne credem mai uni\u0163i<br \/>\n\u015ei-apoi, iat\u0103, ni se cere<br \/>\nPatru ani s\u0103 fim \u2026cinsti\u0163i.<\/p>\n<p><strong>Demagogul<\/strong><br \/>\n\u015etiind politica \u00een stat<br \/>\n\u015ei demonstr\u00e2nd c\u0103-i bun de limb\u0103,<br \/>\nP\u0103rerea lui de neschimbat\u2026<br \/>\nDoar dac\u0103 trebuie \u015fi-o schimb\u0103. <\/p>\n<p><strong>Parvenitul politic<\/strong><br \/>\nCu aere de mare snob,<br \/>\nEl nu tr\u0103ie\u015fte pentru sine,<br \/>\nC\u0103ci are-n sufletu-i un rob<br \/>\nDeprins ca s\u0103 tr\u0103iasc\u0103 bine!<\/p>\n<\/div><\/div>\n<div class=\"su-column su-column-size-1-2\"><div class=\"su-column-inner su-u-clearfix su-u-trim\">\n<strong>Unui politician<\/strong><br \/>\nPe-o insul\u0103 nepopulat\u0103<br \/>\nEl ar muri, cu s\u0103n\u0103tate,<br \/>\nC\u0103ci are fe\u0163e c\u00e2te-arat\u0103<br \/>\n\u015ei-atuncea cui s\u0103 le arate?!\u2026<\/p>\n<p><strong>Unui demnitar<\/strong><br \/>\nCompromis, la o adic\u0103,<br \/>\nPrin tertipuri fel de fel,<br \/>\nCel mai tare-i este frica\u2026<br \/>\nS\u0103 vorbeasc\u0103-acum cu el.<\/p>\n<p><strong>Cameleonul comunist <\/strong><br \/>\nAzi pretinsul patriot,<br \/>\nCe s-ar vrea mai mult despot,<br \/>\n\u015ei-nvelit \u00een tricolor<br \/>\nE la suflet ro\u015fior!&#8230;<\/p>\n<p><strong>Unui politician corupt<\/strong><br \/>\nAcest b\u0103rbat ce nu-i novice<br \/>\n\u00cen a p\u0103rea un patriot<br \/>\nCa om e ieftin, cum s-ar zice,<br \/>\nDar cost\u0103, cic\u0103, scump de tot\u2026<\/p>\n<p><strong>Confesiunea unui om politic<\/strong><br \/>\nO carier\u0103 str\u0103lucit\u0103,<br \/>\nCum este demonstrat prin ani,<br \/>\nDe vrei s\u0103 fie \u015fi cinstit\u0103,<br \/>\nSe cump\u0103r\u0103 cu sluj \u015fi bani!&#8230;<\/p>\n<\/div><\/div><\/div>","protected":false},"excerpt":{"rendered":"<p>1st Prize &#8211; Vasile Vajoga 2nd Prize &#8211; Manole Vasile 3rd Prize &#8211; Gheorghe B\u00e2lici<\/p>\n","protected":false},"author":1,"featured_media":0,"parent":8411,"menu_order":0,"comment_status":"closed","ping_status":"closed","template":"","meta":{"ngg_post_thumbnail":0,"footnotes":""},"class_list":["post-8430","page","type-page","status-publish","hentry"],"yoast_head":"<!-- This site is optimized with the Yoast SEO plugin v25.9 - https:\/\/yoast.com\/wordpress\/plugins\/seo\/ -->\n<title>Epigram winners 2012 - Humour at .... Gura Humorului<\/title>\n<meta name=\"robots\" content=\"index, follow, max-snippet:-1, max-image-preview:large, max-video-preview:-1\" \/>\n<link rel=\"canonical\" href=\"https:\/\/www.umorlagurahumorului.ro\/editii\/editia-22-2012\/premianti-epigrama-2012\/\" \/>\n<meta property=\"og:locale\" content=\"en_US\" \/>\n<meta property=\"og:type\" content=\"article\" \/>\n<meta property=\"og:title\" content=\"[:ro]Premianti epigrama 2012[:en]Epigram winners 2012[:] - Humour at .... Gura Humorului\" \/>\n<meta property=\"og:description\" content=\"1st Prize &#8211; Vasile Vajoga 2nd Prize &#8211; Manole Vasile 3rd Prize &#8211; Gheorghe B\u00e2lici\" \/>\n<meta property=\"og:url\" content=\"https:\/\/www.umorlagurahumorului.ro\/editii\/editia-22-2012\/premianti-epigrama-2012\/\" \/>\n<meta property=\"og:site_name\" content=\"Humour at .... Gura Humorului\" \/>\n<meta property=\"article:publisher\" content=\"https:\/\/www.facebook.com\/Umor-la-Gura-Humorului-Humour-at-Gura-Humorului-105184057924606\/\" \/>\n<meta property=\"article:modified_time\" content=\"2020-07-20T19:37:52+00:00\" \/>\n<meta name=\"twitter:card\" content=\"summary_large_image\" \/>\n<meta name=\"twitter:label1\" content=\"Est. reading time\" \/>\n\t<meta name=\"twitter:data1\" content=\"8 minutes\" \/>\n<script type=\"application\/ld+json\" class=\"yoast-schema-graph\">{\"@context\":\"https:\/\/schema.org\",\"@graph\":[{\"@type\":\"WebPage\",\"@id\":\"https:\/\/www.umorlagurahumorului.ro\/editii\/editia-22-2012\/premianti-epigrama-2012\/\",\"url\":\"https:\/\/www.umorlagurahumorului.ro\/editii\/editia-22-2012\/premianti-epigrama-2012\/\",\"name\":\"[:ro]Premianti epigrama 2012[:en]Epigram winners 2012[:] - Humour at .... Gura Humorului\",\"isPartOf\":{\"@id\":\"https:\/\/www.umorlagurahumorului.ro\/#website\"},\"datePublished\":\"2020-06-21T15:32:12+00:00\",\"dateModified\":\"2020-07-20T19:37:52+00:00\",\"breadcrumb\":{\"@id\":\"https:\/\/www.umorlagurahumorului.ro\/editii\/editia-22-2012\/premianti-epigrama-2012\/#breadcrumb\"},\"inLanguage\":\"en-US\",\"potentialAction\":[{\"@type\":\"ReadAction\",\"target\":[\"https:\/\/www.umorlagurahumorului.ro\/editii\/editia-22-2012\/premianti-epigrama-2012\/\"]}]},{\"@type\":\"BreadcrumbList\",\"@id\":\"https:\/\/www.umorlagurahumorului.ro\/editii\/editia-22-2012\/premianti-epigrama-2012\/#breadcrumb\",\"itemListElement\":[{\"@type\":\"ListItem\",\"position\":1,\"name\":\"Prima pagin\u0103\",\"item\":\"https:\/\/www.umorlagurahumorului.ro\/\"},{\"@type\":\"ListItem\",\"position\":2,\"name\":\"Editii\",\"item\":\"https:\/\/www.umorlagurahumorului.ro\/editii\/\"},{\"@type\":\"ListItem\",\"position\":3,\"name\":\"Editia 22 &#8211; 2012\",\"item\":\"https:\/\/www.umorlagurahumorului.ro\/editii\/editia-22-2012\/\"},{\"@type\":\"ListItem\",\"position\":4,\"name\":\"Premianti epigrama 2012\"}]},{\"@type\":\"WebSite\",\"@id\":\"https:\/\/www.umorlagurahumorului.ro\/#website\",\"url\":\"https:\/\/www.umorlagurahumorului.ro\/\",\"name\":\"Umor la Gura Humorului\",\"description\":\"The International Festival of Cartoon and Humorous Literature\",\"publisher\":{\"@id\":\"https:\/\/www.umorlagurahumorului.ro\/#organization\"},\"potentialAction\":[{\"@type\":\"SearchAction\",\"target\":{\"@type\":\"EntryPoint\",\"urlTemplate\":\"https:\/\/www.umorlagurahumorului.ro\/?s={search_term_string}\"},\"query-input\":{\"@type\":\"PropertyValueSpecification\",\"valueRequired\":true,\"valueName\":\"search_term_string\"}}],\"inLanguage\":\"en-US\"},{\"@type\":\"Organization\",\"@id\":\"https:\/\/www.umorlagurahumorului.ro\/#organization\",\"name\":\"Festivalul Interna\u021bional de Grafic\u0103 Satiric\u0103 \u0219i Literatur\u0103 Umoristic\u0103 Umor la Gura Humorului\",\"url\":\"https:\/\/www.umorlagurahumorului.ro\/\",\"logo\":{\"@type\":\"ImageObject\",\"inLanguage\":\"en-US\",\"@id\":\"https:\/\/www.umorlagurahumorului.ro\/#\/schema\/logo\/image\/\",\"url\":\"https:\/\/www.umorlagurahumorului.ro\/wp-content\/uploads\/2020\/07\/umor-la-gura-humorului.jpg\",\"contentUrl\":\"https:\/\/www.umorlagurahumorului.ro\/wp-content\/uploads\/2020\/07\/umor-la-gura-humorului.jpg\",\"width\":618,\"height\":315,\"caption\":\"Festivalul Interna\u021bional de Grafic\u0103 Satiric\u0103 \u0219i Literatur\u0103 Umoristic\u0103 Umor la Gura Humorului\"},\"image\":{\"@id\":\"https:\/\/www.umorlagurahumorului.ro\/#\/schema\/logo\/image\/\"},\"sameAs\":[\"https:\/\/www.facebook.com\/Umor-la-Gura-Humorului-Humour-at-Gura-Humorului-105184057924606\/\"]}]}<\/script>\n<!-- \/ Yoast SEO plugin. -->","yoast_head_json":{"title":"[:ro]Premianti epigrama 2012[:en]Epigram winners 2012[:] - Humour at .... Gura Humorului","robots":{"index":"index","follow":"follow","max-snippet":"max-snippet:-1","max-image-preview":"max-image-preview:large","max-video-preview":"max-video-preview:-1"},"canonical":"https:\/\/www.umorlagurahumorului.ro\/editii\/editia-22-2012\/premianti-epigrama-2012\/","og_locale":"en_US","og_type":"article","og_title":"[:ro]Premianti epigrama 2012[:en]Epigram winners 2012[:] - Humour at .... Gura Humorului","og_description":"1st Prize &#8211; Vasile Vajoga 2nd Prize &#8211; Manole Vasile 3rd Prize &#8211; Gheorghe B\u00e2lici","og_url":"https:\/\/www.umorlagurahumorului.ro\/editii\/editia-22-2012\/premianti-epigrama-2012\/","og_site_name":"Humour at .... Gura Humorului","article_publisher":"https:\/\/www.facebook.com\/Umor-la-Gura-Humorului-Humour-at-Gura-Humorului-105184057924606\/","article_modified_time":"2020-07-20T19:37:52+00:00","twitter_card":"summary_large_image","twitter_misc":{"Est. reading time":"8 minutes"},"schema":{"@context":"https:\/\/schema.org","@graph":[{"@type":"WebPage","@id":"https:\/\/www.umorlagurahumorului.ro\/editii\/editia-22-2012\/premianti-epigrama-2012\/","url":"https:\/\/www.umorlagurahumorului.ro\/editii\/editia-22-2012\/premianti-epigrama-2012\/","name":"[:ro]Premianti epigrama 2012[:en]Epigram winners 2012[:] - Humour at .... Gura Humorului","isPartOf":{"@id":"https:\/\/www.umorlagurahumorului.ro\/#website"},"datePublished":"2020-06-21T15:32:12+00:00","dateModified":"2020-07-20T19:37:52+00:00","breadcrumb":{"@id":"https:\/\/www.umorlagurahumorului.ro\/editii\/editia-22-2012\/premianti-epigrama-2012\/#breadcrumb"},"inLanguage":"en-US","potentialAction":[{"@type":"ReadAction","target":["https:\/\/www.umorlagurahumorului.ro\/editii\/editia-22-2012\/premianti-epigrama-2012\/"]}]},{"@type":"BreadcrumbList","@id":"https:\/\/www.umorlagurahumorului.ro\/editii\/editia-22-2012\/premianti-epigrama-2012\/#breadcrumb","itemListElement":[{"@type":"ListItem","position":1,"name":"Prima pagin\u0103","item":"https:\/\/www.umorlagurahumorului.ro\/"},{"@type":"ListItem","position":2,"name":"Editii","item":"https:\/\/www.umorlagurahumorului.ro\/editii\/"},{"@type":"ListItem","position":3,"name":"Editia 22 &#8211; 2012","item":"https:\/\/www.umorlagurahumorului.ro\/editii\/editia-22-2012\/"},{"@type":"ListItem","position":4,"name":"Premianti epigrama 2012"}]},{"@type":"WebSite","@id":"https:\/\/www.umorlagurahumorului.ro\/#website","url":"https:\/\/www.umorlagurahumorului.ro\/","name":"Umor la Gura Humorului","description":"The International Festival of Cartoon and Humorous Literature","publisher":{"@id":"https:\/\/www.umorlagurahumorului.ro\/#organization"},"potentialAction":[{"@type":"SearchAction","target":{"@type":"EntryPoint","urlTemplate":"https:\/\/www.umorlagurahumorului.ro\/?s={search_term_string}"},"query-input":{"@type":"PropertyValueSpecification","valueRequired":true,"valueName":"search_term_string"}}],"inLanguage":"en-US"},{"@type":"Organization","@id":"https:\/\/www.umorlagurahumorului.ro\/#organization","name":"Festivalul Interna\u021bional de Grafic\u0103 Satiric\u0103 \u0219i Literatur\u0103 Umoristic\u0103 Umor la Gura Humorului","url":"https:\/\/www.umorlagurahumorului.ro\/","logo":{"@type":"ImageObject","inLanguage":"en-US","@id":"https:\/\/www.umorlagurahumorului.ro\/#\/schema\/logo\/image\/","url":"https:\/\/www.umorlagurahumorului.ro\/wp-content\/uploads\/2020\/07\/umor-la-gura-humorului.jpg","contentUrl":"https:\/\/www.umorlagurahumorului.ro\/wp-content\/uploads\/2020\/07\/umor-la-gura-humorului.jpg","width":618,"height":315,"caption":"Festivalul Interna\u021bional de Grafic\u0103 Satiric\u0103 \u0219i Literatur\u0103 Umoristic\u0103 Umor la Gura Humorului"},"image":{"@id":"https:\/\/www.umorlagurahumorului.ro\/#\/schema\/logo\/image\/"},"sameAs":["https:\/\/www.facebook.com\/Umor-la-Gura-Humorului-Humour-at-Gura-Humorului-105184057924606\/"]}]}},"_links":{"self":[{"href":"https:\/\/www.umorlagurahumorului.ro\/en\/wp-json\/wp\/v2\/pages\/8430","targetHints":{"allow":["GET"]}}],"collection":[{"href":"https:\/\/www.umorlagurahumorului.ro\/en\/wp-json\/wp\/v2\/pages"}],"about":[{"href":"https:\/\/www.umorlagurahumorului.ro\/en\/wp-json\/wp\/v2\/types\/page"}],"author":[{"embeddable":true,"href":"https:\/\/www.umorlagurahumorului.ro\/en\/wp-json\/wp\/v2\/users\/1"}],"replies":[{"embeddable":true,"href":"https:\/\/www.umorlagurahumorului.ro\/en\/wp-json\/wp\/v2\/comments?post=8430"}],"version-history":[{"count":3,"href":"https:\/\/www.umorlagurahumorului.ro\/en\/wp-json\/wp\/v2\/pages\/8430\/revisions"}],"predecessor-version":[{"id":9471,"href":"https:\/\/www.umorlagurahumorului.ro\/en\/wp-json\/wp\/v2\/pages\/8430\/revisions\/9471"}],"up":[{"embeddable":true,"href":"https:\/\/www.umorlagurahumorului.ro\/en\/wp-json\/wp\/v2\/pages\/8411"}],"wp:attachment":[{"href":"https:\/\/www.umorlagurahumorului.ro\/en\/wp-json\/wp\/v2\/media?parent=8430"}],"curies":[{"name":"wp","href":"https:\/\/api.w.org\/{rel}","templated":true}]}}