{"id":8404,"date":"2020-06-20T18:32:36","date_gmt":"2020-06-20T18:32:36","guid":{"rendered":"http:\/\/www.umorlagurahumorului.ro\/?page_id=8404"},"modified":"2020-07-19T20:55:47","modified_gmt":"2020-07-19T20:55:47","slug":"premianti-epigrama-2014","status":"publish","type":"page","link":"https:\/\/www.umorlagurahumorului.ro\/en\/editii\/editia-24-2014\/premianti-epigrama-2014\/","title":{"rendered":"Epigram winners 2014"},"content":{"rendered":"<hr>\n<h4>1st Prize &#8211; Florin Rotaru<\/h4>\n<div class=\"su-row\"><div class=\"su-column su-column-size-1-2\"><div class=\"su-column-inner su-u-clearfix su-u-trim\">\n<strong>Moto: noroc \u015fi voie bun\u0103<\/strong><\/p>\n<p><strong>Soart\u0103<\/strong><br \/>\n\u00cen traiul \u0103sta furtunos,<br \/>\nPot afirma c\u0103-s norocos,<br \/>\nC\u0103ci ghinion nu am avut<br \/>\nDec\u00e2t&#8230; atunci c\u00e2nd m-am n\u0103scut.<\/p>\n<p><strong>\u015eans\u0103<\/strong><br \/>\n\u00cen ziua-aceea, c\u00e2nd ne-am \u00eent\u00e2lnit,<br \/>\nCu-adev\u0103rat Fortuna mi-a z\u00e2mbit,<br \/>\nDar norocos am fost cu-adev\u0103rat<br \/>\nC\u00e2nd am cerut-o \u015fi&#8230; m-a refuzat.<\/p>\n<p><strong>Confesiune<\/strong><br \/>\nAdes norocu-n cale mi-a ie\u0219it,<br \/>\n\u0218i l-am sim\u021bit al\u0103turea, fidel,<br \/>\nC\u0103 unde-am mers mereu m-a \u00eenso\u0163it,<br \/>\nDe regul\u0103, c\u00e2nd am c\u0103lcat \u00een el.<\/p>\n<\/div><\/div>\n<div class=\"su-column su-column-size-1-2\"><div class=\"su-column-inner su-u-clearfix su-u-trim\">\n<strong>Fapt divers<\/strong><br \/>\nI-a servit \u015fi doamnei \u015focul<br \/>\nVia\u0163a, cu-ale ei contraste,<br \/>\nC-a b\u0103tut-o ieri norocul<br \/>\n&#8230;De i-a rupt vreo patru coaste.<\/p>\n<p><strong>Fatalitate<\/strong><br \/>\n\u00cen via\u021b\u0103, f\u0103r\u0103 echivoc,<br \/>\nTr\u0103ind a\u0219a, dup\u0103 \u0219ablon,<br \/>\nEu am avut mereu noroc<br \/>\n&#8230;de ghinion.<\/p>\n<\/div><\/div><\/div>\n<hr>\n<h4>2nd Prize &#8211; Gheorghe Balaceanu<\/h4>\n<div class=\"su-row\"><div class=\"su-column su-column-size-1-2\"><div class=\"su-column-inner su-u-clearfix su-u-trim\">\n<strong>Motto: Humorul la Humor trage!<\/strong><\/p>\n<p><strong>NOROC<\/strong><br \/>\nS\u0103 fac amor c-o blond\u0103-a\u015fa frumos\u0103,<br \/>\nChiar am noroc, departe de-a m\u0103 pl\u00e2nge,<br \/>\n\u00cenclin s\u0103 cred c\u0103 e \u015fi credincioas\u0103,<br \/>\nC\u0103ci mul\u0163i mi-au spus c\u0103 are cruci \u015fi-n s\u00e2nge&#8230;<\/p>\n<p><strong>VESTEA <\/strong><br \/>\nAfl\u00e2nd c\u0103 \u015fi copilu-a mo\u015ftenit<br \/>\nDefectul meu, \u201ec\u0103zui\u201d din tot \u00eenaltul!<br \/>\nNoroc de vestea ce m-a lini\u015ftit&#8230;<br \/>\nC\u0103 l-a f\u0103cut nevasta mea cu altul.<br \/>\n<strong><br \/>\nSALARIAT<\/strong><br \/>\nC\u0103-i noul \u015fef corect, s-a bucurat<br \/>\nC\u0103ci numai d\u00e2nsul, pentru prima oar\u0103<br \/>\nI-a spus c\u0103 nu va fi persecutat,<br \/>\nCi merit\u0103 din plin&#8230; s\u0103-l dea afar\u0103.<br \/>\n<\/div><\/div>\n<div class=\"su-column su-column-size-1-2\"><div class=\"su-column-inner su-u-clearfix su-u-trim\">\n<strong>CONCURS CU PREMIU SURPRIZ\u0102<\/strong><br \/>\nFiind c\u00e2\u015ftig\u0103torul desemnat<br \/>\nCu mult noroc de-o conjunctur\u0103 fast\u0103,<br \/>\nPatronul bucuros mi-a \u00eenm\u00e2nat<br \/>\nPe fiica sa ur\u00e2t\u0103, de nevast\u0103.<\/p>\n<p><strong>CHIRURG RENUMIT<\/strong><br \/>\nNoroc c\u00e2nd fu s\u0103 fie operat,<br \/>\nAvea, deoarece \u015fi singur cuc<br \/>\nPutea s-o fac\u0103, dar a refuzat&#8230;<br \/>\nFiindc\u0103 nu voia s\u0103-\u015fi dea ciubuc.<\/p>\n<\/div><\/div><\/div>\n<hr>\n<h4>3rd Prize &#8211; Vasile Larco<\/h4>\n<div class=\"su-row\"><div class=\"su-column su-column-size-1-2\"><div class=\"su-column-inner su-u-clearfix su-u-trim\">\n<strong> Motto: \u201eAurul verde\u201d<\/strong><br \/>\n<strong><br \/>\nUNUI  SO\u0162  \u015eI  SIMULTANEITATE<\/strong><br \/>\nNoroc \u015fi ghinion de ai<br \/>\n\u00ce\u0163i po\u0163i modifica destinul:<br \/>\nC\u00e2nd prinzi \u015fi ultimul tramvai<br \/>\n\u015ei pe nevast\u0103&#8230; cu vecinul!  <\/p>\n<p><strong>COMPETITORILOR  MEI<\/strong><br \/>\nPe la concursuri de umor<br \/>\nUit s\u0103 trimit  &#8211; crud abandon \u2013<br \/>\nSe vede c\u0103 am ghinion&#8230;<br \/>\nDar \u0103sta e norocul lor!<br \/>\n<strong><br \/>\nC\u0103ru\u0163a\u015ful care nu \u015ftie c\u0103 are un cal n\u0103zdr\u0103van<\/strong><br \/>\nLa moar\u0103-n deal c\u00e2nd se ducea<br \/>\nD\u0103dea cu biciul des \u00een cai<br \/>\nDar murgul cel din h\u0103is zicea:<br \/>\n\u201e Azi OM  s\u0103 fii, noroc s\u0103 ai\u201d!<\/p>\n<\/div><\/div>\n<div class=\"su-column su-column-size-1-2\"><div class=\"su-column-inner su-u-clearfix su-u-trim\">\n<strong>Ghinion na\u0163ional<\/strong><br \/>\nMotive sunt de-ngrijorare<br \/>\nCu soarta unui brav popor<br \/>\nC\u00e2nd \u0163ara lui e ca o floare<br \/>\n\u015ei mul\u0163i o vor \u00een \u201eglastra\u201d lor.<\/p>\n<p><strong>Ghinion izvor\u00e2t din noroc<\/strong><br \/>\nVitezei n-o s\u0103-i duc azi dorul,<br \/>\nZicea \u015foferul prea gr\u0103bit,<br \/>\n\u015ei-a prins pe verde semaforul&#8230;<br \/>\nDar \u015fi fiola s-a-nverzit.<\/p>\n<\/div><\/div><\/div>","protected":false},"excerpt":{"rendered":"<p>1st Prize &#8211; Florin Rotaru 2nd Prize &#8211; Gheorghe Balaceanu 3rd Prize &#8211; Vasile Larco<\/p>\n","protected":false},"author":1,"featured_media":0,"parent":8355,"menu_order":0,"comment_status":"closed","ping_status":"closed","template":"","meta":{"ngg_post_thumbnail":0,"footnotes":""},"class_list":["post-8404","page","type-page","status-publish","hentry"],"yoast_head":"<!-- This site is optimized with the Yoast SEO plugin v25.9 - https:\/\/yoast.com\/wordpress\/plugins\/seo\/ -->\n<title>Epigram winners 2014 - Humour at .... Gura Humorului<\/title>\n<meta name=\"robots\" content=\"index, follow, max-snippet:-1, max-image-preview:large, max-video-preview:-1\" \/>\n<link rel=\"canonical\" href=\"https:\/\/www.umorlagurahumorului.ro\/editii\/editia-24-2014\/premianti-epigrama-2014\/\" \/>\n<meta property=\"og:locale\" content=\"en_US\" \/>\n<meta property=\"og:type\" content=\"article\" \/>\n<meta property=\"og:title\" content=\"[:ro]Premianti epigrama 2014[:en]Epigram winners 2014[:] - Humour at .... Gura Humorului\" \/>\n<meta property=\"og:description\" content=\"1st Prize &#8211; Florin Rotaru 2nd Prize &#8211; Gheorghe Balaceanu 3rd Prize &#8211; Vasile Larco\" \/>\n<meta property=\"og:url\" content=\"https:\/\/www.umorlagurahumorului.ro\/editii\/editia-24-2014\/premianti-epigrama-2014\/\" \/>\n<meta property=\"og:site_name\" content=\"Humour at .... Gura Humorului\" \/>\n<meta property=\"article:publisher\" content=\"https:\/\/www.facebook.com\/Umor-la-Gura-Humorului-Humour-at-Gura-Humorului-105184057924606\/\" \/>\n<meta property=\"article:modified_time\" content=\"2020-07-19T20:55:47+00:00\" \/>\n<meta name=\"twitter:card\" content=\"summary_large_image\" \/>\n<meta name=\"twitter:label1\" content=\"Est. reading time\" \/>\n\t<meta name=\"twitter:data1\" content=\"5 minutes\" \/>\n<script type=\"application\/ld+json\" class=\"yoast-schema-graph\">{\"@context\":\"https:\/\/schema.org\",\"@graph\":[{\"@type\":\"WebPage\",\"@id\":\"https:\/\/www.umorlagurahumorului.ro\/editii\/editia-24-2014\/premianti-epigrama-2014\/\",\"url\":\"https:\/\/www.umorlagurahumorului.ro\/editii\/editia-24-2014\/premianti-epigrama-2014\/\",\"name\":\"[:ro]Premianti epigrama 2014[:en]Epigram winners 2014[:] - Humour at .... Gura Humorului\",\"isPartOf\":{\"@id\":\"https:\/\/www.umorlagurahumorului.ro\/#website\"},\"datePublished\":\"2020-06-20T18:32:36+00:00\",\"dateModified\":\"2020-07-19T20:55:47+00:00\",\"breadcrumb\":{\"@id\":\"https:\/\/www.umorlagurahumorului.ro\/editii\/editia-24-2014\/premianti-epigrama-2014\/#breadcrumb\"},\"inLanguage\":\"en-US\",\"potentialAction\":[{\"@type\":\"ReadAction\",\"target\":[\"https:\/\/www.umorlagurahumorului.ro\/editii\/editia-24-2014\/premianti-epigrama-2014\/\"]}]},{\"@type\":\"BreadcrumbList\",\"@id\":\"https:\/\/www.umorlagurahumorului.ro\/editii\/editia-24-2014\/premianti-epigrama-2014\/#breadcrumb\",\"itemListElement\":[{\"@type\":\"ListItem\",\"position\":1,\"name\":\"Prima pagin\u0103\",\"item\":\"https:\/\/www.umorlagurahumorului.ro\/\"},{\"@type\":\"ListItem\",\"position\":2,\"name\":\"Editii\",\"item\":\"https:\/\/www.umorlagurahumorului.ro\/editii\/\"},{\"@type\":\"ListItem\",\"position\":3,\"name\":\"Editia 24 &#8211; 2014\",\"item\":\"https:\/\/www.umorlagurahumorului.ro\/editii\/editia-24-2014\/\"},{\"@type\":\"ListItem\",\"position\":4,\"name\":\"Premianti epigrama 2014\"}]},{\"@type\":\"WebSite\",\"@id\":\"https:\/\/www.umorlagurahumorului.ro\/#website\",\"url\":\"https:\/\/www.umorlagurahumorului.ro\/\",\"name\":\"Umor la Gura Humorului\",\"description\":\"The International Festival of Cartoon and Humorous Literature\",\"publisher\":{\"@id\":\"https:\/\/www.umorlagurahumorului.ro\/#organization\"},\"potentialAction\":[{\"@type\":\"SearchAction\",\"target\":{\"@type\":\"EntryPoint\",\"urlTemplate\":\"https:\/\/www.umorlagurahumorului.ro\/?s={search_term_string}\"},\"query-input\":{\"@type\":\"PropertyValueSpecification\",\"valueRequired\":true,\"valueName\":\"search_term_string\"}}],\"inLanguage\":\"en-US\"},{\"@type\":\"Organization\",\"@id\":\"https:\/\/www.umorlagurahumorului.ro\/#organization\",\"name\":\"Festivalul Interna\u021bional de Grafic\u0103 Satiric\u0103 \u0219i Literatur\u0103 Umoristic\u0103 Umor la Gura Humorului\",\"url\":\"https:\/\/www.umorlagurahumorului.ro\/\",\"logo\":{\"@type\":\"ImageObject\",\"inLanguage\":\"en-US\",\"@id\":\"https:\/\/www.umorlagurahumorului.ro\/#\/schema\/logo\/image\/\",\"url\":\"https:\/\/www.umorlagurahumorului.ro\/wp-content\/uploads\/2020\/07\/umor-la-gura-humorului.jpg\",\"contentUrl\":\"https:\/\/www.umorlagurahumorului.ro\/wp-content\/uploads\/2020\/07\/umor-la-gura-humorului.jpg\",\"width\":618,\"height\":315,\"caption\":\"Festivalul Interna\u021bional de Grafic\u0103 Satiric\u0103 \u0219i Literatur\u0103 Umoristic\u0103 Umor la Gura Humorului\"},\"image\":{\"@id\":\"https:\/\/www.umorlagurahumorului.ro\/#\/schema\/logo\/image\/\"},\"sameAs\":[\"https:\/\/www.facebook.com\/Umor-la-Gura-Humorului-Humour-at-Gura-Humorului-105184057924606\/\"]}]}<\/script>\n<!-- \/ Yoast SEO plugin. -->","yoast_head_json":{"title":"[:ro]Premianti epigrama 2014[:en]Epigram winners 2014[:] - Humour at .... Gura Humorului","robots":{"index":"index","follow":"follow","max-snippet":"max-snippet:-1","max-image-preview":"max-image-preview:large","max-video-preview":"max-video-preview:-1"},"canonical":"https:\/\/www.umorlagurahumorului.ro\/editii\/editia-24-2014\/premianti-epigrama-2014\/","og_locale":"en_US","og_type":"article","og_title":"[:ro]Premianti epigrama 2014[:en]Epigram winners 2014[:] - Humour at .... Gura Humorului","og_description":"1st Prize &#8211; Florin Rotaru 2nd Prize &#8211; Gheorghe Balaceanu 3rd Prize &#8211; Vasile Larco","og_url":"https:\/\/www.umorlagurahumorului.ro\/editii\/editia-24-2014\/premianti-epigrama-2014\/","og_site_name":"Humour at .... Gura Humorului","article_publisher":"https:\/\/www.facebook.com\/Umor-la-Gura-Humorului-Humour-at-Gura-Humorului-105184057924606\/","article_modified_time":"2020-07-19T20:55:47+00:00","twitter_card":"summary_large_image","twitter_misc":{"Est. reading time":"5 minutes"},"schema":{"@context":"https:\/\/schema.org","@graph":[{"@type":"WebPage","@id":"https:\/\/www.umorlagurahumorului.ro\/editii\/editia-24-2014\/premianti-epigrama-2014\/","url":"https:\/\/www.umorlagurahumorului.ro\/editii\/editia-24-2014\/premianti-epigrama-2014\/","name":"[:ro]Premianti epigrama 2014[:en]Epigram winners 2014[:] - Humour at .... Gura Humorului","isPartOf":{"@id":"https:\/\/www.umorlagurahumorului.ro\/#website"},"datePublished":"2020-06-20T18:32:36+00:00","dateModified":"2020-07-19T20:55:47+00:00","breadcrumb":{"@id":"https:\/\/www.umorlagurahumorului.ro\/editii\/editia-24-2014\/premianti-epigrama-2014\/#breadcrumb"},"inLanguage":"en-US","potentialAction":[{"@type":"ReadAction","target":["https:\/\/www.umorlagurahumorului.ro\/editii\/editia-24-2014\/premianti-epigrama-2014\/"]}]},{"@type":"BreadcrumbList","@id":"https:\/\/www.umorlagurahumorului.ro\/editii\/editia-24-2014\/premianti-epigrama-2014\/#breadcrumb","itemListElement":[{"@type":"ListItem","position":1,"name":"Prima pagin\u0103","item":"https:\/\/www.umorlagurahumorului.ro\/"},{"@type":"ListItem","position":2,"name":"Editii","item":"https:\/\/www.umorlagurahumorului.ro\/editii\/"},{"@type":"ListItem","position":3,"name":"Editia 24 &#8211; 2014","item":"https:\/\/www.umorlagurahumorului.ro\/editii\/editia-24-2014\/"},{"@type":"ListItem","position":4,"name":"Premianti epigrama 2014"}]},{"@type":"WebSite","@id":"https:\/\/www.umorlagurahumorului.ro\/#website","url":"https:\/\/www.umorlagurahumorului.ro\/","name":"Umor la Gura Humorului","description":"The International Festival of Cartoon and Humorous Literature","publisher":{"@id":"https:\/\/www.umorlagurahumorului.ro\/#organization"},"potentialAction":[{"@type":"SearchAction","target":{"@type":"EntryPoint","urlTemplate":"https:\/\/www.umorlagurahumorului.ro\/?s={search_term_string}"},"query-input":{"@type":"PropertyValueSpecification","valueRequired":true,"valueName":"search_term_string"}}],"inLanguage":"en-US"},{"@type":"Organization","@id":"https:\/\/www.umorlagurahumorului.ro\/#organization","name":"Festivalul Interna\u021bional de Grafic\u0103 Satiric\u0103 \u0219i Literatur\u0103 Umoristic\u0103 Umor la Gura Humorului","url":"https:\/\/www.umorlagurahumorului.ro\/","logo":{"@type":"ImageObject","inLanguage":"en-US","@id":"https:\/\/www.umorlagurahumorului.ro\/#\/schema\/logo\/image\/","url":"https:\/\/www.umorlagurahumorului.ro\/wp-content\/uploads\/2020\/07\/umor-la-gura-humorului.jpg","contentUrl":"https:\/\/www.umorlagurahumorului.ro\/wp-content\/uploads\/2020\/07\/umor-la-gura-humorului.jpg","width":618,"height":315,"caption":"Festivalul Interna\u021bional de Grafic\u0103 Satiric\u0103 \u0219i Literatur\u0103 Umoristic\u0103 Umor la Gura Humorului"},"image":{"@id":"https:\/\/www.umorlagurahumorului.ro\/#\/schema\/logo\/image\/"},"sameAs":["https:\/\/www.facebook.com\/Umor-la-Gura-Humorului-Humour-at-Gura-Humorului-105184057924606\/"]}]}},"_links":{"self":[{"href":"https:\/\/www.umorlagurahumorului.ro\/en\/wp-json\/wp\/v2\/pages\/8404","targetHints":{"allow":["GET"]}}],"collection":[{"href":"https:\/\/www.umorlagurahumorului.ro\/en\/wp-json\/wp\/v2\/pages"}],"about":[{"href":"https:\/\/www.umorlagurahumorului.ro\/en\/wp-json\/wp\/v2\/types\/page"}],"author":[{"embeddable":true,"href":"https:\/\/www.umorlagurahumorului.ro\/en\/wp-json\/wp\/v2\/users\/1"}],"replies":[{"embeddable":true,"href":"https:\/\/www.umorlagurahumorului.ro\/en\/wp-json\/wp\/v2\/comments?post=8404"}],"version-history":[{"count":4,"href":"https:\/\/www.umorlagurahumorului.ro\/en\/wp-json\/wp\/v2\/pages\/8404\/revisions"}],"predecessor-version":[{"id":9459,"href":"https:\/\/www.umorlagurahumorului.ro\/en\/wp-json\/wp\/v2\/pages\/8404\/revisions\/9459"}],"up":[{"embeddable":true,"href":"https:\/\/www.umorlagurahumorului.ro\/en\/wp-json\/wp\/v2\/pages\/8355"}],"wp:attachment":[{"href":"https:\/\/www.umorlagurahumorului.ro\/en\/wp-json\/wp\/v2\/media?parent=8404"}],"curies":[{"name":"wp","href":"https:\/\/api.w.org\/{rel}","templated":true}]}}