{"id":8369,"date":"2020-06-20T15:12:13","date_gmt":"2020-06-20T15:12:13","guid":{"rendered":"http:\/\/www.umorlagurahumorului.ro\/?page_id=8369"},"modified":"2020-07-19T20:57:35","modified_gmt":"2020-07-19T20:57:35","slug":"premianti-poezie-2014","status":"publish","type":"page","link":"https:\/\/www.umorlagurahumorului.ro\/en\/editii\/editia-24-2014\/premianti-poezie-2014\/","title":{"rendered":"Epigram winners 2014"},"content":{"rendered":"<hr>\n<h4>2nd Prize &#8211; Florin Radulescu<\/h4>\n<div class=\"su-row\"><div class=\"su-column su-column-size-1-2\"><div class=\"su-column-inner su-u-clearfix su-u-trim\">\n<strong>Motto: Haz de necaz<\/strong><\/p>\n<p><strong>Zanzibar<\/strong><\/p>\n<p>Am ghinion: sunt norocos, scumpete,<br \/>\nDe c\u00e2nd \u0163i-am luat iubirea-n custodie,<br \/>\nFi&#8217;ndc\u0103 etern \u00ee\u0163i vine pe chelie,<br \/>\nC\u00e2nd sfor\u0103i demn cu dropsu&#8217; la perete,<br \/>\nS\u0103 m\u0103 perturbi, angelic\u0103 mistrie,<br \/>\nDin visu-n care speli duios \u015fosete<br \/>\n\u015ei-o blond\u0103-mi face razii la cotlete<br \/>\nCu s\u00e2ni viteji ce cad la datorie&#8230;<\/p>\n<p>Mi-ai faultat destinul la Plafar,<br \/>\nMomindu-m\u0103 c-un ceai de rostopasc\u0103,<br \/>\nDar azi plictisul meu ar vrea s\u0103 pasc\u0103<br \/>\nPe alt ima\u015f, cu alt\u0103 z\u00e2n\u0103 flasc\u0103;<br \/>\nO s\u0103 dispar, c\u0103l\u0103re pe m\u0103gar,<br \/>\nLa dracu-n praznic, via Zanzibar&#8230;<\/p>\n<p><strong>C\u00e2nd explodezi \u00een g\u00e2nd ca o granat\u0103 (sonet)<\/strong><\/p>\n<p>C\u00e2nd explodezi \u00een g\u00e2nd ca o granat\u0103,<br \/>\nDorin\u0163a se d\u0103 hu\u0163a pe c\u00e2mpie,<br \/>\n\u015ei \u00eemi sur\u00e2de-n visul de h\u00e2rtie<br \/>\nNorocul, ca o dragoste p\u0103trat\u0103.<br \/>\nR\u0103stoarn\u0103-mi sim\u0163ul, bruna mea stihie<br \/>\n\u015ei las\u0103-mi \u00eent\u00e2mplarea bulversat\u0103,<br \/>\nDin z\u0103p\u0103ceala ta \u00eenmiresmat\u0103<br \/>\nMai las\u0103-m\u0103 s\u0103 tai doar o felie.<br \/>\nDin nori concavi a\u015f \u0163ese-o goelet\u0103<br \/>\n\u015ei navig\u00e2nd pe cerul greu de smal\u0163,<br \/>\nUn anotimp ce c\u00e2nt\u0103 la fla\u015fnet\u0103<\/p>\n<p>S\u0103 ne \u00eenchid\u0103 ve\u015fnic \u00eentr-un val\u0163;<br \/>\nDar ghinion: e\u015fti z\u00e2na mea concret\u0103<br \/>\n\u015ei cu iubirea ta eu ma \u00eencal\u0163.<\/p>\n<\/div><\/div>\n<div class=\"su-column su-column-size-1-2\"><div class=\"su-column-inner su-u-clearfix su-u-trim\">\n<strong>Sunt norocos, mi-e\u015fti sufletul pereche&#8230;(sonet)<\/strong><\/p>\n<p>Sunt norocos. Mi-e\u015fti sufletul pereche,<br \/>\nE\u015fti visul roz ie\u015fit din balamale,<br \/>\nC\u00e2nd \u00eemi \u015fopte\u015fti re\u0163ete de sarmale;<br \/>\nCe ghinion c\u0103 am doar o ureche&#8230;<br \/>\n\u00cen noapte, ghinion: o iei la vale,<br \/>\nE\u015fti ginga\u015f t\u0103v\u0103lug lovit de streche<br \/>\n\u015ei m-ar turti amorul t\u0103u de \u0163eche;<br \/>\nNoroc c\u0103 dau bezmetic din pedale .<br \/>\nTe amo, g\u00e2za mea voluminoas\u0103,<br \/>\nM\u0103-ntreb mereu: de n-a\u015f fi existat,<br \/>\nAi fi avut noroc s\u0103 dai la coas\u0103<br \/>\n\u015ei s\u0103-mi repari \u015fi fierul de c\u0103lcat?<br \/>\nE\u015fti pentru mine ghinion extrem,<br \/>\nDe nu te-aflam, acum aveam harem!<\/p>\n<\/div><\/div><\/div>\n<hr>\n<h4>3rd Prize &#8211; Vasile Vajoga<\/h4>\n\n\t\t<style type=\"text\/css\">\n\t\t\t#gallery-2 {\n\t\t\t\tmargin: auto;\n\t\t\t}\n\t\t\t#gallery-2 .gallery-item {\n\t\t\t\tfloat: left;\n\t\t\t\tmargin-top: 10px;\n\t\t\t\ttext-align: center;\n\t\t\t\twidth: 50%;\n\t\t\t}\n\t\t\t#gallery-2 img {\n\t\t\t\tborder: 2px solid #cfcfcf;\n\t\t\t}\n\t\t\t#gallery-2 .gallery-caption {\n\t\t\t\tmargin-left: 0;\n\t\t\t}\n\t\t\t\/* see gallery_shortcode() in wp-includes\/media.php *\/\n\t\t<\/style>\n\t\t<div id='gallery-2' class='gallery galleryid-8369 gallery-columns-2 gallery-size-medium'><dl class='gallery-item'>\n\t\t\t<dt class='gallery-icon portrait'>\n\t\t\t\t<a href='https:\/\/www.umorlagurahumorului.ro\/wp-content\/uploads\/2020\/06\/Vasile-Vajoga-1-1.jpg'><img loading=\"lazy\" decoding=\"async\" width=\"235\" height=\"300\" src=\"https:\/\/www.umorlagurahumorului.ro\/wp-content\/uploads\/2020\/06\/Vasile-Vajoga-1-1-235x300.jpg\" class=\"attachment-medium size-medium\" alt=\"\" srcset=\"https:\/\/www.umorlagurahumorului.ro\/wp-content\/uploads\/2020\/06\/Vasile-Vajoga-1-1-235x300.jpg 235w, https:\/\/www.umorlagurahumorului.ro\/wp-content\/uploads\/2020\/06\/Vasile-Vajoga-1-1-801x1024.jpg 801w, https:\/\/www.umorlagurahumorului.ro\/wp-content\/uploads\/2020\/06\/Vasile-Vajoga-1-1-768x981.jpg 768w, https:\/\/www.umorlagurahumorului.ro\/wp-content\/uploads\/2020\/06\/Vasile-Vajoga-1-1-1202x1536.jpg 1202w, https:\/\/www.umorlagurahumorului.ro\/wp-content\/uploads\/2020\/06\/Vasile-Vajoga-1-1-400x511.jpg 400w, https:\/\/www.umorlagurahumorului.ro\/wp-content\/uploads\/2020\/06\/Vasile-Vajoga-1-1.jpg 1383w\" sizes=\"auto, (max-width: 235px) 100vw, 235px\" \/><\/a>\n\t\t\t<\/dt><\/dl><dl class='gallery-item'>\n\t\t\t<dt class='gallery-icon portrait'>\n\t\t\t\t<a href='https:\/\/www.umorlagurahumorului.ro\/wp-content\/uploads\/2020\/06\/Vasile-Vajoga-2-1.jpg'><img loading=\"lazy\" decoding=\"async\" width=\"248\" height=\"300\" src=\"https:\/\/www.umorlagurahumorului.ro\/wp-content\/uploads\/2020\/06\/Vasile-Vajoga-2-1-248x300.jpg\" class=\"attachment-medium size-medium\" alt=\"\" srcset=\"https:\/\/www.umorlagurahumorului.ro\/wp-content\/uploads\/2020\/06\/Vasile-Vajoga-2-1-248x300.jpg 248w, https:\/\/www.umorlagurahumorului.ro\/wp-content\/uploads\/2020\/06\/Vasile-Vajoga-2-1-848x1024.jpg 848w, https:\/\/www.umorlagurahumorului.ro\/wp-content\/uploads\/2020\/06\/Vasile-Vajoga-2-1-768x927.jpg 768w, https:\/\/www.umorlagurahumorului.ro\/wp-content\/uploads\/2020\/06\/Vasile-Vajoga-2-1-1272x1536.jpg 1272w, https:\/\/www.umorlagurahumorului.ro\/wp-content\/uploads\/2020\/06\/Vasile-Vajoga-2-1-400x483.jpg 400w, https:\/\/www.umorlagurahumorului.ro\/wp-content\/uploads\/2020\/06\/Vasile-Vajoga-2-1.jpg 1563w\" sizes=\"auto, (max-width: 248px) 100vw, 248px\" \/><\/a>\n\t\t\t<\/dt><\/dl><br style=\"clear: both\" \/>\n\t\t<\/div>","protected":false},"excerpt":{"rendered":"<p>2nd Prize &#8211; Florin Radulescu 3rd Prize &#8211; Vasile Vajoga<\/p>\n","protected":false},"author":1,"featured_media":0,"parent":8355,"menu_order":0,"comment_status":"closed","ping_status":"closed","template":"","meta":{"ngg_post_thumbnail":0,"footnotes":""},"class_list":["post-8369","page","type-page","status-publish","hentry"],"yoast_head":"<!-- This site is optimized with the Yoast SEO plugin v25.9 - https:\/\/yoast.com\/wordpress\/plugins\/seo\/ -->\n<title>Epigram winners 2014 - Humour at .... Gura Humorului<\/title>\n<meta name=\"robots\" content=\"index, follow, max-snippet:-1, max-image-preview:large, max-video-preview:-1\" \/>\n<link rel=\"canonical\" href=\"https:\/\/www.umorlagurahumorului.ro\/editii\/editia-24-2014\/premianti-poezie-2014\/\" \/>\n<meta property=\"og:locale\" content=\"en_US\" \/>\n<meta property=\"og:type\" content=\"article\" \/>\n<meta property=\"og:title\" content=\"[:ro]Premianti poezie 2014[:en]Epigram winners 2014[:] - Humour at .... Gura Humorului\" \/>\n<meta property=\"og:description\" content=\"2nd Prize &#8211; Florin Radulescu 3rd Prize &#8211; Vasile Vajoga\" \/>\n<meta property=\"og:url\" content=\"https:\/\/www.umorlagurahumorului.ro\/editii\/editia-24-2014\/premianti-poezie-2014\/\" \/>\n<meta property=\"og:site_name\" content=\"Humour at .... Gura Humorului\" \/>\n<meta property=\"article:publisher\" content=\"https:\/\/www.facebook.com\/Umor-la-Gura-Humorului-Humour-at-Gura-Humorului-105184057924606\/\" \/>\n<meta property=\"article:modified_time\" content=\"2020-07-19T20:57:35+00:00\" \/>\n<meta property=\"og:image\" content=\"https:\/\/www.umorlagurahumorului.ro\/wp-content\/uploads\/2020\/06\/Vasile-Vajoga-1-1-235x300.jpg\" \/>\n<meta name=\"twitter:card\" content=\"summary_large_image\" \/>\n<meta name=\"twitter:label1\" content=\"Est. reading time\" \/>\n\t<meta name=\"twitter:data1\" content=\"4 minutes\" \/>\n<script type=\"application\/ld+json\" class=\"yoast-schema-graph\">{\"@context\":\"https:\/\/schema.org\",\"@graph\":[{\"@type\":\"WebPage\",\"@id\":\"https:\/\/www.umorlagurahumorului.ro\/editii\/editia-24-2014\/premianti-poezie-2014\/\",\"url\":\"https:\/\/www.umorlagurahumorului.ro\/editii\/editia-24-2014\/premianti-poezie-2014\/\",\"name\":\"[:ro]Premianti poezie 2014[:en]Epigram winners 2014[:] - Humour at .... Gura Humorului\",\"isPartOf\":{\"@id\":\"https:\/\/www.umorlagurahumorului.ro\/#website\"},\"datePublished\":\"2020-06-20T15:12:13+00:00\",\"dateModified\":\"2020-07-19T20:57:35+00:00\",\"breadcrumb\":{\"@id\":\"https:\/\/www.umorlagurahumorului.ro\/editii\/editia-24-2014\/premianti-poezie-2014\/#breadcrumb\"},\"inLanguage\":\"en-US\",\"potentialAction\":[{\"@type\":\"ReadAction\",\"target\":[\"https:\/\/www.umorlagurahumorului.ro\/editii\/editia-24-2014\/premianti-poezie-2014\/\"]}]},{\"@type\":\"BreadcrumbList\",\"@id\":\"https:\/\/www.umorlagurahumorului.ro\/editii\/editia-24-2014\/premianti-poezie-2014\/#breadcrumb\",\"itemListElement\":[{\"@type\":\"ListItem\",\"position\":1,\"name\":\"Prima pagin\u0103\",\"item\":\"https:\/\/www.umorlagurahumorului.ro\/\"},{\"@type\":\"ListItem\",\"position\":2,\"name\":\"Editii\",\"item\":\"https:\/\/www.umorlagurahumorului.ro\/editii\/\"},{\"@type\":\"ListItem\",\"position\":3,\"name\":\"Editia 24 &#8211; 2014\",\"item\":\"https:\/\/www.umorlagurahumorului.ro\/editii\/editia-24-2014\/\"},{\"@type\":\"ListItem\",\"position\":4,\"name\":\"Premianti poezie 2014\"}]},{\"@type\":\"WebSite\",\"@id\":\"https:\/\/www.umorlagurahumorului.ro\/#website\",\"url\":\"https:\/\/www.umorlagurahumorului.ro\/\",\"name\":\"Umor la Gura Humorului\",\"description\":\"The International Festival of Cartoon and Humorous Literature\",\"publisher\":{\"@id\":\"https:\/\/www.umorlagurahumorului.ro\/#organization\"},\"potentialAction\":[{\"@type\":\"SearchAction\",\"target\":{\"@type\":\"EntryPoint\",\"urlTemplate\":\"https:\/\/www.umorlagurahumorului.ro\/?s={search_term_string}\"},\"query-input\":{\"@type\":\"PropertyValueSpecification\",\"valueRequired\":true,\"valueName\":\"search_term_string\"}}],\"inLanguage\":\"en-US\"},{\"@type\":\"Organization\",\"@id\":\"https:\/\/www.umorlagurahumorului.ro\/#organization\",\"name\":\"Festivalul Interna\u021bional de Grafic\u0103 Satiric\u0103 \u0219i Literatur\u0103 Umoristic\u0103 Umor la Gura Humorului\",\"url\":\"https:\/\/www.umorlagurahumorului.ro\/\",\"logo\":{\"@type\":\"ImageObject\",\"inLanguage\":\"en-US\",\"@id\":\"https:\/\/www.umorlagurahumorului.ro\/#\/schema\/logo\/image\/\",\"url\":\"https:\/\/www.umorlagurahumorului.ro\/wp-content\/uploads\/2020\/07\/umor-la-gura-humorului.jpg\",\"contentUrl\":\"https:\/\/www.umorlagurahumorului.ro\/wp-content\/uploads\/2020\/07\/umor-la-gura-humorului.jpg\",\"width\":618,\"height\":315,\"caption\":\"Festivalul Interna\u021bional de Grafic\u0103 Satiric\u0103 \u0219i Literatur\u0103 Umoristic\u0103 Umor la Gura Humorului\"},\"image\":{\"@id\":\"https:\/\/www.umorlagurahumorului.ro\/#\/schema\/logo\/image\/\"},\"sameAs\":[\"https:\/\/www.facebook.com\/Umor-la-Gura-Humorului-Humour-at-Gura-Humorului-105184057924606\/\"]}]}<\/script>\n<!-- \/ Yoast SEO plugin. -->","yoast_head_json":{"title":"[:ro]Premianti poezie 2014[:en]Epigram winners 2014[:] - Humour at .... Gura Humorului","robots":{"index":"index","follow":"follow","max-snippet":"max-snippet:-1","max-image-preview":"max-image-preview:large","max-video-preview":"max-video-preview:-1"},"canonical":"https:\/\/www.umorlagurahumorului.ro\/editii\/editia-24-2014\/premianti-poezie-2014\/","og_locale":"en_US","og_type":"article","og_title":"[:ro]Premianti poezie 2014[:en]Epigram winners 2014[:] - Humour at .... Gura Humorului","og_description":"2nd Prize &#8211; Florin Radulescu 3rd Prize &#8211; Vasile Vajoga","og_url":"https:\/\/www.umorlagurahumorului.ro\/editii\/editia-24-2014\/premianti-poezie-2014\/","og_site_name":"Humour at .... Gura Humorului","article_publisher":"https:\/\/www.facebook.com\/Umor-la-Gura-Humorului-Humour-at-Gura-Humorului-105184057924606\/","article_modified_time":"2020-07-19T20:57:35+00:00","og_image":[{"url":"https:\/\/www.umorlagurahumorului.ro\/wp-content\/uploads\/2020\/06\/Vasile-Vajoga-1-1-235x300.jpg","type":"","width":"","height":""}],"twitter_card":"summary_large_image","twitter_misc":{"Est. reading time":"4 minutes"},"schema":{"@context":"https:\/\/schema.org","@graph":[{"@type":"WebPage","@id":"https:\/\/www.umorlagurahumorului.ro\/editii\/editia-24-2014\/premianti-poezie-2014\/","url":"https:\/\/www.umorlagurahumorului.ro\/editii\/editia-24-2014\/premianti-poezie-2014\/","name":"[:ro]Premianti poezie 2014[:en]Epigram winners 2014[:] - Humour at .... Gura Humorului","isPartOf":{"@id":"https:\/\/www.umorlagurahumorului.ro\/#website"},"datePublished":"2020-06-20T15:12:13+00:00","dateModified":"2020-07-19T20:57:35+00:00","breadcrumb":{"@id":"https:\/\/www.umorlagurahumorului.ro\/editii\/editia-24-2014\/premianti-poezie-2014\/#breadcrumb"},"inLanguage":"en-US","potentialAction":[{"@type":"ReadAction","target":["https:\/\/www.umorlagurahumorului.ro\/editii\/editia-24-2014\/premianti-poezie-2014\/"]}]},{"@type":"BreadcrumbList","@id":"https:\/\/www.umorlagurahumorului.ro\/editii\/editia-24-2014\/premianti-poezie-2014\/#breadcrumb","itemListElement":[{"@type":"ListItem","position":1,"name":"Prima pagin\u0103","item":"https:\/\/www.umorlagurahumorului.ro\/"},{"@type":"ListItem","position":2,"name":"Editii","item":"https:\/\/www.umorlagurahumorului.ro\/editii\/"},{"@type":"ListItem","position":3,"name":"Editia 24 &#8211; 2014","item":"https:\/\/www.umorlagurahumorului.ro\/editii\/editia-24-2014\/"},{"@type":"ListItem","position":4,"name":"Premianti poezie 2014"}]},{"@type":"WebSite","@id":"https:\/\/www.umorlagurahumorului.ro\/#website","url":"https:\/\/www.umorlagurahumorului.ro\/","name":"Umor la Gura Humorului","description":"The International Festival of Cartoon and Humorous Literature","publisher":{"@id":"https:\/\/www.umorlagurahumorului.ro\/#organization"},"potentialAction":[{"@type":"SearchAction","target":{"@type":"EntryPoint","urlTemplate":"https:\/\/www.umorlagurahumorului.ro\/?s={search_term_string}"},"query-input":{"@type":"PropertyValueSpecification","valueRequired":true,"valueName":"search_term_string"}}],"inLanguage":"en-US"},{"@type":"Organization","@id":"https:\/\/www.umorlagurahumorului.ro\/#organization","name":"Festivalul Interna\u021bional de Grafic\u0103 Satiric\u0103 \u0219i Literatur\u0103 Umoristic\u0103 Umor la Gura Humorului","url":"https:\/\/www.umorlagurahumorului.ro\/","logo":{"@type":"ImageObject","inLanguage":"en-US","@id":"https:\/\/www.umorlagurahumorului.ro\/#\/schema\/logo\/image\/","url":"https:\/\/www.umorlagurahumorului.ro\/wp-content\/uploads\/2020\/07\/umor-la-gura-humorului.jpg","contentUrl":"https:\/\/www.umorlagurahumorului.ro\/wp-content\/uploads\/2020\/07\/umor-la-gura-humorului.jpg","width":618,"height":315,"caption":"Festivalul Interna\u021bional de Grafic\u0103 Satiric\u0103 \u0219i Literatur\u0103 Umoristic\u0103 Umor la Gura Humorului"},"image":{"@id":"https:\/\/www.umorlagurahumorului.ro\/#\/schema\/logo\/image\/"},"sameAs":["https:\/\/www.facebook.com\/Umor-la-Gura-Humorului-Humour-at-Gura-Humorului-105184057924606\/"]}]}},"_links":{"self":[{"href":"https:\/\/www.umorlagurahumorului.ro\/en\/wp-json\/wp\/v2\/pages\/8369","targetHints":{"allow":["GET"]}}],"collection":[{"href":"https:\/\/www.umorlagurahumorului.ro\/en\/wp-json\/wp\/v2\/pages"}],"about":[{"href":"https:\/\/www.umorlagurahumorului.ro\/en\/wp-json\/wp\/v2\/types\/page"}],"author":[{"embeddable":true,"href":"https:\/\/www.umorlagurahumorului.ro\/en\/wp-json\/wp\/v2\/users\/1"}],"replies":[{"embeddable":true,"href":"https:\/\/www.umorlagurahumorului.ro\/en\/wp-json\/wp\/v2\/comments?post=8369"}],"version-history":[{"count":2,"href":"https:\/\/www.umorlagurahumorului.ro\/en\/wp-json\/wp\/v2\/pages\/8369\/revisions"}],"predecessor-version":[{"id":9461,"href":"https:\/\/www.umorlagurahumorului.ro\/en\/wp-json\/wp\/v2\/pages\/8369\/revisions\/9461"}],"up":[{"embeddable":true,"href":"https:\/\/www.umorlagurahumorului.ro\/en\/wp-json\/wp\/v2\/pages\/8355"}],"wp:attachment":[{"href":"https:\/\/www.umorlagurahumorului.ro\/en\/wp-json\/wp\/v2\/media?parent=8369"}],"curies":[{"name":"wp","href":"https:\/\/api.w.org\/{rel}","templated":true}]}}