{"id":8279,"date":"2020-06-20T08:25:10","date_gmt":"2020-06-20T08:25:10","guid":{"rendered":"http:\/\/www.umorlagurahumorului.ro\/?page_id=8279"},"modified":"2020-07-16T18:59:51","modified_gmt":"2020-07-16T18:59:51","slug":"premianti-epigrama-2016","status":"publish","type":"page","link":"https:\/\/www.umorlagurahumorului.ro\/en\/editii\/editia-26-2016\/premianti-epigrama-2016\/","title":{"rendered":"Epigram winners 2016"},"content":{"rendered":"<hr>\n<h4>1st Prize &#8211; Chitul Grigore<\/h4>\n<div class=\"su-row\"><div class=\"su-column su-column-size-1-2\"><div class=\"su-column-inner su-u-clearfix su-u-trim\">\n<strong>Motto: \u201e Alice \u00een \u0163ara minciunilor \u201d<\/strong><br \/>\n<strong>1.Unui umorist lipsit de talent, participant la festivalul \u201eUmor la\u2026 Gura Humorului\u201d <\/strong><br \/>\nC\u00e2nd ne recit\u0103 autorul<br \/>\nConchid, v\u0103z\u00e2ndu-i f\u0103c\u0103tura,<br \/>\nC\u0103 cei ce nu-n\u0163eleg (H)umorul<br \/>\nAr trebui s\u0103 lase\u2026 gura!<\/p>\n<p><strong>2.Unui pseudoumorist, \u00een recital la festivalulul \u201eUmor la\u2026 Gura Humorului\u201d <\/strong><br \/>\nSpectatorii mu\u0163i, \u00een bloc,<br \/>\n\u00cel ascult\u0103 cu uimire:<br \/>\nMul\u0163i se-nchin\u0103 chiar pe loc,<br \/>\nCeilal\u0163i merg la m\u0103n\u0103stire!<br \/>\n<strong><br \/>\n3.Culmea gropii de gunoi \u00eenceput\u0103 \u00een pasul Mestec\u0103ni\u015f<\/strong><br \/>\nS\u0103 faci depozit de gunoi,<br \/>\nPe-aceste plaiuri neb\u0103tute<br \/>\nDec\u00e2t de turmele de oi,<br \/>\nE un proiect \u2013 scuza\u0163i! \u2013 ce pute!<\/p>\n<\/div><\/div>\n<div class=\"su-column su-column-size-1-2\"><div class=\"su-column-inner su-u-clearfix su-u-trim\">\n<strong>4.Nedumerire la festivalul \u201eUmor la\u2026 Gura Humorului\u201d <\/strong><br \/>\nDin obcini, mun\u0163i \u015fi de pe dealuri<br \/>\nCoboar\u0103-n iar \u00eentreg poporul<br \/>\nCe-a auzit de festivaluri<br \/>\n\u015ei-ntreab\u0103: Unde e\u2026 (H)umorul?<\/p>\n<p><strong>5.Bucolic\u0103<\/strong><br \/>\nLa Dorna e o feerie,<br \/>\nC\u0103ci se aud \u00een orice noapte<br \/>\nDoar vaci ce r\u00e2d de bucurie<br \/>\nVis\u00e2nd c\u0103 dau \u00eentruna lapte.<\/p>\n<\/div><\/div><\/div>\n<hr>\n<h4>2nd Prize &#8211; Dan Norea<\/h4>\n<div class=\"su-row\"><div class=\"su-column su-column-size-1-2\"><div class=\"su-column-inner su-u-clearfix su-u-trim\">\n<strong>Motto:   Gospodarul (h)umorist nu e niciodat\u0103 trist<\/strong><\/p>\n<p><strong>ALEGERI LOCALE \u00ceN GURA HUMORULUI<\/strong><br \/>\nSt\u0103 pe g\u00e2nduri un aleg\u0103tor:<br \/>\nCandidatul e contradictoriu,<br \/>\nAre-o Gur\u0103 plin\u0103 de Humor,<br \/>\n\u00cens\u0103-i tare sobru-n teritoriu.<\/p>\n<p><strong>BALUL GOSPODARILOR <\/strong><br \/>\nV\u0103z\u00e2nd la bal (pe post de invitat)<br \/>\nPe paji\u0219te, nu doar un gospodar,<br \/>\nCi patru sute, am realizat:<br \/>\nE foarte greu aici s-alegi primar.<br \/>\n<strong><br \/>\nDRUMUL SPRE IAD E PAVAT CU INTEN\u021aII BUNE&#8230;<\/strong><br \/>\nUn preot t\u00e2n\u0103r, la Humor trimis,<br \/>\nV\u0103z\u00e2nd c\u0103lug\u0103ri\u021be frumu\u0219ele<br \/>\nOft\u0103, c\u0103ci drumul lui spre paradis<br \/>\nEra pavat doar cu inten\u021bii rele.<\/p>\n<\/div><\/div>\n<div class=\"su-column su-column-size-1-2\"><div class=\"su-column-inner su-u-clearfix su-u-trim\">\n<strong>LA CETATEA SUCEVEI<\/strong><br \/>\nOsta\u0219ii lui \u0218tef\u00e1n, cu acribie,<br \/>\n\u00cen \u0219ir a\u0219teapt\u0103 la PULBER\u0102RIE,<br \/>\nC\u0103ci pe furi\u0219, o m\u00e2n\u0103 \u0219ugubea\u021b\u0103<br \/>\nA r\u0103zuit trei litere din fa\u021b\u0103.<\/p>\n<p><strong>CULORILE M\u0102N\u0102STIRILOR<\/strong><br \/>\n\u00cemi plac \u0219i verde-crudul Sucevi\u021bei<br \/>\n\u0218i galben-auriul Moldovi\u021bei,<br \/>\nLa Vorone\u021b, albastrul orbitor,<br \/>\nDa-n frunte-i ro\u0219ul sec de la Humor!<\/p>\n<\/div><\/div><\/div>\n<hr>\n<h4>2nd Prize &#8211; David Valentin<\/h4>\n<div class=\"su-row\"><div class=\"su-column su-column-size-1-2\"><div class=\"su-column-inner su-u-clearfix su-u-trim\">\n<strong>Motto : \u201dC\u0103l\u0103re\u021bul f\u0103r\u0103 cap\u201d<\/strong><\/p>\n<p><strong>Doi ochi alba\u0219tri<\/strong><br \/>\nCu ie \u0219i-nflorate rochii,<br \/>\n\u00cen prea frumoasa Bucovin\u0103,<br \/>\nFemeia mai \u00eenchide ochii&#8230;<br \/>\nC\u00e2nd e, de obicei, \u201cdi vin\u0103\u201d.<\/p>\n<p><strong>Joc de doi<\/strong><br \/>\n\u00cen doi, la Dorna, lin danseaz\u0103,<br \/>\nB\u0103rba\u021bii cu-ale lor femei,<br \/>\nDar jocul brusc degenereaz\u0103<br \/>\n\u00centr-o b\u0103tut\u0103&#8230; c\u00e2nd sunt trei.<\/p>\n<p><strong>Stefan, Stefan, Domn cel Mare<\/strong><br \/>\nLa Putna, m\u0103 c\u0103znesc avan,<br \/>\nB\u0103t\u00e2nd m\u0103t\u0103nii cu temei,<br \/>\nC\u0103ci vreau s\u0103 fiu precum \u0218tefan&#8230;<br \/>\nC\u00e2nd este vorba de femei.<\/p>\n<\/div><\/div>\n<div class=\"su-column su-column-size-1-2\"><div class=\"su-column-inner su-u-clearfix su-u-trim\">\n<p><strong>Popas la Liveni<\/strong><br \/>\nFugind de-al str\u0103zilor tumult,<br \/>\n\u00cen noapte, vreau sub cer de stele,<br \/>\nDoar pe Enescu s\u0103-l ascult,<br \/>\nDar nu aud dec\u00e2t manele !<\/p>\n<p><strong>Idil\u0103 la Humor<\/strong><br \/>\nFrumos i-e chipul \u0219i ve\u0219m\u00e2ntul,<br \/>\nDar m\u00e2ndra mi-a ucis umorul:<br \/>\n\u0218i-acuma fug m\u00e2nc\u00e2nd p\u0103m\u00e2ntul,<br \/>\nC-avea o gur\u0103&#8230; c\u00e2t Humorul.<\/p>\n<\/div><\/div><\/div>\n<hr>\n<h4>3rd Prize &#8211; Nicolae Bunduri<\/h4>\n<div class=\"su-row\"><div class=\"su-column su-column-size-1-2\"><div class=\"su-column-inner su-u-clearfix su-u-trim\">\n<strong>Moto: \u201eArz-o focu\u2019 beutur\u0103!\u201d<\/strong><\/p>\n<p><strong>1. (H)umori\u015ftilor din Bucovina<\/strong><br \/>\nLa schituri sfinte &#8211; fascinante,<br \/>\nC\u00e2nd scrie\u0163i versuri cu (H)umor,<br \/>\nStau \u015fi m\u0103icu\u0163ele pe  \u201e poante\u201d&#8230;<br \/>\n\u015ei  M\u00e2n\u0103stirea-ntr-un \u201e picior\u201d!<\/p>\n<p><strong>2. Paradox<\/strong><br \/>\nS-a cultivat, spre nemurire,<br \/>\n\u00cen Bucovina &#8211; plai integru &#8211;<br \/>\nUmorul  alb  la  M\u00e2n\u0103stire . . .<br \/>\n\u015ei-n Parlament&#8230;umorul negru.<\/p>\n<p><strong>3. La venirea unei Doamne \u00een Bucovina<\/strong><br \/>\n\u015ei oile  (v-o spun pe \u015fleau!)<br \/>\nDe\u0163in (H)umoru\u2019- bat\u0103-l vina;<br \/>\nE drept c\u0103 br\u00e2nz\u0103 nu prea dau<br \/>\nDar \u015ftiu s\u0103 scrie&#8230;BUCOVINA.<\/p>\n<\/div><\/div>\n<div class=\"su-column su-column-size-1-2\"><div class=\"su-column-inner su-u-clearfix su-u-trim\">\n<p><strong>4. Brand-uri bucovinene<\/strong><br \/>\nSpre Bucovina c\u00e2nd te sui<br \/>\n\u015ei popose\u015fti \u00een dreptul bornei,<br \/>\nUmorul pare bun, dar nu-i &#8230;<br \/>\nCa br\u00e2nza de la Vatra Dornei!<\/p>\n<p><strong>5. La festivalul de umor,<br \/>\ndin \u201eM\u00e2n\u0103stirea Humorului\u201d<\/strong><br \/>\nLa \u201eM\u00e2n\u0103stire\u201d-n sindrofii,<br \/>\nDe poanta cea bucovinean\u0103,<br \/>\nA r\u00e2s cu lacrimi p\u00e2n\u0103 \u015fi . . .<br \/>\nM\u0103icu\u0163a Sf\u00e2nt\u0103 din Icoan\u0103.<\/p>\n<\/div><\/div><\/div>","protected":false},"excerpt":{"rendered":"<p>1st Prize &#8211; Chitul Grigore 2nd Prize &#8211; Dan Norea 2nd Prize &#8211; David Valentin 3rd Prize &#8211; Nicolae Bunduri<\/p>\n","protected":false},"author":1,"featured_media":0,"parent":8263,"menu_order":0,"comment_status":"closed","ping_status":"closed","template":"","meta":{"ngg_post_thumbnail":0,"footnotes":""},"class_list":["post-8279","page","type-page","status-publish","hentry"],"yoast_head":"<!-- This site is optimized with the Yoast SEO plugin v25.9 - https:\/\/yoast.com\/wordpress\/plugins\/seo\/ -->\n<title>Epigram winners 2016 - Humour at .... Gura Humorului<\/title>\n<meta name=\"robots\" content=\"index, follow, max-snippet:-1, max-image-preview:large, max-video-preview:-1\" \/>\n<link rel=\"canonical\" href=\"https:\/\/www.umorlagurahumorului.ro\/editii\/editia-26-2016\/premianti-epigrama-2016\/\" \/>\n<meta property=\"og:locale\" content=\"en_US\" \/>\n<meta property=\"og:type\" content=\"article\" \/>\n<meta property=\"og:title\" content=\"[:ro]Premianti epigrama 2016[:en]Epigram winners 2016[:] - Humour at .... Gura Humorului\" \/>\n<meta property=\"og:description\" content=\"1st Prize &#8211; Chitul Grigore 2nd Prize &#8211; Dan Norea 2nd Prize &#8211; David Valentin 3rd Prize &#8211; Nicolae Bunduri\" \/>\n<meta property=\"og:url\" content=\"https:\/\/www.umorlagurahumorului.ro\/editii\/editia-26-2016\/premianti-epigrama-2016\/\" \/>\n<meta property=\"og:site_name\" content=\"Humour at .... Gura Humorului\" \/>\n<meta property=\"article:publisher\" content=\"https:\/\/www.facebook.com\/Umor-la-Gura-Humorului-Humour-at-Gura-Humorului-105184057924606\/\" \/>\n<meta property=\"article:modified_time\" content=\"2020-07-16T18:59:51+00:00\" \/>\n<meta name=\"twitter:card\" content=\"summary_large_image\" \/>\n<meta name=\"twitter:label1\" content=\"Est. reading time\" \/>\n\t<meta name=\"twitter:data1\" content=\"7 minutes\" \/>\n<script type=\"application\/ld+json\" class=\"yoast-schema-graph\">{\"@context\":\"https:\/\/schema.org\",\"@graph\":[{\"@type\":\"WebPage\",\"@id\":\"https:\/\/www.umorlagurahumorului.ro\/editii\/editia-26-2016\/premianti-epigrama-2016\/\",\"url\":\"https:\/\/www.umorlagurahumorului.ro\/editii\/editia-26-2016\/premianti-epigrama-2016\/\",\"name\":\"[:ro]Premianti epigrama 2016[:en]Epigram winners 2016[:] - Humour at .... Gura Humorului\",\"isPartOf\":{\"@id\":\"https:\/\/www.umorlagurahumorului.ro\/#website\"},\"datePublished\":\"2020-06-20T08:25:10+00:00\",\"dateModified\":\"2020-07-16T18:59:51+00:00\",\"breadcrumb\":{\"@id\":\"https:\/\/www.umorlagurahumorului.ro\/editii\/editia-26-2016\/premianti-epigrama-2016\/#breadcrumb\"},\"inLanguage\":\"en-US\",\"potentialAction\":[{\"@type\":\"ReadAction\",\"target\":[\"https:\/\/www.umorlagurahumorului.ro\/editii\/editia-26-2016\/premianti-epigrama-2016\/\"]}]},{\"@type\":\"BreadcrumbList\",\"@id\":\"https:\/\/www.umorlagurahumorului.ro\/editii\/editia-26-2016\/premianti-epigrama-2016\/#breadcrumb\",\"itemListElement\":[{\"@type\":\"ListItem\",\"position\":1,\"name\":\"Prima pagin\u0103\",\"item\":\"https:\/\/www.umorlagurahumorului.ro\/\"},{\"@type\":\"ListItem\",\"position\":2,\"name\":\"Editii\",\"item\":\"https:\/\/www.umorlagurahumorului.ro\/editii\/\"},{\"@type\":\"ListItem\",\"position\":3,\"name\":\"Editia 26 &#8211; 2016\",\"item\":\"https:\/\/www.umorlagurahumorului.ro\/editii\/editia-26-2016\/\"},{\"@type\":\"ListItem\",\"position\":4,\"name\":\"Premianti epigrama 2016\"}]},{\"@type\":\"WebSite\",\"@id\":\"https:\/\/www.umorlagurahumorului.ro\/#website\",\"url\":\"https:\/\/www.umorlagurahumorului.ro\/\",\"name\":\"Umor la Gura Humorului\",\"description\":\"The International Festival of Cartoon and Humorous Literature\",\"publisher\":{\"@id\":\"https:\/\/www.umorlagurahumorului.ro\/#organization\"},\"potentialAction\":[{\"@type\":\"SearchAction\",\"target\":{\"@type\":\"EntryPoint\",\"urlTemplate\":\"https:\/\/www.umorlagurahumorului.ro\/?s={search_term_string}\"},\"query-input\":{\"@type\":\"PropertyValueSpecification\",\"valueRequired\":true,\"valueName\":\"search_term_string\"}}],\"inLanguage\":\"en-US\"},{\"@type\":\"Organization\",\"@id\":\"https:\/\/www.umorlagurahumorului.ro\/#organization\",\"name\":\"Festivalul Interna\u021bional de Grafic\u0103 Satiric\u0103 \u0219i Literatur\u0103 Umoristic\u0103 Umor la Gura Humorului\",\"url\":\"https:\/\/www.umorlagurahumorului.ro\/\",\"logo\":{\"@type\":\"ImageObject\",\"inLanguage\":\"en-US\",\"@id\":\"https:\/\/www.umorlagurahumorului.ro\/#\/schema\/logo\/image\/\",\"url\":\"https:\/\/www.umorlagurahumorului.ro\/wp-content\/uploads\/2020\/07\/umor-la-gura-humorului.jpg\",\"contentUrl\":\"https:\/\/www.umorlagurahumorului.ro\/wp-content\/uploads\/2020\/07\/umor-la-gura-humorului.jpg\",\"width\":618,\"height\":315,\"caption\":\"Festivalul Interna\u021bional de Grafic\u0103 Satiric\u0103 \u0219i Literatur\u0103 Umoristic\u0103 Umor la Gura Humorului\"},\"image\":{\"@id\":\"https:\/\/www.umorlagurahumorului.ro\/#\/schema\/logo\/image\/\"},\"sameAs\":[\"https:\/\/www.facebook.com\/Umor-la-Gura-Humorului-Humour-at-Gura-Humorului-105184057924606\/\"]}]}<\/script>\n<!-- \/ Yoast SEO plugin. -->","yoast_head_json":{"title":"[:ro]Premianti epigrama 2016[:en]Epigram winners 2016[:] - Humour at .... Gura Humorului","robots":{"index":"index","follow":"follow","max-snippet":"max-snippet:-1","max-image-preview":"max-image-preview:large","max-video-preview":"max-video-preview:-1"},"canonical":"https:\/\/www.umorlagurahumorului.ro\/editii\/editia-26-2016\/premianti-epigrama-2016\/","og_locale":"en_US","og_type":"article","og_title":"[:ro]Premianti epigrama 2016[:en]Epigram winners 2016[:] - Humour at .... Gura Humorului","og_description":"1st Prize &#8211; Chitul Grigore 2nd Prize &#8211; Dan Norea 2nd Prize &#8211; David Valentin 3rd Prize &#8211; Nicolae Bunduri","og_url":"https:\/\/www.umorlagurahumorului.ro\/editii\/editia-26-2016\/premianti-epigrama-2016\/","og_site_name":"Humour at .... Gura Humorului","article_publisher":"https:\/\/www.facebook.com\/Umor-la-Gura-Humorului-Humour-at-Gura-Humorului-105184057924606\/","article_modified_time":"2020-07-16T18:59:51+00:00","twitter_card":"summary_large_image","twitter_misc":{"Est. reading time":"7 minutes"},"schema":{"@context":"https:\/\/schema.org","@graph":[{"@type":"WebPage","@id":"https:\/\/www.umorlagurahumorului.ro\/editii\/editia-26-2016\/premianti-epigrama-2016\/","url":"https:\/\/www.umorlagurahumorului.ro\/editii\/editia-26-2016\/premianti-epigrama-2016\/","name":"[:ro]Premianti epigrama 2016[:en]Epigram winners 2016[:] - Humour at .... Gura Humorului","isPartOf":{"@id":"https:\/\/www.umorlagurahumorului.ro\/#website"},"datePublished":"2020-06-20T08:25:10+00:00","dateModified":"2020-07-16T18:59:51+00:00","breadcrumb":{"@id":"https:\/\/www.umorlagurahumorului.ro\/editii\/editia-26-2016\/premianti-epigrama-2016\/#breadcrumb"},"inLanguage":"en-US","potentialAction":[{"@type":"ReadAction","target":["https:\/\/www.umorlagurahumorului.ro\/editii\/editia-26-2016\/premianti-epigrama-2016\/"]}]},{"@type":"BreadcrumbList","@id":"https:\/\/www.umorlagurahumorului.ro\/editii\/editia-26-2016\/premianti-epigrama-2016\/#breadcrumb","itemListElement":[{"@type":"ListItem","position":1,"name":"Prima pagin\u0103","item":"https:\/\/www.umorlagurahumorului.ro\/"},{"@type":"ListItem","position":2,"name":"Editii","item":"https:\/\/www.umorlagurahumorului.ro\/editii\/"},{"@type":"ListItem","position":3,"name":"Editia 26 &#8211; 2016","item":"https:\/\/www.umorlagurahumorului.ro\/editii\/editia-26-2016\/"},{"@type":"ListItem","position":4,"name":"Premianti epigrama 2016"}]},{"@type":"WebSite","@id":"https:\/\/www.umorlagurahumorului.ro\/#website","url":"https:\/\/www.umorlagurahumorului.ro\/","name":"Umor la Gura Humorului","description":"The International Festival of Cartoon and Humorous Literature","publisher":{"@id":"https:\/\/www.umorlagurahumorului.ro\/#organization"},"potentialAction":[{"@type":"SearchAction","target":{"@type":"EntryPoint","urlTemplate":"https:\/\/www.umorlagurahumorului.ro\/?s={search_term_string}"},"query-input":{"@type":"PropertyValueSpecification","valueRequired":true,"valueName":"search_term_string"}}],"inLanguage":"en-US"},{"@type":"Organization","@id":"https:\/\/www.umorlagurahumorului.ro\/#organization","name":"Festivalul Interna\u021bional de Grafic\u0103 Satiric\u0103 \u0219i Literatur\u0103 Umoristic\u0103 Umor la Gura Humorului","url":"https:\/\/www.umorlagurahumorului.ro\/","logo":{"@type":"ImageObject","inLanguage":"en-US","@id":"https:\/\/www.umorlagurahumorului.ro\/#\/schema\/logo\/image\/","url":"https:\/\/www.umorlagurahumorului.ro\/wp-content\/uploads\/2020\/07\/umor-la-gura-humorului.jpg","contentUrl":"https:\/\/www.umorlagurahumorului.ro\/wp-content\/uploads\/2020\/07\/umor-la-gura-humorului.jpg","width":618,"height":315,"caption":"Festivalul Interna\u021bional de Grafic\u0103 Satiric\u0103 \u0219i Literatur\u0103 Umoristic\u0103 Umor la Gura Humorului"},"image":{"@id":"https:\/\/www.umorlagurahumorului.ro\/#\/schema\/logo\/image\/"},"sameAs":["https:\/\/www.facebook.com\/Umor-la-Gura-Humorului-Humour-at-Gura-Humorului-105184057924606\/"]}]}},"_links":{"self":[{"href":"https:\/\/www.umorlagurahumorului.ro\/en\/wp-json\/wp\/v2\/pages\/8279","targetHints":{"allow":["GET"]}}],"collection":[{"href":"https:\/\/www.umorlagurahumorului.ro\/en\/wp-json\/wp\/v2\/pages"}],"about":[{"href":"https:\/\/www.umorlagurahumorului.ro\/en\/wp-json\/wp\/v2\/types\/page"}],"author":[{"embeddable":true,"href":"https:\/\/www.umorlagurahumorului.ro\/en\/wp-json\/wp\/v2\/users\/1"}],"replies":[{"embeddable":true,"href":"https:\/\/www.umorlagurahumorului.ro\/en\/wp-json\/wp\/v2\/comments?post=8279"}],"version-history":[{"count":3,"href":"https:\/\/www.umorlagurahumorului.ro\/en\/wp-json\/wp\/v2\/pages\/8279\/revisions"}],"predecessor-version":[{"id":9452,"href":"https:\/\/www.umorlagurahumorului.ro\/en\/wp-json\/wp\/v2\/pages\/8279\/revisions\/9452"}],"up":[{"embeddable":true,"href":"https:\/\/www.umorlagurahumorului.ro\/en\/wp-json\/wp\/v2\/pages\/8263"}],"wp:attachment":[{"href":"https:\/\/www.umorlagurahumorului.ro\/en\/wp-json\/wp\/v2\/media?parent=8279"}],"curies":[{"name":"wp","href":"https:\/\/api.w.org\/{rel}","templated":true}]}}