{"id":8202,"date":"2020-06-18T13:59:59","date_gmt":"2020-06-18T13:59:59","guid":{"rendered":"http:\/\/www.umorlagurahumorului.ro\/?page_id=8202"},"modified":"2020-07-14T21:08:52","modified_gmt":"2020-07-14T21:08:52","slug":"premianti-epigrama-2017","status":"publish","type":"page","link":"https:\/\/www.umorlagurahumorului.ro\/en\/editii\/editia-27-2017\/premianti-epigrama-2017\/","title":{"rendered":"Epigram winners 2017"},"content":{"rendered":"<hr>\n<h4>1st Prize &#8211; Florin Rotaru<\/h4>\n<div class=\"su-row\"><div class=\"su-column su-column-size-1-2\"><div class=\"su-column-inner su-u-clearfix su-u-trim\">\n<strong>Motto: panta rhei  <\/strong>                                                                <\/p>\n<p>1.  Ne\u015fans\u0103<br \/>\n\u00cen \u00eencercarea de-a \u00eencondeia<br \/>\nCu me\u0219te\u0219ug,  cu art\u0103 \u0219i idei,<br \/>\nEpigramistul ou\u0103 ar avea,<br \/>\nDar duce lips\u0103-acut\u0103 de condei.<\/p>\n<p>2. Tradi\u021bii<br \/>\nCa obicei transmis \u015fi nou\u0103,<br \/>\nDe s\u0103rb\u0103tori, vecina mea<br \/>\nA-ncondeiat un co\u015f cu ou\u0103<br \/>\n..\u0218i pe primar la DNA.<\/p>\n<p>3. Aventuri de Pa\u015fte<br \/>\nConfrunta\u0163i cu mari ispite,<br \/>\nS-au \u00eentors \u00een zori sp\u0103\u015fi\u0163i,<br \/>\n\u015ei cu ou\u0103le-nro\u015fite,<br \/>\n\u015ei cu ochii-nvine\u0163i\u0163i.<\/p>\n<\/div><\/div>\n<div class=\"su-column su-column-size-1-2\"><div class=\"su-column-inner su-u-clearfix su-u-trim\">\n4. Condi\u021bie necesar\u0103<br \/>\nOric\u00e2t de fin artist te crezi<br \/>\n\u015ei-ncerci o abordare nou\u0103,<br \/>\nPe-un \u015fef, s\u0103 \u00eel \u00eencondeiezi,<br \/>\nAr trebui s\u0103 ai \u015fi ou\u0103.<\/p>\n<p>5. Mo\u0219tenire cultural\u0103<br \/>\nRom\u00e2nii, talenta\u021bi cum le e datul,<br \/>\nTransform\u0103-n art\u0103 totul magistral,<br \/>\nIar ast\u0103zi a ajuns \u00eencondeiatul<br \/>\nTradi\u021bie&#8230; \u0219i sport na\u021bional. <\/p>\n<\/div><\/div><\/div>\n<hr>\n<h4>1st Prize &#8211; Grajdeanu Marian-Adrian<\/h4>\n<div class=\"su-row\"><div class=\"su-column su-column-size-1-2\"><div class=\"su-column-inner su-u-clearfix su-u-trim\">\n<strong>Motto: &#8220;Peni\u021be&#8230;&#8221;<\/strong><\/p>\n<p><strong>SFAT&#8230;<\/strong><br \/>\nDe vrei s\u0103-,,ncondeiezi\u201d, tu \u021bine seam\u0103<br \/>\nDe personaj, de func\u021bie, de rang,<br \/>\nFiindc\u0103-n fiecare epigram\u0103<br \/>\nSe poate-ascunde c\u00e2te-un bumerang!<\/p>\n<p><strong>OUL CNSAS<\/strong><br \/>\nPrivind spre oul \u00eenchistrit, constat<br \/>\nC\u0103 e mirific, \u00eens\u0103, din p\u0103cate,<br \/>\nE totu\u0219i, mai pu\u021bin \u00eencondeiat<br \/>\nDec\u00e2t am fost eu la Securitate!&#8230;<\/p>\n<p><strong>NO COMMENT<\/strong><br \/>\n&#8220;\u00cencondeind&#8221; \u0219ti\u021bi voi pe cine,<br \/>\nEfectu-i nul, remarc\u0103 ferm\u0103:<br \/>\nPeni\u021ba-i ascu\u021bit\u0103 bine,<br \/>\nDar, la a\u0219a o epiderm\u0103&#8230;<\/p>\n<\/div><\/div>\n<div class=\"su-column su-column-size-1-2\"><div class=\"su-column-inner su-u-clearfix su-u-trim\">\n<strong>CRONIC\u0102 PLASTIC\u0102<\/strong><br \/>\nPe blonda cu virtu\u021bi de top model,<br \/>\nB\u0103rbosul pictor, pilangiu de groaz\u0103,<br \/>\nNu a \u00eencondeiat-o-n nici un fel,<br \/>\nDar to\u021bi vorbesc \u0219optit c-o&#8230; ,,pensuleaz\u0103\u201d!<\/p>\n<p><strong>LIBERTATEA DE EXPRESIE  VERSUS OU\u0102LE  \u00ceNCONDEIATE<\/strong><br \/>\nP\u0103rerea mea o s\u0103-\u021bi cam curme cheful,<br \/>\nDar \u00ee\u021bi va da puterea s\u0103-n\u021belegi<br \/>\nC\u0103 de-\u021bi ,,\u00eencondeiezi\u201d prea tare \u0219eful,<br \/>\nNu vei sc\u0103pa cu&#8230;ou\u0103le \u00eentregi!!<br \/>\n<\/div><\/div><\/div>\n<hr>\n<h4>2nd Prize &#8211; Bunduri Nicolae<\/h4>\n<div class=\"su-row\"><div class=\"su-column su-column-size-1-2\"><div class=\"su-column-inner su-u-clearfix su-u-trim\">\n<strong>Motto: Galben ca ceara<\/strong><br \/>\n<strong>Nedumerire<\/strong><br \/>\nDespre doamna cea fardat\u0103,<br \/>\nSe \u00eentreab\u0103 o mamaie:<br \/>\nE la ochi \u00eencondeiat\u0103,<br \/>\nSau o fi m\u00e2ncat b\u0103taie?!<\/p>\n<p><strong>Blide \u00eencondeiate<\/strong><br \/>\nBlidele moldovene\u015fti Au \u00eencondciat\u0103-o floare \u015ei motive pitore\u015fti&#8230;<br \/>\nDar nimica de m\u00e2ncare.<\/p>\n<p><strong>Hot\u0103r\u00e2re \u00een Parlament<\/strong><br \/>\nUnanim, parlamentarii,<br \/>\nChit c\u0103 pixuri au \u015fi ei,<br \/>\n\u015ei-au f\u0103cut recent salarii&#8230;<br \/>\nToate trase din condei.<\/p>\n<\/div><\/div>\n<div class=\"su-column su-column-size-1-2\"><div class=\"su-column-inner su-u-clearfix su-u-trim\">\n<strong>Confra\u0163ilor mei, loiali<\/strong><br \/>\nLe spun stima\u0163ilor confra\u0163i,<br \/>\n\u015etiind c\u0103 nu am ce ascunde:<br \/>\nC\u00e2nd vre\u0163i s\u0103 m\u0103 \u00eencondeia\u0163i V\u0103 las, ba chiar v\u0103 spun \u015fi unde\/<\/p>\n<p><strong>Obicei bucovinean, de Pa\u015fti<\/strong><br \/>\nLa M\u0103n\u0103stire,-n strop de rou\u0103,<br \/>\nUn priceput bucovinean, \u00eencondeiaz\u0103 multe ou\u0103 &#8230;<br \/>\n\u015ei pe primarul Moldovan.<\/p>\n<\/div><\/div><\/div>\n<hr>\n<h4>3rd Prize &#8211; Balici Gheorghe<\/h4>\n<div class=\"su-row\"><div class=\"su-column su-column-size-1-2\"><div class=\"su-column-inner su-u-clearfix su-u-trim\">\n<strong>Motto: Si din nou muzica<\/strong><\/p>\n<p><strong>Unui amic<\/strong><br \/>\nC\u00e2nd zici c\u0103 X m\u0103 tot b\u00e2rfe\u0219te<br \/>\n\u0218i m\u0103-ntristezi cu-aceast\u0103 \u0219tire,<br \/>\nUn lucru ce m\u0103 \u00eenc\u0103lze\u0219te<br \/>\nE\u2026 z\u00e2mbetu-\u021bi de mul\u021bumire.<\/p>\n<p><strong>Impactul minciunii<\/strong><br \/>\nMinciuna c\u00e2nd e def\u0103imare,<br \/>\nSpun cei p\u0103\u021bi\u021bi c\u0103 ar avea,<br \/>\nPe l\u00e2ng\u0103 scurtele-i picioare,<br \/>\nO m\u00e2n\u0103 lung\u0103, dar \u0219i grea!&#8230;<\/p>\n<p><strong>Perfec\u021bionistul b\u00e2rfei<\/strong><br \/>\nDe-i vine b\u00e2rfa dintr-o parte<br \/>\n\u0218i-i pare cam nereu\u0219it\u0103,<br \/>\nEl n-o transmite mai departe,<br \/>\nC\u00e2t nu-i \u0219i \u00eembun\u0103t\u0103\u021bit\u0103\u2026<br \/>\n<\/div><\/div>\n<div class=\"su-column su-column-size-1-2\"><div class=\"su-column-inner su-u-clearfix su-u-trim\">\n<strong>Tandem ca la rom\u00e2ni<\/strong><br \/>\nDe b\u00e2rfit \u0219i ponegrit<br \/>\nC\u00e2nd ne-am apucat cu na\u0219ul,<br \/>\nP\u00e2n\u00b4la urm\u0103, am ie\u0219it<br \/>\nCei mai buni \u00een tot ora\u0219ul!&#8230;<\/p>\n<p><strong>Performan\u021b\u0103<\/strong><br \/>\nC\u00e2t timp e\u0219ti amplasat terestru,<br \/>\nMai t\u00e2n\u0103r sau chiar alb la p\u0103r,<br \/>\nC\u00e2nd te b\u00e2rfe\u0219te un maestru,<br \/>\nDevine b\u00e2rfa adev\u0103r\u2026<\/p>\n<\/div><\/div><\/div>","protected":false},"excerpt":{"rendered":"<p>1st Prize &#8211; Florin Rotaru 1st Prize &#8211; Grajdeanu Marian-Adrian 2nd Prize &#8211; Bunduri Nicolae 3rd Prize &#8211; Balici Gheorghe<\/p>\n","protected":false},"author":1,"featured_media":0,"parent":8183,"menu_order":0,"comment_status":"closed","ping_status":"closed","template":"","meta":{"ngg_post_thumbnail":0,"footnotes":""},"class_list":["post-8202","page","type-page","status-publish","hentry"],"yoast_head":"<!-- This site is optimized with the Yoast SEO plugin v25.9 - https:\/\/yoast.com\/wordpress\/plugins\/seo\/ -->\n<title>Epigram winners 2017 - Humour at .... Gura Humorului<\/title>\n<meta name=\"robots\" content=\"index, follow, max-snippet:-1, max-image-preview:large, max-video-preview:-1\" \/>\n<link rel=\"canonical\" href=\"https:\/\/www.umorlagurahumorului.ro\/editii\/editia-27-2017\/premianti-epigrama-2017\/\" \/>\n<meta property=\"og:locale\" content=\"en_US\" \/>\n<meta property=\"og:type\" content=\"article\" \/>\n<meta property=\"og:title\" content=\"[:ro]Premianti epigrama 2017[:en]Epigram winners 2017[:] - Humour at .... Gura Humorului\" \/>\n<meta property=\"og:description\" content=\"1st Prize &#8211; Florin Rotaru 1st Prize &#8211; Grajdeanu Marian-Adrian 2nd Prize &#8211; Bunduri Nicolae 3rd Prize &#8211; Balici Gheorghe\" \/>\n<meta property=\"og:url\" content=\"https:\/\/www.umorlagurahumorului.ro\/editii\/editia-27-2017\/premianti-epigrama-2017\/\" \/>\n<meta property=\"og:site_name\" content=\"Humour at .... Gura Humorului\" \/>\n<meta property=\"article:publisher\" content=\"https:\/\/www.facebook.com\/Umor-la-Gura-Humorului-Humour-at-Gura-Humorului-105184057924606\/\" \/>\n<meta property=\"article:modified_time\" content=\"2020-07-14T21:08:52+00:00\" \/>\n<meta name=\"twitter:card\" content=\"summary_large_image\" \/>\n<meta name=\"twitter:label1\" content=\"Est. reading time\" \/>\n\t<meta name=\"twitter:data1\" content=\"7 minutes\" \/>\n<script type=\"application\/ld+json\" class=\"yoast-schema-graph\">{\"@context\":\"https:\/\/schema.org\",\"@graph\":[{\"@type\":\"WebPage\",\"@id\":\"https:\/\/www.umorlagurahumorului.ro\/editii\/editia-27-2017\/premianti-epigrama-2017\/\",\"url\":\"https:\/\/www.umorlagurahumorului.ro\/editii\/editia-27-2017\/premianti-epigrama-2017\/\",\"name\":\"[:ro]Premianti epigrama 2017[:en]Epigram winners 2017[:] - Humour at .... Gura Humorului\",\"isPartOf\":{\"@id\":\"https:\/\/www.umorlagurahumorului.ro\/#website\"},\"datePublished\":\"2020-06-18T13:59:59+00:00\",\"dateModified\":\"2020-07-14T21:08:52+00:00\",\"breadcrumb\":{\"@id\":\"https:\/\/www.umorlagurahumorului.ro\/editii\/editia-27-2017\/premianti-epigrama-2017\/#breadcrumb\"},\"inLanguage\":\"en-US\",\"potentialAction\":[{\"@type\":\"ReadAction\",\"target\":[\"https:\/\/www.umorlagurahumorului.ro\/editii\/editia-27-2017\/premianti-epigrama-2017\/\"]}]},{\"@type\":\"BreadcrumbList\",\"@id\":\"https:\/\/www.umorlagurahumorului.ro\/editii\/editia-27-2017\/premianti-epigrama-2017\/#breadcrumb\",\"itemListElement\":[{\"@type\":\"ListItem\",\"position\":1,\"name\":\"Prima pagin\u0103\",\"item\":\"https:\/\/www.umorlagurahumorului.ro\/\"},{\"@type\":\"ListItem\",\"position\":2,\"name\":\"Editii\",\"item\":\"https:\/\/www.umorlagurahumorului.ro\/editii\/\"},{\"@type\":\"ListItem\",\"position\":3,\"name\":\"Editia 27 &#8211; 2017\",\"item\":\"https:\/\/www.umorlagurahumorului.ro\/editii\/editia-27-2017\/\"},{\"@type\":\"ListItem\",\"position\":4,\"name\":\"Premianti epigrama 2017\"}]},{\"@type\":\"WebSite\",\"@id\":\"https:\/\/www.umorlagurahumorului.ro\/#website\",\"url\":\"https:\/\/www.umorlagurahumorului.ro\/\",\"name\":\"Umor la Gura Humorului\",\"description\":\"The International Festival of Cartoon and Humorous Literature\",\"publisher\":{\"@id\":\"https:\/\/www.umorlagurahumorului.ro\/#organization\"},\"potentialAction\":[{\"@type\":\"SearchAction\",\"target\":{\"@type\":\"EntryPoint\",\"urlTemplate\":\"https:\/\/www.umorlagurahumorului.ro\/?s={search_term_string}\"},\"query-input\":{\"@type\":\"PropertyValueSpecification\",\"valueRequired\":true,\"valueName\":\"search_term_string\"}}],\"inLanguage\":\"en-US\"},{\"@type\":\"Organization\",\"@id\":\"https:\/\/www.umorlagurahumorului.ro\/#organization\",\"name\":\"Festivalul Interna\u021bional de Grafic\u0103 Satiric\u0103 \u0219i Literatur\u0103 Umoristic\u0103 Umor la Gura Humorului\",\"url\":\"https:\/\/www.umorlagurahumorului.ro\/\",\"logo\":{\"@type\":\"ImageObject\",\"inLanguage\":\"en-US\",\"@id\":\"https:\/\/www.umorlagurahumorului.ro\/#\/schema\/logo\/image\/\",\"url\":\"https:\/\/www.umorlagurahumorului.ro\/wp-content\/uploads\/2020\/07\/umor-la-gura-humorului.jpg\",\"contentUrl\":\"https:\/\/www.umorlagurahumorului.ro\/wp-content\/uploads\/2020\/07\/umor-la-gura-humorului.jpg\",\"width\":618,\"height\":315,\"caption\":\"Festivalul Interna\u021bional de Grafic\u0103 Satiric\u0103 \u0219i Literatur\u0103 Umoristic\u0103 Umor la Gura Humorului\"},\"image\":{\"@id\":\"https:\/\/www.umorlagurahumorului.ro\/#\/schema\/logo\/image\/\"},\"sameAs\":[\"https:\/\/www.facebook.com\/Umor-la-Gura-Humorului-Humour-at-Gura-Humorului-105184057924606\/\"]}]}<\/script>\n<!-- \/ Yoast SEO plugin. -->","yoast_head_json":{"title":"[:ro]Premianti epigrama 2017[:en]Epigram winners 2017[:] - Humour at .... Gura Humorului","robots":{"index":"index","follow":"follow","max-snippet":"max-snippet:-1","max-image-preview":"max-image-preview:large","max-video-preview":"max-video-preview:-1"},"canonical":"https:\/\/www.umorlagurahumorului.ro\/editii\/editia-27-2017\/premianti-epigrama-2017\/","og_locale":"en_US","og_type":"article","og_title":"[:ro]Premianti epigrama 2017[:en]Epigram winners 2017[:] - Humour at .... Gura Humorului","og_description":"1st Prize &#8211; Florin Rotaru 1st Prize &#8211; Grajdeanu Marian-Adrian 2nd Prize &#8211; Bunduri Nicolae 3rd Prize &#8211; Balici Gheorghe","og_url":"https:\/\/www.umorlagurahumorului.ro\/editii\/editia-27-2017\/premianti-epigrama-2017\/","og_site_name":"Humour at .... Gura Humorului","article_publisher":"https:\/\/www.facebook.com\/Umor-la-Gura-Humorului-Humour-at-Gura-Humorului-105184057924606\/","article_modified_time":"2020-07-14T21:08:52+00:00","twitter_card":"summary_large_image","twitter_misc":{"Est. reading time":"7 minutes"},"schema":{"@context":"https:\/\/schema.org","@graph":[{"@type":"WebPage","@id":"https:\/\/www.umorlagurahumorului.ro\/editii\/editia-27-2017\/premianti-epigrama-2017\/","url":"https:\/\/www.umorlagurahumorului.ro\/editii\/editia-27-2017\/premianti-epigrama-2017\/","name":"[:ro]Premianti epigrama 2017[:en]Epigram winners 2017[:] - Humour at .... Gura Humorului","isPartOf":{"@id":"https:\/\/www.umorlagurahumorului.ro\/#website"},"datePublished":"2020-06-18T13:59:59+00:00","dateModified":"2020-07-14T21:08:52+00:00","breadcrumb":{"@id":"https:\/\/www.umorlagurahumorului.ro\/editii\/editia-27-2017\/premianti-epigrama-2017\/#breadcrumb"},"inLanguage":"en-US","potentialAction":[{"@type":"ReadAction","target":["https:\/\/www.umorlagurahumorului.ro\/editii\/editia-27-2017\/premianti-epigrama-2017\/"]}]},{"@type":"BreadcrumbList","@id":"https:\/\/www.umorlagurahumorului.ro\/editii\/editia-27-2017\/premianti-epigrama-2017\/#breadcrumb","itemListElement":[{"@type":"ListItem","position":1,"name":"Prima pagin\u0103","item":"https:\/\/www.umorlagurahumorului.ro\/"},{"@type":"ListItem","position":2,"name":"Editii","item":"https:\/\/www.umorlagurahumorului.ro\/editii\/"},{"@type":"ListItem","position":3,"name":"Editia 27 &#8211; 2017","item":"https:\/\/www.umorlagurahumorului.ro\/editii\/editia-27-2017\/"},{"@type":"ListItem","position":4,"name":"Premianti epigrama 2017"}]},{"@type":"WebSite","@id":"https:\/\/www.umorlagurahumorului.ro\/#website","url":"https:\/\/www.umorlagurahumorului.ro\/","name":"Umor la Gura Humorului","description":"The International Festival of Cartoon and Humorous Literature","publisher":{"@id":"https:\/\/www.umorlagurahumorului.ro\/#organization"},"potentialAction":[{"@type":"SearchAction","target":{"@type":"EntryPoint","urlTemplate":"https:\/\/www.umorlagurahumorului.ro\/?s={search_term_string}"},"query-input":{"@type":"PropertyValueSpecification","valueRequired":true,"valueName":"search_term_string"}}],"inLanguage":"en-US"},{"@type":"Organization","@id":"https:\/\/www.umorlagurahumorului.ro\/#organization","name":"Festivalul Interna\u021bional de Grafic\u0103 Satiric\u0103 \u0219i Literatur\u0103 Umoristic\u0103 Umor la Gura Humorului","url":"https:\/\/www.umorlagurahumorului.ro\/","logo":{"@type":"ImageObject","inLanguage":"en-US","@id":"https:\/\/www.umorlagurahumorului.ro\/#\/schema\/logo\/image\/","url":"https:\/\/www.umorlagurahumorului.ro\/wp-content\/uploads\/2020\/07\/umor-la-gura-humorului.jpg","contentUrl":"https:\/\/www.umorlagurahumorului.ro\/wp-content\/uploads\/2020\/07\/umor-la-gura-humorului.jpg","width":618,"height":315,"caption":"Festivalul Interna\u021bional de Grafic\u0103 Satiric\u0103 \u0219i Literatur\u0103 Umoristic\u0103 Umor la Gura Humorului"},"image":{"@id":"https:\/\/www.umorlagurahumorului.ro\/#\/schema\/logo\/image\/"},"sameAs":["https:\/\/www.facebook.com\/Umor-la-Gura-Humorului-Humour-at-Gura-Humorului-105184057924606\/"]}]}},"_links":{"self":[{"href":"https:\/\/www.umorlagurahumorului.ro\/en\/wp-json\/wp\/v2\/pages\/8202","targetHints":{"allow":["GET"]}}],"collection":[{"href":"https:\/\/www.umorlagurahumorului.ro\/en\/wp-json\/wp\/v2\/pages"}],"about":[{"href":"https:\/\/www.umorlagurahumorului.ro\/en\/wp-json\/wp\/v2\/types\/page"}],"author":[{"embeddable":true,"href":"https:\/\/www.umorlagurahumorului.ro\/en\/wp-json\/wp\/v2\/users\/1"}],"replies":[{"embeddable":true,"href":"https:\/\/www.umorlagurahumorului.ro\/en\/wp-json\/wp\/v2\/comments?post=8202"}],"version-history":[{"count":5,"href":"https:\/\/www.umorlagurahumorului.ro\/en\/wp-json\/wp\/v2\/pages\/8202\/revisions"}],"predecessor-version":[{"id":9393,"href":"https:\/\/www.umorlagurahumorului.ro\/en\/wp-json\/wp\/v2\/pages\/8202\/revisions\/9393"}],"up":[{"embeddable":true,"href":"https:\/\/www.umorlagurahumorului.ro\/en\/wp-json\/wp\/v2\/pages\/8183"}],"wp:attachment":[{"href":"https:\/\/www.umorlagurahumorului.ro\/en\/wp-json\/wp\/v2\/media?parent=8202"}],"curies":[{"name":"wp","href":"https:\/\/api.w.org\/{rel}","templated":true}]}}