{"id":8125,"date":"2020-06-17T19:14:18","date_gmt":"2020-06-17T19:14:18","guid":{"rendered":"http:\/\/www.umorlagurahumorului.ro\/?page_id=8125"},"modified":"2020-07-14T20:12:31","modified_gmt":"2020-07-14T20:12:31","slug":"premianti-epigrama-2018","status":"publish","type":"page","link":"https:\/\/www.umorlagurahumorului.ro\/en\/editii\/editia-28-2018\/premianti-epigrama-2018\/","title":{"rendered":"Epigram winners 2018"},"content":{"rendered":"<hr>\n<h4>1st Prize &#8211; Marian Gr\u0103jdeanu<\/h4>\n<div class=\"su-row\"><div class=\"su-column su-column-size-1-2\"><div class=\"su-column-inner su-u-clearfix su-u-trim\">\n<strong>Motto: &#8220;Primum &#8230;bibere&#8221;<\/strong><\/p>\n<p><strong>FERRARI, ZICI?<\/strong><br \/>\nC\u0103 vechiul meu Trabant mai corespunde,<br \/>\nV-aduc un argument la \u00eendem\u00e2n\u0103:<br \/>\nAm prins o sut\u0103 doar \u00een trei secunde&#8230;<br \/>\n(R\u0103mas pe Transalpina f\u0103r\u0103 fr\u00e2n\u0103!)<\/p>\n<p><strong>SO\u021aIA EDITORULUI<\/strong><br \/>\nC\u00e2nd trece, pe c\u00e2ntar, de-o sut\u0103,<br \/>\nDe\u0219i sub\u021bire-a fost cl\u0103dit\u0103,<br \/>\nMi-i clar c\u0103-n form\u0103 rev\u0103zut\u0103<br \/>\nE foarte mult ad\u0103ugit\u0103!<\/p>\n<p><strong>FILOSOFIE ANCESTRAL\u0102<\/strong><br \/>\nFluier\u00e2nd pe game cu bemoli,<br \/>\nMedita ciobanul cu opinci:<br \/>\nC\u00e2nd P\u0103m\u00e2ntul are doar doi poli,<br \/>\nCum de-o sut\u0103 are&#8230; numai cinci?!<br \/>\n<\/div><\/div>\n<div class=\"su-column su-column-size-1-2\"><div class=\"su-column-inner su-u-clearfix su-u-trim\">\n<strong>AMPUTAREA LEFURILOR &#8211;  M\u0102SUR\u0102 CONTROVERSAT\u0102<\/strong><br \/>\nNu po\u021bi duce-o via\u021b\u0103 cumsecade<br \/>\n\u00cen raport cu norma absolut\u0103,<br \/>\nNici la minus dou\u0103-\u0219-cinci de grade,<br \/>\nNici la minus dou\u0103-\u0219-cinci la sut\u0103!<\/p>\n<p><strong>HUMOR 38&#8230;(\u00een amfibrah)<\/strong><br \/>\nNici bani \u0219i nici diplome-n rame<br \/>\nNu vreau de la o competi\u021bie,<br \/>\nCi doar s\u0103 prezint epigrame<br \/>\n\u0218i-n cea de-a o suta edi\u021bie!!<\/p>\n<\/div><\/div><\/div>\n<hr>\n<h4>2nd Prize &#8211; Florin Rotaru<\/h4>\n<div class=\"su-row\"><div class=\"su-column su-column-size-1-2\"><div class=\"su-column-inner su-u-clearfix su-u-trim\">\n<strong>Motto: centurionul<\/strong><\/p>\n<p><strong>Flirt<\/strong><br \/>\nM-a fermecat c-un z\u00e2mbet juna<br \/>\n\u015ei-am \u00eentrebat-o la derut\u0103:<br \/>\n\u201cVrei s\u0103-\u021bi dau soarele sau luna?\u201d<br \/>\nEa mi-a \u015foptit discret: \u201co sut\u0103\u201d.<\/p>\n<p><strong>Statistici<\/strong><br \/>\n\u00cen tinere\u021be, c\u00e2nd eram holtei,<br \/>\nM-am bucurat \u015fi eu din plin de via\u021b\u0103<br \/>\n\u015ei am iubit vreo sut\u0103 de femei<br \/>\n(Trei dintre ele chiar au fost de fa\u021b\u0103).<\/p>\n<p><strong>Speran\u021be<\/strong><br \/>\nEu cu timpul \u00een disput\u0103<br \/>\nN-am s\u0103 intru \u00een zadar,<br \/>\nPoate n-oi tr\u0103i o sut\u0103,<br \/>\nDar m\u0103car un centenar.<\/p>\n<\/div><\/div>\n<div class=\"su-column su-column-size-1-2\"><div class=\"su-column-inner su-u-clearfix su-u-trim\">\n<strong>Metamorfoza conjugal\u0103<\/strong><br \/>\nL-a cuprins de-un timp deruta:<br \/>\nSoa\u021ba-i, fost\u0103 top model,<br \/>\nA ajuns s\u0103 bat\u0103 suta<br \/>\n\u015ei, din c\u00e2nd \u00een c\u00e2nd, pe el.<\/p>\n<p><strong>Pe \u015fosea<\/strong><br \/>\n\u00cen trafic este foarte cunoscut\u0103,<br \/>\n\u00cen special pe drumuri rutiere<br \/>\nDe regul\u0103, ea merge cu o sut\u0103,<br \/>\nDar este loc \u015fi de negociere.<\/p>\n<\/div><\/div><\/div>\n<hr>\n<h4>3rd Prize &#8211; Lauren\u021biu Ghi\u021b\u0103<\/h4>\n<div class=\"su-row\"><div class=\"su-column su-column-size-1-2\"><div class=\"su-column-inner su-u-clearfix su-u-trim\">\n<strong>Motto: O sut\u0103-ajut\u0103 !<\/strong><\/p>\n<p><strong>&#8220;Pesc\u0103reasc\u0103&#8221;<\/strong><br \/>\nTehnici pesc\u0103re\u015fti ne-nva\u0163\u0103<br \/>\nC\u0103 o \u015ftiuc\u0103 mai crescut\u0103<br \/>\nMu\u015fc\u0103 mult mai iute,-n pia\u0163\u0103,<br \/>\nLa h\u00e2rtia de o sut\u0103.<\/p>\n<p><strong>Motiva\u0163ie<\/strong><br \/>\nSper\u00e2nd c\u0103 un denun\u021b \u00eel mai ajut\u0103,<br \/>\nS-a dus la birt \u0219i-a dat pe g\u00e2t o sut\u0103;<br \/>\nAv\u00e2nd curaj, se duse mai apoi<br \/>\nLa procuror,&#8230; s\u0103 dea \u00een g\u00e2t vreo doi!<\/p>\n<p><strong>Secretul longevit\u0103\u0163ii<\/strong><br \/>\nUn sfat de la medicii contemporani<br \/>\nCitim \u00een gazete la dou\u0103-trei zile:<br \/>\nDe vrei s\u0103 ajungi c\u0103tre-o sut\u0103 de ani,<br \/>\nEvit\u0103 s-ajungi c\u0103tre-o sut\u0103 de kile!<\/p>\n<\/div><\/div>\n<div class=\"su-column su-column-size-1-2\"><div class=\"su-column-inner su-u-clearfix su-u-trim\">\n<strong>Sut\u0103 la sut\u0103 la alegeri!<\/strong><br \/>\nO sut\u0103 e-un procent destul de mare,<br \/>\nCare confirm\u0103 practic procedeul<br \/>\nPrin care,-n multe sate, la votare,<br \/>\nE minimul ce-l scoate PSD-ul!<\/p>\n<p><strong>P\u0103i, chiar a\u015fa!<\/strong><br \/>\nSunt necesare-n actul de crea\u0163ie<br \/>\n\u015ei de interpretare, ori\u015fic\u00e2t,<br \/>\nO sut\u0103 de procente inspira\u0163ie.<br \/>\n(\u015ei expira\u0163ie, zic eu, cam tot pe-at\u00e2t)!<\/p>\n<\/div><\/div><\/div>","protected":false},"excerpt":{"rendered":"<p>1st Prize &#8211; Marian Gr\u0103jdeanu 2nd Prize &#8211; Florin Rotaru 3rd Prize &#8211; Lauren\u021biu Ghi\u021b\u0103<\/p>\n","protected":false},"author":1,"featured_media":0,"parent":8105,"menu_order":0,"comment_status":"closed","ping_status":"closed","template":"","meta":{"ngg_post_thumbnail":0,"footnotes":""},"class_list":["post-8125","page","type-page","status-publish","hentry"],"yoast_head":"<!-- This site is optimized with the Yoast SEO plugin v25.9 - https:\/\/yoast.com\/wordpress\/plugins\/seo\/ -->\n<title>Epigram winners 2018 - Humour at .... Gura Humorului<\/title>\n<meta name=\"robots\" content=\"index, follow, max-snippet:-1, max-image-preview:large, max-video-preview:-1\" \/>\n<link rel=\"canonical\" href=\"https:\/\/www.umorlagurahumorului.ro\/editii\/editia-28-2018\/premianti-epigrama-2018\/\" \/>\n<meta property=\"og:locale\" content=\"en_US\" \/>\n<meta property=\"og:type\" content=\"article\" \/>\n<meta property=\"og:title\" content=\"[:ro]Premianti epigrama 2018[:en]Epigram winners 2018[:] - Humour at .... Gura Humorului\" \/>\n<meta property=\"og:description\" content=\"1st Prize &#8211; Marian Gr\u0103jdeanu 2nd Prize &#8211; Florin Rotaru 3rd Prize &#8211; Lauren\u021biu Ghi\u021b\u0103\" \/>\n<meta property=\"og:url\" content=\"https:\/\/www.umorlagurahumorului.ro\/editii\/editia-28-2018\/premianti-epigrama-2018\/\" \/>\n<meta property=\"og:site_name\" content=\"Humour at .... Gura Humorului\" \/>\n<meta property=\"article:publisher\" content=\"https:\/\/www.facebook.com\/Umor-la-Gura-Humorului-Humour-at-Gura-Humorului-105184057924606\/\" \/>\n<meta property=\"article:modified_time\" content=\"2020-07-14T20:12:31+00:00\" \/>\n<meta name=\"twitter:card\" content=\"summary_large_image\" \/>\n<meta name=\"twitter:label1\" content=\"Est. reading time\" \/>\n\t<meta name=\"twitter:data1\" content=\"5 minutes\" \/>\n<script type=\"application\/ld+json\" class=\"yoast-schema-graph\">{\"@context\":\"https:\/\/schema.org\",\"@graph\":[{\"@type\":\"WebPage\",\"@id\":\"https:\/\/www.umorlagurahumorului.ro\/editii\/editia-28-2018\/premianti-epigrama-2018\/\",\"url\":\"https:\/\/www.umorlagurahumorului.ro\/editii\/editia-28-2018\/premianti-epigrama-2018\/\",\"name\":\"[:ro]Premianti epigrama 2018[:en]Epigram winners 2018[:] - Humour at .... Gura Humorului\",\"isPartOf\":{\"@id\":\"https:\/\/www.umorlagurahumorului.ro\/#website\"},\"datePublished\":\"2020-06-17T19:14:18+00:00\",\"dateModified\":\"2020-07-14T20:12:31+00:00\",\"breadcrumb\":{\"@id\":\"https:\/\/www.umorlagurahumorului.ro\/editii\/editia-28-2018\/premianti-epigrama-2018\/#breadcrumb\"},\"inLanguage\":\"en-US\",\"potentialAction\":[{\"@type\":\"ReadAction\",\"target\":[\"https:\/\/www.umorlagurahumorului.ro\/editii\/editia-28-2018\/premianti-epigrama-2018\/\"]}]},{\"@type\":\"BreadcrumbList\",\"@id\":\"https:\/\/www.umorlagurahumorului.ro\/editii\/editia-28-2018\/premianti-epigrama-2018\/#breadcrumb\",\"itemListElement\":[{\"@type\":\"ListItem\",\"position\":1,\"name\":\"Prima pagin\u0103\",\"item\":\"https:\/\/www.umorlagurahumorului.ro\/\"},{\"@type\":\"ListItem\",\"position\":2,\"name\":\"Editii\",\"item\":\"https:\/\/www.umorlagurahumorului.ro\/editii\/\"},{\"@type\":\"ListItem\",\"position\":3,\"name\":\"Editia 28 &#8211; 2018\",\"item\":\"https:\/\/www.umorlagurahumorului.ro\/editii\/editia-28-2018\/\"},{\"@type\":\"ListItem\",\"position\":4,\"name\":\"Premianti epigrama 2018\"}]},{\"@type\":\"WebSite\",\"@id\":\"https:\/\/www.umorlagurahumorului.ro\/#website\",\"url\":\"https:\/\/www.umorlagurahumorului.ro\/\",\"name\":\"Umor la Gura Humorului\",\"description\":\"The International Festival of Cartoon and Humorous Literature\",\"publisher\":{\"@id\":\"https:\/\/www.umorlagurahumorului.ro\/#organization\"},\"potentialAction\":[{\"@type\":\"SearchAction\",\"target\":{\"@type\":\"EntryPoint\",\"urlTemplate\":\"https:\/\/www.umorlagurahumorului.ro\/?s={search_term_string}\"},\"query-input\":{\"@type\":\"PropertyValueSpecification\",\"valueRequired\":true,\"valueName\":\"search_term_string\"}}],\"inLanguage\":\"en-US\"},{\"@type\":\"Organization\",\"@id\":\"https:\/\/www.umorlagurahumorului.ro\/#organization\",\"name\":\"Festivalul Interna\u021bional de Grafic\u0103 Satiric\u0103 \u0219i Literatur\u0103 Umoristic\u0103 Umor la Gura Humorului\",\"url\":\"https:\/\/www.umorlagurahumorului.ro\/\",\"logo\":{\"@type\":\"ImageObject\",\"inLanguage\":\"en-US\",\"@id\":\"https:\/\/www.umorlagurahumorului.ro\/#\/schema\/logo\/image\/\",\"url\":\"https:\/\/www.umorlagurahumorului.ro\/wp-content\/uploads\/2020\/07\/umor-la-gura-humorului.jpg\",\"contentUrl\":\"https:\/\/www.umorlagurahumorului.ro\/wp-content\/uploads\/2020\/07\/umor-la-gura-humorului.jpg\",\"width\":618,\"height\":315,\"caption\":\"Festivalul Interna\u021bional de Grafic\u0103 Satiric\u0103 \u0219i Literatur\u0103 Umoristic\u0103 Umor la Gura Humorului\"},\"image\":{\"@id\":\"https:\/\/www.umorlagurahumorului.ro\/#\/schema\/logo\/image\/\"},\"sameAs\":[\"https:\/\/www.facebook.com\/Umor-la-Gura-Humorului-Humour-at-Gura-Humorului-105184057924606\/\"]}]}<\/script>\n<!-- \/ Yoast SEO plugin. -->","yoast_head_json":{"title":"[:ro]Premianti epigrama 2018[:en]Epigram winners 2018[:] - Humour at .... Gura Humorului","robots":{"index":"index","follow":"follow","max-snippet":"max-snippet:-1","max-image-preview":"max-image-preview:large","max-video-preview":"max-video-preview:-1"},"canonical":"https:\/\/www.umorlagurahumorului.ro\/editii\/editia-28-2018\/premianti-epigrama-2018\/","og_locale":"en_US","og_type":"article","og_title":"[:ro]Premianti epigrama 2018[:en]Epigram winners 2018[:] - Humour at .... Gura Humorului","og_description":"1st Prize &#8211; Marian Gr\u0103jdeanu 2nd Prize &#8211; Florin Rotaru 3rd Prize &#8211; Lauren\u021biu Ghi\u021b\u0103","og_url":"https:\/\/www.umorlagurahumorului.ro\/editii\/editia-28-2018\/premianti-epigrama-2018\/","og_site_name":"Humour at .... Gura Humorului","article_publisher":"https:\/\/www.facebook.com\/Umor-la-Gura-Humorului-Humour-at-Gura-Humorului-105184057924606\/","article_modified_time":"2020-07-14T20:12:31+00:00","twitter_card":"summary_large_image","twitter_misc":{"Est. reading time":"5 minutes"},"schema":{"@context":"https:\/\/schema.org","@graph":[{"@type":"WebPage","@id":"https:\/\/www.umorlagurahumorului.ro\/editii\/editia-28-2018\/premianti-epigrama-2018\/","url":"https:\/\/www.umorlagurahumorului.ro\/editii\/editia-28-2018\/premianti-epigrama-2018\/","name":"[:ro]Premianti epigrama 2018[:en]Epigram winners 2018[:] - Humour at .... Gura Humorului","isPartOf":{"@id":"https:\/\/www.umorlagurahumorului.ro\/#website"},"datePublished":"2020-06-17T19:14:18+00:00","dateModified":"2020-07-14T20:12:31+00:00","breadcrumb":{"@id":"https:\/\/www.umorlagurahumorului.ro\/editii\/editia-28-2018\/premianti-epigrama-2018\/#breadcrumb"},"inLanguage":"en-US","potentialAction":[{"@type":"ReadAction","target":["https:\/\/www.umorlagurahumorului.ro\/editii\/editia-28-2018\/premianti-epigrama-2018\/"]}]},{"@type":"BreadcrumbList","@id":"https:\/\/www.umorlagurahumorului.ro\/editii\/editia-28-2018\/premianti-epigrama-2018\/#breadcrumb","itemListElement":[{"@type":"ListItem","position":1,"name":"Prima pagin\u0103","item":"https:\/\/www.umorlagurahumorului.ro\/"},{"@type":"ListItem","position":2,"name":"Editii","item":"https:\/\/www.umorlagurahumorului.ro\/editii\/"},{"@type":"ListItem","position":3,"name":"Editia 28 &#8211; 2018","item":"https:\/\/www.umorlagurahumorului.ro\/editii\/editia-28-2018\/"},{"@type":"ListItem","position":4,"name":"Premianti epigrama 2018"}]},{"@type":"WebSite","@id":"https:\/\/www.umorlagurahumorului.ro\/#website","url":"https:\/\/www.umorlagurahumorului.ro\/","name":"Umor la Gura Humorului","description":"The International Festival of Cartoon and Humorous Literature","publisher":{"@id":"https:\/\/www.umorlagurahumorului.ro\/#organization"},"potentialAction":[{"@type":"SearchAction","target":{"@type":"EntryPoint","urlTemplate":"https:\/\/www.umorlagurahumorului.ro\/?s={search_term_string}"},"query-input":{"@type":"PropertyValueSpecification","valueRequired":true,"valueName":"search_term_string"}}],"inLanguage":"en-US"},{"@type":"Organization","@id":"https:\/\/www.umorlagurahumorului.ro\/#organization","name":"Festivalul Interna\u021bional de Grafic\u0103 Satiric\u0103 \u0219i Literatur\u0103 Umoristic\u0103 Umor la Gura Humorului","url":"https:\/\/www.umorlagurahumorului.ro\/","logo":{"@type":"ImageObject","inLanguage":"en-US","@id":"https:\/\/www.umorlagurahumorului.ro\/#\/schema\/logo\/image\/","url":"https:\/\/www.umorlagurahumorului.ro\/wp-content\/uploads\/2020\/07\/umor-la-gura-humorului.jpg","contentUrl":"https:\/\/www.umorlagurahumorului.ro\/wp-content\/uploads\/2020\/07\/umor-la-gura-humorului.jpg","width":618,"height":315,"caption":"Festivalul Interna\u021bional de Grafic\u0103 Satiric\u0103 \u0219i Literatur\u0103 Umoristic\u0103 Umor la Gura Humorului"},"image":{"@id":"https:\/\/www.umorlagurahumorului.ro\/#\/schema\/logo\/image\/"},"sameAs":["https:\/\/www.facebook.com\/Umor-la-Gura-Humorului-Humour-at-Gura-Humorului-105184057924606\/"]}]}},"_links":{"self":[{"href":"https:\/\/www.umorlagurahumorului.ro\/en\/wp-json\/wp\/v2\/pages\/8125","targetHints":{"allow":["GET"]}}],"collection":[{"href":"https:\/\/www.umorlagurahumorului.ro\/en\/wp-json\/wp\/v2\/pages"}],"about":[{"href":"https:\/\/www.umorlagurahumorului.ro\/en\/wp-json\/wp\/v2\/types\/page"}],"author":[{"embeddable":true,"href":"https:\/\/www.umorlagurahumorului.ro\/en\/wp-json\/wp\/v2\/users\/1"}],"replies":[{"embeddable":true,"href":"https:\/\/www.umorlagurahumorului.ro\/en\/wp-json\/wp\/v2\/comments?post=8125"}],"version-history":[{"count":8,"href":"https:\/\/www.umorlagurahumorului.ro\/en\/wp-json\/wp\/v2\/pages\/8125\/revisions"}],"predecessor-version":[{"id":9387,"href":"https:\/\/www.umorlagurahumorului.ro\/en\/wp-json\/wp\/v2\/pages\/8125\/revisions\/9387"}],"up":[{"embeddable":true,"href":"https:\/\/www.umorlagurahumorului.ro\/en\/wp-json\/wp\/v2\/pages\/8105"}],"wp:attachment":[{"href":"https:\/\/www.umorlagurahumorului.ro\/en\/wp-json\/wp\/v2\/media?parent=8125"}],"curies":[{"name":"wp","href":"https:\/\/api.w.org\/{rel}","templated":true}]}}