{"id":8099,"date":"2020-06-17T17:21:51","date_gmt":"2020-06-17T17:21:51","guid":{"rendered":"http:\/\/www.umorlagurahumorului.ro\/?page_id=8099"},"modified":"2020-07-13T22:25:17","modified_gmt":"2020-07-13T22:25:17","slug":"premianti-epigrama-2019","status":"publish","type":"page","link":"https:\/\/www.umorlagurahumorului.ro\/en\/editii\/editia-29-2019\/premianti-epigrama-2019\/","title":{"rendered":"Epigram winners 2019"},"content":{"rendered":"<hr>\n<h4>1st Prize &#8211; Florin Rotaru<\/h4>\n<div class=\"su-row\"><div class=\"su-column su-column-size-1-2\"><div class=\"su-column-inner su-u-clearfix su-u-trim\">\n<strong>Motto: Sus paharul! <\/strong><\/p>\n<p><strong>1.\t\u00cemp\u0103r\u021bire cu rest<\/strong><br \/>\nVecina de la deal de noi<br \/>\n\u00cemparte dragostea la doi<br \/>\n\u0218i-oric\u00e2t ar face-o ea de bine,<br \/>\nR\u0103m\u00e2ne rest \u0219i pentru mine.<\/p>\n<p><strong>2.\tArmonie conjugal\u0103<\/strong><br \/>\n\u00cen tinere\u021be dintr-un m\u0103r mu\u0219cam<br \/>\n\u0218i am\u00e2ndoi din el ne s\u0103turam<br \/>\n\u0218i-am \u00eemp\u0103r\u021bit la mere \u00eentr-at\u00e2t<br \/>\nC\u0103 sunt s\u0103tul \u0219i ast\u0103zi&#8230; p\u00e2n\u0103-n g\u00e2t.<\/p>\n<p>3.\tChichi\u021be avoc\u0103\u021be\u0219ti<br \/>\nAm divor\u021bat civilizat<br \/>\n\u0218i la partaj ne-am \u00eemp\u0103cat;<br \/>\nCeva cred, totu\u0219i, c\u0103 nu-i bine,<br \/>\nC\u0103 soacra a r\u0103mas cu mine&#8230;<br \/>\n<\/div><\/div>\n<div class=\"su-column su-column-size-1-2\"><div class=\"su-column-inner su-u-clearfix su-u-trim\">\n<strong>4.\tLa succesiune<\/strong><br \/>\nS\u0103 \u00eemplineasc\u0103-al tat\u0103lui cuv\u00e2nt,<br \/>\nCopiii-\u00eempart o palm\u0103 de p\u0103m\u00e2nt;<br \/>\nDiscu\u021biile, totu\u0219i, nu-s prea calme,<br \/>\nC\u0103-s unii care cer mai multe palme.<\/p>\n<p><strong>5.\tVoca\u021bie (nuan\u021be)<\/strong><br \/>\nLa Humor, porni\u021bi pe glume,<br \/>\nUmori\u0219tii azi sosesc,<br \/>\nUnii se \u00eempart la lume,<br \/>\nAl\u021bii doar se risipesc.<br \/>\n<\/div><\/div><\/div>\n<hr>\n<h4>2nd Prize &#8211; Ionu\u021b Daniel \u021auc\u0103<\/h4>\n<p><strong>Motto: O lume minunat\u0103!<\/strong><\/p>\n<div class=\"su-row\"><div class=\"su-column su-column-size-1-2\"><div class=\"su-column-inner su-u-clearfix su-u-trim\">\n<strong>\u00cen templul zei\u021bei Themis<\/strong><br \/>\nSe-mpart de-a valma \u00een cetatea<br \/>\nZei\u021bei Themis celei calme:<br \/>\nAveri, pedepse, pumni, sudalme,<br \/>\nBa, c\u00e2teodat\u0103, \u0219i&#8230; dreptatea.<\/p>\n<p><strong>Bun\u0103 vecin\u0103tate<\/strong><br \/>\nCu-al meu vecin \u00eempart hotarul,<br \/>\n\u00cempart merindele, paharul<br \/>\n\u0218i munca asta blestemat\u0103.<br \/>\nMuierea, nu. I-o dau pe toat\u0103!<\/p>\n<p><strong>Avarul<\/strong><br \/>\nPlus\u00e2nd \u00een via\u021b\u0103 ca nebunu`,<br \/>\nAverea zilnic \u0219i-o spore\u0219te,<br \/>\n\u00cen g\u00e2nd adun\u0103 \u0219i-nmul\u021be\u0219te<br \/>\n\u0218i-mparte exclusiv&#8230; la unu.<\/p>\n<\/div><\/div>\n<div class=\"su-column su-column-size-1-2\"><div class=\"su-column-inner su-u-clearfix su-u-trim\">\n<p><strong>Politicienii rom\u00e2ni<\/strong><br \/>\nO clas\u0103 de esen\u021b\u0103 pur\u0103<br \/>\nCe se divide-n chip divin<br \/>\n\u00cen tagma celor care fur\u0103<br \/>\n\u0218i-a \u0103lora care-i sus\u021bin.<\/p>\n<p><strong>Apropo de condi\u021bie<\/strong><br \/>\nTr\u0103iesc o \u00eencurcat\u0103 dram\u0103,<br \/>\nC\u0103ci nici nu \u0219tiu ce-i mai u\u0219or:<br \/>\nS\u0103 bag Humoru-n epigram\u0103<br \/>\nSau epigrama \u00een Humor?<br \/>\n<\/div><\/div><\/div>\n<hr>\n<h4>3rd Prize  &#8211; Janet Nica<\/h4>\n<p><strong>Motto: ESCONDIDO<\/strong><\/p>\n<div class=\"su-row\"><div class=\"su-column su-column-size-1-2\"><div class=\"su-column-inner su-u-clearfix su-u-trim\">\n<strong>Echilibru<\/strong><br \/>\nC\u00e2nd de amante dor m-apuc\u0103,<br \/>\nM\u0103-mpart, zic eu, echilibrat,<br \/>\nC\u0103ci, de la una, plec plouat,<br \/>\nIar ceal\u0103lalt\u0103 m\u0103 usuc\u0103!<\/p>\n<p><strong>\u00cemp\u0103r\u021bire f\u0103r\u0103 zecimale<\/strong><br \/>\nCum \u00eemi iubesc vecina, scos din fire,<br \/>\nB\u0103rbatul ei cu ur\u0103 m-a lovit:<br \/>\nNe-am dat picioare, palme, \u00een ne\u0219tire,<br \/>\nDoar pumnii-n mod egal, i-am \u00eemp\u0103r\u021bit!<\/p>\n<p><strong>\u00cenc\u0103\u2026Don Juan<\/strong><br \/>\n\u00cencredin\u021bat, cum \u0219tie natul<br \/>\nC\u0103 \u00eenc\u0103 are pe\u0219te balta,<br \/>\nCu soa\u021ba mea \u00eempart doar patul,<br \/>\nSalariul \u00eel \u00eempart cu alta!<\/p>\n<\/div><\/div>\n<div class=\"su-column su-column-size-1-2\"><div class=\"su-column-inner su-u-clearfix su-u-trim\">\n<p><strong>Recuno\u0219tin\u021b\u0103<\/strong><br \/>\nSo\u021bia mea, privind spre m\u00e2\u00eene,<br \/>\nExemplu-n via\u021ba asta scurt\u0103,<br \/>\nA \u00eemp\u0103r\u021bit cu mine-o p\u00e2ine,<br \/>\nDe\u0219i veneam acas\u0103, turt\u0103!<\/p>\n<p><strong>Deie Domnul!<\/strong><br \/>\nS-ajung pe la Humor, de-a\u021bi cere<br \/>\nS\u0103-mpart, cu voi, o bucurie,<br \/>\nM\u0103 rog la cer s\u0103-mi dea putere,<br \/>\n\u0218tiind c\u0103 voi \u00eemi da\u021bi\u2026t\u0103rie!<\/p>\n<\/div><\/div><\/div>","protected":false},"excerpt":{"rendered":"<p>1st Prize &#8211; Florin Rotaru 2nd Prize &#8211; Ionu\u021b Daniel \u021auc\u0103 Motto: O lume minunat\u0103! 3rd Prize &#8211; Janet Nica Motto: ESCONDIDO<\/p>\n","protected":false},"author":1,"featured_media":0,"parent":8067,"menu_order":0,"comment_status":"closed","ping_status":"closed","template":"","meta":{"ngg_post_thumbnail":0,"footnotes":""},"class_list":["post-8099","page","type-page","status-publish","hentry"],"yoast_head":"<!-- This site is optimized with the Yoast SEO plugin v25.9 - https:\/\/yoast.com\/wordpress\/plugins\/seo\/ -->\n<title>Epigram winners 2019 - Humour at .... Gura Humorului<\/title>\n<meta name=\"robots\" content=\"index, follow, max-snippet:-1, max-image-preview:large, max-video-preview:-1\" \/>\n<link rel=\"canonical\" href=\"https:\/\/www.umorlagurahumorului.ro\/editii\/editia-29-2019\/premianti-epigrama-2019\/\" \/>\n<meta property=\"og:locale\" content=\"en_US\" \/>\n<meta property=\"og:type\" content=\"article\" \/>\n<meta property=\"og:title\" content=\"[:ro]Premianti epigrama 2019[:en]Epigram winners 2019[:] - Humour at .... Gura Humorului\" \/>\n<meta property=\"og:description\" content=\"1st Prize &#8211; Florin Rotaru 2nd Prize &#8211; Ionu\u021b Daniel \u021auc\u0103 Motto: O lume minunat\u0103! 3rd Prize &#8211; Janet Nica Motto: ESCONDIDO\" \/>\n<meta property=\"og:url\" content=\"https:\/\/www.umorlagurahumorului.ro\/editii\/editia-29-2019\/premianti-epigrama-2019\/\" \/>\n<meta property=\"og:site_name\" content=\"Humour at .... Gura Humorului\" \/>\n<meta property=\"article:publisher\" content=\"https:\/\/www.facebook.com\/Umor-la-Gura-Humorului-Humour-at-Gura-Humorului-105184057924606\/\" \/>\n<meta property=\"article:modified_time\" content=\"2020-07-13T22:25:17+00:00\" \/>\n<meta name=\"twitter:card\" content=\"summary_large_image\" \/>\n<meta name=\"twitter:label1\" content=\"Est. reading time\" \/>\n\t<meta name=\"twitter:data1\" content=\"5 minutes\" \/>\n<script type=\"application\/ld+json\" class=\"yoast-schema-graph\">{\"@context\":\"https:\/\/schema.org\",\"@graph\":[{\"@type\":\"WebPage\",\"@id\":\"https:\/\/www.umorlagurahumorului.ro\/editii\/editia-29-2019\/premianti-epigrama-2019\/\",\"url\":\"https:\/\/www.umorlagurahumorului.ro\/editii\/editia-29-2019\/premianti-epigrama-2019\/\",\"name\":\"[:ro]Premianti epigrama 2019[:en]Epigram winners 2019[:] - Humour at .... Gura Humorului\",\"isPartOf\":{\"@id\":\"https:\/\/www.umorlagurahumorului.ro\/#website\"},\"datePublished\":\"2020-06-17T17:21:51+00:00\",\"dateModified\":\"2020-07-13T22:25:17+00:00\",\"breadcrumb\":{\"@id\":\"https:\/\/www.umorlagurahumorului.ro\/editii\/editia-29-2019\/premianti-epigrama-2019\/#breadcrumb\"},\"inLanguage\":\"en-US\",\"potentialAction\":[{\"@type\":\"ReadAction\",\"target\":[\"https:\/\/www.umorlagurahumorului.ro\/editii\/editia-29-2019\/premianti-epigrama-2019\/\"]}]},{\"@type\":\"BreadcrumbList\",\"@id\":\"https:\/\/www.umorlagurahumorului.ro\/editii\/editia-29-2019\/premianti-epigrama-2019\/#breadcrumb\",\"itemListElement\":[{\"@type\":\"ListItem\",\"position\":1,\"name\":\"Prima pagin\u0103\",\"item\":\"https:\/\/www.umorlagurahumorului.ro\/\"},{\"@type\":\"ListItem\",\"position\":2,\"name\":\"Editii\",\"item\":\"https:\/\/www.umorlagurahumorului.ro\/editii\/\"},{\"@type\":\"ListItem\",\"position\":3,\"name\":\"Editia 29 &#8211; 2019\",\"item\":\"https:\/\/www.umorlagurahumorului.ro\/editii\/editia-29-2019\/\"},{\"@type\":\"ListItem\",\"position\":4,\"name\":\"Premianti epigrama 2019\"}]},{\"@type\":\"WebSite\",\"@id\":\"https:\/\/www.umorlagurahumorului.ro\/#website\",\"url\":\"https:\/\/www.umorlagurahumorului.ro\/\",\"name\":\"Umor la Gura Humorului\",\"description\":\"The International Festival of Cartoon and Humorous Literature\",\"publisher\":{\"@id\":\"https:\/\/www.umorlagurahumorului.ro\/#organization\"},\"potentialAction\":[{\"@type\":\"SearchAction\",\"target\":{\"@type\":\"EntryPoint\",\"urlTemplate\":\"https:\/\/www.umorlagurahumorului.ro\/?s={search_term_string}\"},\"query-input\":{\"@type\":\"PropertyValueSpecification\",\"valueRequired\":true,\"valueName\":\"search_term_string\"}}],\"inLanguage\":\"en-US\"},{\"@type\":\"Organization\",\"@id\":\"https:\/\/www.umorlagurahumorului.ro\/#organization\",\"name\":\"Festivalul Interna\u021bional de Grafic\u0103 Satiric\u0103 \u0219i Literatur\u0103 Umoristic\u0103 Umor la Gura Humorului\",\"url\":\"https:\/\/www.umorlagurahumorului.ro\/\",\"logo\":{\"@type\":\"ImageObject\",\"inLanguage\":\"en-US\",\"@id\":\"https:\/\/www.umorlagurahumorului.ro\/#\/schema\/logo\/image\/\",\"url\":\"https:\/\/www.umorlagurahumorului.ro\/wp-content\/uploads\/2020\/07\/umor-la-gura-humorului.jpg\",\"contentUrl\":\"https:\/\/www.umorlagurahumorului.ro\/wp-content\/uploads\/2020\/07\/umor-la-gura-humorului.jpg\",\"width\":618,\"height\":315,\"caption\":\"Festivalul Interna\u021bional de Grafic\u0103 Satiric\u0103 \u0219i Literatur\u0103 Umoristic\u0103 Umor la Gura Humorului\"},\"image\":{\"@id\":\"https:\/\/www.umorlagurahumorului.ro\/#\/schema\/logo\/image\/\"},\"sameAs\":[\"https:\/\/www.facebook.com\/Umor-la-Gura-Humorului-Humour-at-Gura-Humorului-105184057924606\/\"]}]}<\/script>\n<!-- \/ Yoast SEO plugin. -->","yoast_head_json":{"title":"[:ro]Premianti epigrama 2019[:en]Epigram winners 2019[:] - Humour at .... Gura Humorului","robots":{"index":"index","follow":"follow","max-snippet":"max-snippet:-1","max-image-preview":"max-image-preview:large","max-video-preview":"max-video-preview:-1"},"canonical":"https:\/\/www.umorlagurahumorului.ro\/editii\/editia-29-2019\/premianti-epigrama-2019\/","og_locale":"en_US","og_type":"article","og_title":"[:ro]Premianti epigrama 2019[:en]Epigram winners 2019[:] - Humour at .... Gura Humorului","og_description":"1st Prize &#8211; Florin Rotaru 2nd Prize &#8211; Ionu\u021b Daniel \u021auc\u0103 Motto: O lume minunat\u0103! 3rd Prize &#8211; Janet Nica Motto: ESCONDIDO","og_url":"https:\/\/www.umorlagurahumorului.ro\/editii\/editia-29-2019\/premianti-epigrama-2019\/","og_site_name":"Humour at .... Gura Humorului","article_publisher":"https:\/\/www.facebook.com\/Umor-la-Gura-Humorului-Humour-at-Gura-Humorului-105184057924606\/","article_modified_time":"2020-07-13T22:25:17+00:00","twitter_card":"summary_large_image","twitter_misc":{"Est. reading time":"5 minutes"},"schema":{"@context":"https:\/\/schema.org","@graph":[{"@type":"WebPage","@id":"https:\/\/www.umorlagurahumorului.ro\/editii\/editia-29-2019\/premianti-epigrama-2019\/","url":"https:\/\/www.umorlagurahumorului.ro\/editii\/editia-29-2019\/premianti-epigrama-2019\/","name":"[:ro]Premianti epigrama 2019[:en]Epigram winners 2019[:] - Humour at .... Gura Humorului","isPartOf":{"@id":"https:\/\/www.umorlagurahumorului.ro\/#website"},"datePublished":"2020-06-17T17:21:51+00:00","dateModified":"2020-07-13T22:25:17+00:00","breadcrumb":{"@id":"https:\/\/www.umorlagurahumorului.ro\/editii\/editia-29-2019\/premianti-epigrama-2019\/#breadcrumb"},"inLanguage":"en-US","potentialAction":[{"@type":"ReadAction","target":["https:\/\/www.umorlagurahumorului.ro\/editii\/editia-29-2019\/premianti-epigrama-2019\/"]}]},{"@type":"BreadcrumbList","@id":"https:\/\/www.umorlagurahumorului.ro\/editii\/editia-29-2019\/premianti-epigrama-2019\/#breadcrumb","itemListElement":[{"@type":"ListItem","position":1,"name":"Prima pagin\u0103","item":"https:\/\/www.umorlagurahumorului.ro\/"},{"@type":"ListItem","position":2,"name":"Editii","item":"https:\/\/www.umorlagurahumorului.ro\/editii\/"},{"@type":"ListItem","position":3,"name":"Editia 29 &#8211; 2019","item":"https:\/\/www.umorlagurahumorului.ro\/editii\/editia-29-2019\/"},{"@type":"ListItem","position":4,"name":"Premianti epigrama 2019"}]},{"@type":"WebSite","@id":"https:\/\/www.umorlagurahumorului.ro\/#website","url":"https:\/\/www.umorlagurahumorului.ro\/","name":"Umor la Gura Humorului","description":"The International Festival of Cartoon and Humorous Literature","publisher":{"@id":"https:\/\/www.umorlagurahumorului.ro\/#organization"},"potentialAction":[{"@type":"SearchAction","target":{"@type":"EntryPoint","urlTemplate":"https:\/\/www.umorlagurahumorului.ro\/?s={search_term_string}"},"query-input":{"@type":"PropertyValueSpecification","valueRequired":true,"valueName":"search_term_string"}}],"inLanguage":"en-US"},{"@type":"Organization","@id":"https:\/\/www.umorlagurahumorului.ro\/#organization","name":"Festivalul Interna\u021bional de Grafic\u0103 Satiric\u0103 \u0219i Literatur\u0103 Umoristic\u0103 Umor la Gura Humorului","url":"https:\/\/www.umorlagurahumorului.ro\/","logo":{"@type":"ImageObject","inLanguage":"en-US","@id":"https:\/\/www.umorlagurahumorului.ro\/#\/schema\/logo\/image\/","url":"https:\/\/www.umorlagurahumorului.ro\/wp-content\/uploads\/2020\/07\/umor-la-gura-humorului.jpg","contentUrl":"https:\/\/www.umorlagurahumorului.ro\/wp-content\/uploads\/2020\/07\/umor-la-gura-humorului.jpg","width":618,"height":315,"caption":"Festivalul Interna\u021bional de Grafic\u0103 Satiric\u0103 \u0219i Literatur\u0103 Umoristic\u0103 Umor la Gura Humorului"},"image":{"@id":"https:\/\/www.umorlagurahumorului.ro\/#\/schema\/logo\/image\/"},"sameAs":["https:\/\/www.facebook.com\/Umor-la-Gura-Humorului-Humour-at-Gura-Humorului-105184057924606\/"]}]}},"_links":{"self":[{"href":"https:\/\/www.umorlagurahumorului.ro\/en\/wp-json\/wp\/v2\/pages\/8099","targetHints":{"allow":["GET"]}}],"collection":[{"href":"https:\/\/www.umorlagurahumorului.ro\/en\/wp-json\/wp\/v2\/pages"}],"about":[{"href":"https:\/\/www.umorlagurahumorului.ro\/en\/wp-json\/wp\/v2\/types\/page"}],"author":[{"embeddable":true,"href":"https:\/\/www.umorlagurahumorului.ro\/en\/wp-json\/wp\/v2\/users\/1"}],"replies":[{"embeddable":true,"href":"https:\/\/www.umorlagurahumorului.ro\/en\/wp-json\/wp\/v2\/comments?post=8099"}],"version-history":[{"count":5,"href":"https:\/\/www.umorlagurahumorului.ro\/en\/wp-json\/wp\/v2\/pages\/8099\/revisions"}],"predecessor-version":[{"id":9357,"href":"https:\/\/www.umorlagurahumorului.ro\/en\/wp-json\/wp\/v2\/pages\/8099\/revisions\/9357"}],"up":[{"embeddable":true,"href":"https:\/\/www.umorlagurahumorului.ro\/en\/wp-json\/wp\/v2\/pages\/8067"}],"wp:attachment":[{"href":"https:\/\/www.umorlagurahumorului.ro\/en\/wp-json\/wp\/v2\/media?parent=8099"}],"curies":[{"name":"wp","href":"https:\/\/api.w.org\/{rel}","templated":true}]}}