{"id":10072,"date":"2022-07-08T21:34:37","date_gmt":"2022-07-08T21:34:37","guid":{"rendered":"https:\/\/www.umorlagurahumorului.ro\/?page_id=10072"},"modified":"2022-07-08T21:34:37","modified_gmt":"2022-07-08T21:34:37","slug":"premiul-3-grigore-chitul","status":"publish","type":"page","link":"https:\/\/www.umorlagurahumorului.ro\/en\/editii\/editia-32-2022\/premianti-poezie-2022\/premiul-3-grigore-chitul\/","title":{"rendered":"3&#8217;rd Prize &#8211; Grigore Chitul"},"content":{"rendered":"<hr>\n<h2 style=\"color:#d22b1d;\">3&#8217;rd Prize &#8211; Grigore Chitul<\/h2>\n<p><strong>Moto: &#8220;Asul de trefl\u0103&#8221;<\/strong><\/p>\n<div class=\"su-row\"><div class=\"su-column su-column-size-1-2\"><div class=\"su-column-inner su-u-clearfix su-u-trim\">\n<div class=\"su-spacer\" style=\"height:20px\"><\/div>\n<strong>Cu susu-n jos<\/strong><br \/>\n<div class=\"su-spacer\" style=\"height:30px\"><\/div>\nPrivesc oripilat televizorul,<br \/>\n\u00cen timp ce-un tip se chinuie s\u0103 spun\u0103<br \/>\nC\u0103 indivizi ce par pica\u0163i din lun\u0103<br \/>\nCur\u00e2nd vor pune pe P\u0103m\u00e2nt piciorul.<\/p>\n<p>Aceast\u0103 \u015ftire a creat furtun\u0103,<br \/>\nExtratere\u015ftrii-au \u00eengrozit poporul<br \/>\nCe sper\u0103 ca m\u0103car invadatorul<br \/>\nUn pre\u0163 mai mic, la gaz metan, s\u0103 pun\u0103.<\/p>\n<p>\u00cencremeni\u0163i \u00een lunga a\u015fteptare<br \/>\nAfl\u0103m c-apocalipsa-i iminent\u0103<br \/>\nDar \u015fi c\u0103 \u015ftirea nu e concludent\u0103,<br \/>\nC\u0103ci doi parapanti\u015fti cu casc\u0103 mare<br \/>\nCe n-au o exprimare coerent\u0103<br \/>\nSunt du\u015fi, pe sus, din pom la o Salvare.<\/p>\n<\/div><\/div><div class=\"su-column su-column-size-1-2\"><div class=\"su-column-inner su-u-clearfix su-u-trim\">\n<div class=\"su-spacer\" style=\"height:20px\"><\/div>\n<strong>Precau\u0163ie<\/strong><br \/>\n<div class=\"su-spacer\" style=\"height:30px\"><\/div>\n<p>S-a spus recent la \u015ftiri c\u0103 o omid\u0103,<br \/>\n\u00cen mod suspect g\u0103sit\u0103 decedat\u0103<br \/>\nPe-un ram de prun, a fost intoxicat\u0103<br \/>\nCu \u0163uica scurs\u0103 dintr-o crisalid\u0103.<\/p>\n<p>De-atunci eu nu m\u0103n\u00e2nc dec\u00e2t salat\u0103,<br \/>\nLeurd\u0103, bame, praz \u015fi conopid\u0103,<br \/>\nIar ca desert accept doar o stafid\u0103<br \/>\nCe-a fost cu biocid atent sp\u0103lat\u0103.<\/p>\n<p>Sunt cam lihnit, dar spaima mea morbid\u0103<br \/>\nDe \u201eE\u201d-uri \u015fi m\u00e2ncare injectat\u0103<br \/>\n\u00cemi d\u0103 puterea s\u0103 mai rabd o dat\u0103,<br \/>\nS\u0103 rumeg stoic hrana insipid\u0103<br \/>\nAt\u00e2t de mult, pe \u201enet\u201d, recomandat\u0103,<br \/>\nChiar de-o s-ajung ca o efemerid\u0103.<\/p>\n<\/div><\/div><\/div>\n<div class=\"su-spacer\" style=\"height:20px\"><\/div>\n<strong>Evolu\u0163ionism<\/strong><br \/>\n<div class=\"su-spacer\" style=\"height:30px\"><\/div>\n<p>S-a scris \u00een pres\u0103 cum c\u0103 o g\u0103in\u0103<br \/>\nAr fi n\u0103scut pui vii, cu patru labe,<br \/>\nDe-au le\u015finat subit vreo dou\u0103 babe,<br \/>\nTrezite greu de SMURD cu-adrenalin\u0103.<\/p>\n<p>Au fost \u015fi comentarii mai neghioabe<br \/>\nG\u0103sindu-se, la urm\u0103, chiar \u015fi-o vin\u0103:<br \/>\n\u201eE clar, galinaceea-adulterin\u0103<br \/>\nA tras pe nas, \u00een loc s\u0103-nghit\u0103 boabe!\u201d<\/p>\n<p>Stresat, \u00een fata cripticei dileme,<br \/>\nM\u0103 uit la \u015ftiri \u015fi azi cu mare fric\u0103,<br \/>\nDe\u015fi au \u00eenceput s\u0103 se dezic\u0103<br \/>\nDe fantasmagoriile extreme,<br \/>\nC\u0103ci clo\u015fca \u00eenfiase de o vreme,<br \/>\nDe fapt, cinci pui pierdu\u0163i de o pisic\u0103.","protected":false},"excerpt":{"rendered":"<p>3&#8217;rd Prize &#8211; Grigore Chitul Moto: &#8220;Asul de trefl\u0103&#8221; Evolu\u0163ionism S-a scris \u00een pres\u0103 cum c\u0103 o g\u0103in\u0103 Ar fi n\u0103scut pui vii, cu patru labe, De-au le\u015finat subit vreo dou\u0103 babe, Trezite greu de SMURD cu-adrenalin\u0103. Au fost \u015fi comentarii mai neghioabe G\u0103sindu-se, la urm\u0103, chiar \u015fi-o vin\u0103: \u201eE clar, galinaceea-adulterin\u0103 A tras pe &hellip; <a href=\"https:\/\/www.umorlagurahumorului.ro\/en\/editii\/editia-32-2022\/premianti-poezie-2022\/premiul-3-grigore-chitul\/\" class=\"excerpt-link\">Read More<\/a><\/p>\n","protected":false},"author":1,"featured_media":0,"parent":10048,"menu_order":0,"comment_status":"closed","ping_status":"closed","template":"","meta":{"ngg_post_thumbnail":0,"footnotes":""},"class_list":["post-10072","page","type-page","status-publish","hentry"],"yoast_head":"<!-- This site is optimized with the Yoast SEO plugin v25.9 - https:\/\/yoast.com\/wordpress\/plugins\/seo\/ -->\n<title>3&#039;rd Prize - Grigore Chitul - Humour at .... Gura Humorului<\/title>\n<meta name=\"robots\" content=\"index, follow, max-snippet:-1, max-image-preview:large, max-video-preview:-1\" \/>\n<link rel=\"canonical\" href=\"https:\/\/www.umorlagurahumorului.ro\/editii\/editia-32-2022\/premianti-poezie-2022\/premiul-3-grigore-chitul\/\" \/>\n<meta property=\"og:locale\" content=\"en_US\" \/>\n<meta property=\"og:type\" content=\"article\" \/>\n<meta property=\"og:title\" content=\"[:ro]Premiul 3 - Grigore Chitul[:en]3&#039;rd Prize - Grigore Chitul[:] - Humour at .... Gura Humorului\" \/>\n<meta property=\"og:description\" content=\"3&#8217;rd Prize &#8211; Grigore Chitul Moto: &#8220;Asul de trefl\u0103&#8221; Evolu\u0163ionism S-a scris \u00een pres\u0103 cum c\u0103 o g\u0103in\u0103 Ar fi n\u0103scut pui vii, cu patru labe, De-au le\u015finat subit vreo dou\u0103 babe, Trezite greu de SMURD cu-adrenalin\u0103. Au fost \u015fi comentarii mai neghioabe G\u0103sindu-se, la urm\u0103, chiar \u015fi-o vin\u0103: \u201eE clar, galinaceea-adulterin\u0103 A tras pe &hellip; Read More\" \/>\n<meta property=\"og:url\" content=\"https:\/\/www.umorlagurahumorului.ro\/editii\/editia-32-2022\/premianti-poezie-2022\/premiul-3-grigore-chitul\/\" \/>\n<meta property=\"og:site_name\" content=\"Humour at .... Gura Humorului\" \/>\n<meta property=\"article:publisher\" content=\"https:\/\/www.facebook.com\/Umor-la-Gura-Humorului-Humour-at-Gura-Humorului-105184057924606\/\" \/>\n<meta name=\"twitter:card\" content=\"summary_large_image\" \/>\n<meta name=\"twitter:label1\" content=\"Est. reading time\" \/>\n\t<meta name=\"twitter:data1\" content=\"3 minutes\" \/>\n<script type=\"application\/ld+json\" class=\"yoast-schema-graph\">{\"@context\":\"https:\/\/schema.org\",\"@graph\":[{\"@type\":\"WebPage\",\"@id\":\"https:\/\/www.umorlagurahumorului.ro\/editii\/editia-32-2022\/premianti-poezie-2022\/premiul-3-grigore-chitul\/\",\"url\":\"https:\/\/www.umorlagurahumorului.ro\/editii\/editia-32-2022\/premianti-poezie-2022\/premiul-3-grigore-chitul\/\",\"name\":\"[:ro]Premiul 3 - Grigore Chitul[:en]3'rd Prize - Grigore Chitul[:] - Humour at .... Gura Humorului\",\"isPartOf\":{\"@id\":\"https:\/\/www.umorlagurahumorului.ro\/#website\"},\"datePublished\":\"2022-07-08T21:34:37+00:00\",\"breadcrumb\":{\"@id\":\"https:\/\/www.umorlagurahumorului.ro\/editii\/editia-32-2022\/premianti-poezie-2022\/premiul-3-grigore-chitul\/#breadcrumb\"},\"inLanguage\":\"en-US\",\"potentialAction\":[{\"@type\":\"ReadAction\",\"target\":[\"https:\/\/www.umorlagurahumorului.ro\/editii\/editia-32-2022\/premianti-poezie-2022\/premiul-3-grigore-chitul\/\"]}]},{\"@type\":\"BreadcrumbList\",\"@id\":\"https:\/\/www.umorlagurahumorului.ro\/editii\/editia-32-2022\/premianti-poezie-2022\/premiul-3-grigore-chitul\/#breadcrumb\",\"itemListElement\":[{\"@type\":\"ListItem\",\"position\":1,\"name\":\"Prima pagin\u0103\",\"item\":\"https:\/\/www.umorlagurahumorului.ro\/\"},{\"@type\":\"ListItem\",\"position\":2,\"name\":\"Editii\",\"item\":\"https:\/\/www.umorlagurahumorului.ro\/editii\/\"},{\"@type\":\"ListItem\",\"position\":3,\"name\":\"Editia 32 &#8211; 2022\",\"item\":\"https:\/\/www.umorlagurahumorului.ro\/editii\/editia-32-2022\/\"},{\"@type\":\"ListItem\",\"position\":4,\"name\":\"Premianti poezie 2022\",\"item\":\"https:\/\/www.umorlagurahumorului.ro\/editii\/editia-32-2022\/premianti-poezie-2022\/\"},{\"@type\":\"ListItem\",\"position\":5,\"name\":\"Premiul 3 &#8211; Grigore Chitul\"}]},{\"@type\":\"WebSite\",\"@id\":\"https:\/\/www.umorlagurahumorului.ro\/#website\",\"url\":\"https:\/\/www.umorlagurahumorului.ro\/\",\"name\":\"Umor la Gura Humorului\",\"description\":\"The International Festival of Cartoon and Humorous Literature\",\"publisher\":{\"@id\":\"https:\/\/www.umorlagurahumorului.ro\/#organization\"},\"potentialAction\":[{\"@type\":\"SearchAction\",\"target\":{\"@type\":\"EntryPoint\",\"urlTemplate\":\"https:\/\/www.umorlagurahumorului.ro\/?s={search_term_string}\"},\"query-input\":{\"@type\":\"PropertyValueSpecification\",\"valueRequired\":true,\"valueName\":\"search_term_string\"}}],\"inLanguage\":\"en-US\"},{\"@type\":\"Organization\",\"@id\":\"https:\/\/www.umorlagurahumorului.ro\/#organization\",\"name\":\"Festivalul Interna\u021bional de Grafic\u0103 Satiric\u0103 \u0219i Literatur\u0103 Umoristic\u0103 Umor la Gura Humorului\",\"url\":\"https:\/\/www.umorlagurahumorului.ro\/\",\"logo\":{\"@type\":\"ImageObject\",\"inLanguage\":\"en-US\",\"@id\":\"https:\/\/www.umorlagurahumorului.ro\/#\/schema\/logo\/image\/\",\"url\":\"https:\/\/www.umorlagurahumorului.ro\/wp-content\/uploads\/2020\/07\/umor-la-gura-humorului.jpg\",\"contentUrl\":\"https:\/\/www.umorlagurahumorului.ro\/wp-content\/uploads\/2020\/07\/umor-la-gura-humorului.jpg\",\"width\":618,\"height\":315,\"caption\":\"Festivalul Interna\u021bional de Grafic\u0103 Satiric\u0103 \u0219i Literatur\u0103 Umoristic\u0103 Umor la Gura Humorului\"},\"image\":{\"@id\":\"https:\/\/www.umorlagurahumorului.ro\/#\/schema\/logo\/image\/\"},\"sameAs\":[\"https:\/\/www.facebook.com\/Umor-la-Gura-Humorului-Humour-at-Gura-Humorului-105184057924606\/\"]}]}<\/script>\n<!-- \/ Yoast SEO plugin. -->","yoast_head_json":{"title":"[:ro]Premiul 3 - Grigore Chitul[:en]3'rd Prize - Grigore Chitul[:] - Humour at .... Gura Humorului","robots":{"index":"index","follow":"follow","max-snippet":"max-snippet:-1","max-image-preview":"max-image-preview:large","max-video-preview":"max-video-preview:-1"},"canonical":"https:\/\/www.umorlagurahumorului.ro\/editii\/editia-32-2022\/premianti-poezie-2022\/premiul-3-grigore-chitul\/","og_locale":"en_US","og_type":"article","og_title":"[:ro]Premiul 3 - Grigore Chitul[:en]3'rd Prize - Grigore Chitul[:] - Humour at .... Gura Humorului","og_description":"3&#8217;rd Prize &#8211; Grigore Chitul Moto: &#8220;Asul de trefl\u0103&#8221; Evolu\u0163ionism S-a scris \u00een pres\u0103 cum c\u0103 o g\u0103in\u0103 Ar fi n\u0103scut pui vii, cu patru labe, De-au le\u015finat subit vreo dou\u0103 babe, Trezite greu de SMURD cu-adrenalin\u0103. Au fost \u015fi comentarii mai neghioabe G\u0103sindu-se, la urm\u0103, chiar \u015fi-o vin\u0103: \u201eE clar, galinaceea-adulterin\u0103 A tras pe &hellip; Read More","og_url":"https:\/\/www.umorlagurahumorului.ro\/editii\/editia-32-2022\/premianti-poezie-2022\/premiul-3-grigore-chitul\/","og_site_name":"Humour at .... Gura Humorului","article_publisher":"https:\/\/www.facebook.com\/Umor-la-Gura-Humorului-Humour-at-Gura-Humorului-105184057924606\/","twitter_card":"summary_large_image","twitter_misc":{"Est. reading time":"3 minutes"},"schema":{"@context":"https:\/\/schema.org","@graph":[{"@type":"WebPage","@id":"https:\/\/www.umorlagurahumorului.ro\/editii\/editia-32-2022\/premianti-poezie-2022\/premiul-3-grigore-chitul\/","url":"https:\/\/www.umorlagurahumorului.ro\/editii\/editia-32-2022\/premianti-poezie-2022\/premiul-3-grigore-chitul\/","name":"[:ro]Premiul 3 - Grigore Chitul[:en]3'rd Prize - Grigore Chitul[:] - Humour at .... Gura Humorului","isPartOf":{"@id":"https:\/\/www.umorlagurahumorului.ro\/#website"},"datePublished":"2022-07-08T21:34:37+00:00","breadcrumb":{"@id":"https:\/\/www.umorlagurahumorului.ro\/editii\/editia-32-2022\/premianti-poezie-2022\/premiul-3-grigore-chitul\/#breadcrumb"},"inLanguage":"en-US","potentialAction":[{"@type":"ReadAction","target":["https:\/\/www.umorlagurahumorului.ro\/editii\/editia-32-2022\/premianti-poezie-2022\/premiul-3-grigore-chitul\/"]}]},{"@type":"BreadcrumbList","@id":"https:\/\/www.umorlagurahumorului.ro\/editii\/editia-32-2022\/premianti-poezie-2022\/premiul-3-grigore-chitul\/#breadcrumb","itemListElement":[{"@type":"ListItem","position":1,"name":"Prima pagin\u0103","item":"https:\/\/www.umorlagurahumorului.ro\/"},{"@type":"ListItem","position":2,"name":"Editii","item":"https:\/\/www.umorlagurahumorului.ro\/editii\/"},{"@type":"ListItem","position":3,"name":"Editia 32 &#8211; 2022","item":"https:\/\/www.umorlagurahumorului.ro\/editii\/editia-32-2022\/"},{"@type":"ListItem","position":4,"name":"Premianti poezie 2022","item":"https:\/\/www.umorlagurahumorului.ro\/editii\/editia-32-2022\/premianti-poezie-2022\/"},{"@type":"ListItem","position":5,"name":"Premiul 3 &#8211; Grigore Chitul"}]},{"@type":"WebSite","@id":"https:\/\/www.umorlagurahumorului.ro\/#website","url":"https:\/\/www.umorlagurahumorului.ro\/","name":"Umor la Gura Humorului","description":"The International Festival of Cartoon and Humorous Literature","publisher":{"@id":"https:\/\/www.umorlagurahumorului.ro\/#organization"},"potentialAction":[{"@type":"SearchAction","target":{"@type":"EntryPoint","urlTemplate":"https:\/\/www.umorlagurahumorului.ro\/?s={search_term_string}"},"query-input":{"@type":"PropertyValueSpecification","valueRequired":true,"valueName":"search_term_string"}}],"inLanguage":"en-US"},{"@type":"Organization","@id":"https:\/\/www.umorlagurahumorului.ro\/#organization","name":"Festivalul Interna\u021bional de Grafic\u0103 Satiric\u0103 \u0219i Literatur\u0103 Umoristic\u0103 Umor la Gura Humorului","url":"https:\/\/www.umorlagurahumorului.ro\/","logo":{"@type":"ImageObject","inLanguage":"en-US","@id":"https:\/\/www.umorlagurahumorului.ro\/#\/schema\/logo\/image\/","url":"https:\/\/www.umorlagurahumorului.ro\/wp-content\/uploads\/2020\/07\/umor-la-gura-humorului.jpg","contentUrl":"https:\/\/www.umorlagurahumorului.ro\/wp-content\/uploads\/2020\/07\/umor-la-gura-humorului.jpg","width":618,"height":315,"caption":"Festivalul Interna\u021bional de Grafic\u0103 Satiric\u0103 \u0219i Literatur\u0103 Umoristic\u0103 Umor la Gura Humorului"},"image":{"@id":"https:\/\/www.umorlagurahumorului.ro\/#\/schema\/logo\/image\/"},"sameAs":["https:\/\/www.facebook.com\/Umor-la-Gura-Humorului-Humour-at-Gura-Humorului-105184057924606\/"]}]}},"_links":{"self":[{"href":"https:\/\/www.umorlagurahumorului.ro\/en\/wp-json\/wp\/v2\/pages\/10072","targetHints":{"allow":["GET"]}}],"collection":[{"href":"https:\/\/www.umorlagurahumorului.ro\/en\/wp-json\/wp\/v2\/pages"}],"about":[{"href":"https:\/\/www.umorlagurahumorului.ro\/en\/wp-json\/wp\/v2\/types\/page"}],"author":[{"embeddable":true,"href":"https:\/\/www.umorlagurahumorului.ro\/en\/wp-json\/wp\/v2\/users\/1"}],"replies":[{"embeddable":true,"href":"https:\/\/www.umorlagurahumorului.ro\/en\/wp-json\/wp\/v2\/comments?post=10072"}],"version-history":[{"count":4,"href":"https:\/\/www.umorlagurahumorului.ro\/en\/wp-json\/wp\/v2\/pages\/10072\/revisions"}],"predecessor-version":[{"id":10076,"href":"https:\/\/www.umorlagurahumorului.ro\/en\/wp-json\/wp\/v2\/pages\/10072\/revisions\/10076"}],"up":[{"embeddable":true,"href":"https:\/\/www.umorlagurahumorului.ro\/en\/wp-json\/wp\/v2\/pages\/10048"}],"wp:attachment":[{"href":"https:\/\/www.umorlagurahumorului.ro\/en\/wp-json\/wp\/v2\/media?parent=10072"}],"curies":[{"name":"wp","href":"https:\/\/api.w.org\/{rel}","templated":true}]}}